{"id":161,"date":"2019-05-18T15:15:47","date_gmt":"2019-05-18T18:15:47","guid":{"rendered":"https:\/\/wp.ufpel.edu.br\/cdtec\/?page_id=161"},"modified":"2021-12-02T17:27:06","modified_gmt":"2021-12-02T20:27:06","slug":"eventos","status":"publish","type":"page","link":"https:\/\/wp.ufpel.edu.br\/cdtec\/eventos","title":{"rendered":"Eventos"},"content":{"rendered":"<ul>\n<li><a href=\"https:\/\/wp.ufpel.edu.br\/cdtec\/bancas-para-titular\">Bancas para Titular<\/a><\/li>\n<li><a href=\"https:\/\/www.youtube.com\/playlist?list=PL_RpzkdNcaq_1m_1Tte5UnmF-o23VFt73\" target=\"_blank\" rel=\"noopener\">Formaturas<\/a><\/li>\n<li><a href=\"https:\/\/wp.ufpel.edu.br\/cdtec\/eventos\/oficina-pg\">Oficina Pedag\u00f3gica de P\u00f3s-Gradua\u00e7\u00e3o<\/a><\/li>\n<\/ul>\n","protected":false},"excerpt":{"rendered":"<p>Bancas para Titular Formaturas Oficina Pedag\u00f3gica de P\u00f3s-Gradua\u00e7\u00e3o<\/p>\n","protected":false},"author":930,"featured_media":0,"parent":0,"menu_order":0,"comment_status":"closed","ping_status":"closed","template":"","meta":{"jetpack_post_was_ever_published":false,"footnotes":""},"class_list":["post-161","page","type-page","status-publish","hentry"],"jetpack_sharing_enabled":true,"jetpack_shortlink":"https:\/\/wp.me\/PaZFu0-2B","jetpack_likes_enabled":true,"_links":{"self":[{"href":"https:\/\/wp.ufpel.edu.br\/cdtec\/wp-json\/wp\/v2\/pages\/161","targetHints":{"allow":["GET"]}}],"collection":[{"href":"https:\/\/wp.ufpel.edu.br\/cdtec\/wp-json\/wp\/v2\/pages"}],"about":[{"href":"https:\/\/wp.ufpel.edu.br\/cdtec\/wp-json\/wp\/v2\/types\/page"}],"author":[{"embeddable":true,"href":"https:\/\/wp.ufpel.edu.br\/cdtec\/wp-json\/wp\/v2\/users\/930"}],"replies":[{"embeddable":true,"href":"https:\/\/wp.ufpel.edu.br\/cdtec\/wp-json\/wp\/v2\/comments?post=161"}],"version-history":[{"count":5,"href":"https:\/\/wp.ufpel.edu.br\/cdtec\/wp-json\/wp\/v2\/pages\/161\/revisions"}],"predecessor-version":[{"id":655,"href":"https:\/\/wp.ufpel.edu.br\/cdtec\/wp-json\/wp\/v2\/pages\/161\/revisions\/655"}],"wp:attachment":[{"href":"https:\/\/wp.ufpel.edu.br\/cdtec\/wp-json\/wp\/v2\/media?parent=161"}],"curies":[{"name":"wp","href":"https:\/\/api.w.org\/{rel}","templated":true}]}}