{"id":1297,"date":"2025-06-26T10:02:08","date_gmt":"2025-06-26T13:02:08","guid":{"rendered":"https:\/\/wp.ufpel.edu.br\/cdtec\/?page_id=1297"},"modified":"2025-06-26T10:02:08","modified_gmt":"2025-06-26T13:02:08","slug":"solicitacao-de-afastamento-a-servico-no-pais-e-do-pais","status":"publish","type":"page","link":"https:\/\/wp.ufpel.edu.br\/cdtec\/solicitacao-de-afastamento-a-servico-no-pais-e-do-pais","title":{"rendered":"Solicita\u00e7\u00e3o de Afastamento \u00e0 Servi\u00e7o no Pa\u00eds e do Pa\u00eds"},"content":{"rendered":"<div><b>Prazos:<\/b><\/div>\n<div>\n<ol>\n<li>Solicita\u00e7\u00e3o de Autoriza\u00e7\u00e3o\u00a0<b>para Afastamento do Pa\u00eds<\/b>:\u00a0Anteced\u00eancia no m\u00ednimo de\u00a0<b>40 dias do in\u00edcio da miss\u00e3o<\/b>.<\/li>\n<li><b>Viagem no pa\u00eds<\/b>: com anteced\u00eancia de\u00a0<b>no\u00a0m\u00ednimo 10 dias<em>\u00a0<\/em>antes\u00a0do in\u00edcio da miss\u00e3o\/viagem<\/b>, o n\u00facleo administrativo do CDTec deve ser informado da abertura e inclus\u00e3o completa da documenta\u00e7\u00e3o (e-mail:\u00a0<a href=\"mailto:cdtec@ufpel.edu.br\" target=\"_blank\" rel=\"noopener\">cdtec@ufpel.edu.br<\/a>).<\/li>\n<\/ol>\n<\/div>\n<div><\/div>\n<div><strong>TODAS as viagens a servi\u00e7o, independente do \u00f4nus, o servidor deve abrir processo no SEI com toda a documenta\u00e7\u00e3o exigida na legisla\u00e7\u00e3o.<\/strong><\/div>\n<div><\/div>\n<div>\n<div>Em anexo um documento com instru\u00e7\u00f5es para solicitar afastamento \u00e0 servi\u00e7o NO PA\u00cdS.<\/div>\n<div><strong>\u00a0<\/strong><\/div>\n<div>Para solicita\u00e7\u00e3o de autoriza\u00e7\u00e3o de afastamento do pa\u00eds, segue documento da base de conhecimento dispon\u00edvel no SEI.<\/div>\n<\/div>\n<div><\/div>\n<div><\/div>\n<div><a href=\"https:\/\/wp.ufpel.edu.br\/cdtec\/files\/2025\/06\/AFASTAMENTO-A-SERVICO-NO-PAIS-1.pdf\">AFASTAMENTO \u00c0 SERVI\u00c7O NO PA\u00cdS (1) <\/a><\/div>\n<div><\/div>\n<div><a href=\"https:\/\/wp.ufpel.edu.br\/cdtec\/files\/2025\/06\/Solicitacao-de-Autorizacao-para-Afastamento-do-Pais.pdf\">Solicita\u00e7\u00e3o-de-Autoriza\u00e7\u00e3o-para-Afastamento-do-Pa\u00eds<\/a><\/div>\n","protected":false},"excerpt":{"rendered":"<p>Prazos: Solicita\u00e7\u00e3o de Autoriza\u00e7\u00e3o\u00a0para Afastamento do Pa\u00eds:\u00a0Anteced\u00eancia no m\u00ednimo de\u00a040 dias do in\u00edcio da miss\u00e3o. Viagem no pa\u00eds: com anteced\u00eancia de\u00a0no\u00a0m\u00ednimo 10 dias\u00a0antes\u00a0do in\u00edcio da miss\u00e3o\/viagem, o n\u00facleo administrativo do CDTec deve ser informado da abertura e inclus\u00e3o completa da documenta\u00e7\u00e3o (e-mail:\u00a0cdtec@ufpel.edu.br). TODAS as viagens a servi\u00e7o, independente do \u00f4nus, o servidor deve abrir processo [&hellip;]<\/p>\n","protected":false},"author":930,"featured_media":0,"parent":0,"menu_order":0,"comment_status":"closed","ping_status":"closed","template":"","meta":{"jetpack_post_was_ever_published":false,"footnotes":""},"class_list":["post-1297","page","type-page","status-publish","hentry"],"jetpack_sharing_enabled":true,"jetpack_shortlink":"https:\/\/wp.me\/PaZFu0-kV","jetpack_likes_enabled":true,"_links":{"self":[{"href":"https:\/\/wp.ufpel.edu.br\/cdtec\/wp-json\/wp\/v2\/pages\/1297","targetHints":{"allow":["GET"]}}],"collection":[{"href":"https:\/\/wp.ufpel.edu.br\/cdtec\/wp-json\/wp\/v2\/pages"}],"about":[{"href":"https:\/\/wp.ufpel.edu.br\/cdtec\/wp-json\/wp\/v2\/types\/page"}],"author":[{"embeddable":true,"href":"https:\/\/wp.ufpel.edu.br\/cdtec\/wp-json\/wp\/v2\/users\/930"}],"replies":[{"embeddable":true,"href":"https:\/\/wp.ufpel.edu.br\/cdtec\/wp-json\/wp\/v2\/comments?post=1297"}],"version-history":[{"count":2,"href":"https:\/\/wp.ufpel.edu.br\/cdtec\/wp-json\/wp\/v2\/pages\/1297\/revisions"}],"predecessor-version":[{"id":1301,"href":"https:\/\/wp.ufpel.edu.br\/cdtec\/wp-json\/wp\/v2\/pages\/1297\/revisions\/1301"}],"wp:attachment":[{"href":"https:\/\/wp.ufpel.edu.br\/cdtec\/wp-json\/wp\/v2\/media?parent=1297"}],"curies":[{"name":"wp","href":"https:\/\/api.w.org\/{rel}","templated":true}]}}