{"id":106,"date":"2019-05-07T09:32:20","date_gmt":"2019-05-07T12:32:20","guid":{"rendered":"https:\/\/wp.ufpel.edu.br\/cdtec\/?page_id=106"},"modified":"2024-06-28T14:29:12","modified_gmt":"2024-06-28T17:29:12","slug":"redes-sociais","status":"publish","type":"page","link":"https:\/\/wp.ufpel.edu.br\/cdtec\/redes-sociais","title":{"rendered":"Redes Sociais"},"content":{"rendered":"<p>Utilize o formul\u00e1rio de <strong><a href=\"https:\/\/wp.ufpel.edu.br\/cdtec\/contato\/\">contato<\/a><\/strong> para inserir outros links de redes sociais nesta p\u00e1gina.<\/p>\n<h2>CDTec<\/h2>\n<ul>\n<li><a href=\"https:\/\/instagram.com\/cdtec.ufpel\" target=\"_blank\" rel=\"noopener\">Instagram<\/a><\/li>\n<li><a href=\"https:\/\/www.facebook.com\/cdtec.ufpel\/\" target=\"_blank\" rel=\"noopener noreferrer\">Facebook<\/a><\/li>\n<li><a href=\"https:\/\/www.youtube.com\/channel\/UCYRoKNgn7zppfsIKvO-qrvg\" target=\"_blank\" rel=\"noopener\">YouTube<\/a><\/li>\n<\/ul>\n<h2>Biotecnologia<\/h2>\n<ul>\n<li>Biotecnologia:<br \/>\n<a href=\"https:\/\/www.facebook.com\/groups\/307948939287692\/\" target=\"_blank\" rel=\"noopener noreferrer\">https:\/\/www.facebook.com\/groups\/307948939287692\/<\/a><\/li>\n<li>PPGBiotec:<br \/>\nFacebook: <a href=\"https:\/\/www.facebook.com\/ppgb.ufpel\" target=\"_blank\" rel=\"noopener noreferrer\">https:\/\/www.facebook.com\/ppgb.ufpel<\/a><br \/>\nInstagram: <a href=\"https:\/\/www.instagram.com\/ppgbiotec.ufpel\/\" target=\"_blank\" rel=\"noopener\">https:\/\/www.instagram.com\/ppgbiotec.ufpel\/<\/a><\/li>\n<li>Simp\u00f3sio de Biotecnologia:<br \/>\nFacebook: <a href=\"https:\/\/www.facebook.com\/simposiobiotec\/\" target=\"_blank\" rel=\"noopener noreferrer\">https:\/\/www.facebook.com\/simposiobiotec\/<\/a><br \/>\nInstagram: <a href=\"https:\/\/www.instagram.com\/simposiobiotec\/\" target=\"_blank\" rel=\"noopener\">https:\/\/www.instagram.com\/simposiobiotec\/<\/a><\/li>\n<\/ul>\n<h2>Computa\u00e7\u00e3o<\/h2>\n<ul>\n<li>Computa\u00e7\u00e3o:\n<ul>\n<li><a href=\"https:\/\/www.facebook.com\/groups\/computacao.ufpel\/\" target=\"_blank\" rel=\"noopener noreferrer\">Facebook<\/a><\/li>\n<li><a href=\"https:\/\/instagram.com\/computacao.ufpel\" target=\"_blank\" rel=\"noopener\">Instagram<\/a><\/li>\n<\/ul>\n<\/li>\n<li>Engenharia de Computa\u00e7\u00e3o: <a href=\"https:\/\/www.facebook.com\/groups\/ecomp.ufpel\/\" target=\"_blank\" rel=\"noopener noreferrer\">https:\/\/www.facebook.com\/groups\/ecomp.ufpel\/<\/a><\/li>\n<li>PPGC: <a href=\"https:\/\/www.facebook.com\/ppgcufpel\/\" target=\"_blank\" rel=\"noopener noreferrer\">https:\/\/www.facebook.com\/ppgcufpel\/<\/a><\/li>\n<li>SACOMP: <a href=\"https:\/\/www.facebook.com\/sacompufpel\/\" target=\"_blank\" rel=\"noopener noreferrer\">https:\/\/www.facebook.com\/sacompufpel\/<\/a><\/li>\n<li>Diret\u00f3rio Acad\u00eamico: <a href=\"https:\/\/www.facebook.com\/dabpcomp\/\" target=\"_blank\" rel=\"noopener noreferrer\">https:\/\/www.facebook.com\/dabpcomp\/<\/a><\/li>\n<li>Empresa J\u00fanior: <a href=\"https:\/\/www.facebook.com\/hutEight\/\" target=\"_blank\" rel=\"noopener noreferrer\">https:\/\/www.facebook.com\/hutEight\/<\/a><\/li>\n<\/ul>\n<h2>Engenharia de Materiais<\/h2>\n<ul>\n<li>Engenharia de Materiais: <a href=\"https:\/\/www.facebook.com\/EngMatUFPEL\/\" target=\"_blank\" rel=\"noopener noreferrer\">https:\/\/www.facebook.com\/EngMatUFPEL\/<\/a><\/li>\n<li>Grupo Engenharia de Materiais: <a href=\"https:\/\/www.facebook.com\/groups\/216739538378142\/\" target=\"_blank\" rel=\"noopener noreferrer\">https:\/\/www.facebook.com\/groups\/216739538378142\/<\/a><\/li>\n<li>Semana Acad\u00eamica: <a href=\"https:\/\/www.facebook.com\/semanaacademica.daengenhariademateriais\" target=\"_blank\" rel=\"noopener noreferrer\">https:\/\/www.facebook.com\/semanaacademica.daengenhariademateriais<\/a><\/li>\n<li>Diret\u00f3rio Acad\u00eamico: <a href=\"https:\/\/www.facebook.com\/DAEM.UFPel\/\" target=\"_blank\" rel=\"noopener noreferrer\">https:\/\/www.facebook.com\/DAEM.UFPel\/<\/a><\/li>\n<\/ul>\n<h2>Engenharia H\u00eddrica<\/h2>\n<ul>\n<li>Engenharia H\u00eddrica: <a href=\"https:\/\/www.facebook.com\/engenhariahidricaufpel\/\" target=\"_blank\" rel=\"noopener noreferrer\">https:\/\/www.facebook.com\/engenhariahidricaufpel\/<\/a><\/li>\n<li>Diret\u00f3rio Acad\u00eamico: <a href=\"https:\/\/www.facebook.com\/DAEHidrica\" target=\"_blank\" rel=\"noopener noreferrer\">https:\/\/www.facebook.com\/DAEHidrica<\/a><\/li>\n<li>Empresa J\u00fanior: <a href=\"https:\/\/www.facebook.com\/seaengenhariahidrica\/\" target=\"_blank\" rel=\"noopener noreferrer\">https:\/\/www.facebook.com\/seaengenhariahidrica\/<\/a><\/li>\n<\/ul>\n","protected":false},"excerpt":{"rendered":"<p>Utilize o formul\u00e1rio de contato para inserir outros links de redes sociais nesta p\u00e1gina. CDTec Instagram Facebook YouTube Biotecnologia Biotecnologia: https:\/\/www.facebook.com\/groups\/307948939287692\/ PPGBiotec: Facebook: https:\/\/www.facebook.com\/ppgb.ufpel Instagram: https:\/\/www.instagram.com\/ppgbiotec.ufpel\/ Simp\u00f3sio de Biotecnologia: Facebook: https:\/\/www.facebook.com\/simposiobiotec\/ Instagram: https:\/\/www.instagram.com\/simposiobiotec\/ Computa\u00e7\u00e3o Computa\u00e7\u00e3o: Facebook Instagram Engenharia de Computa\u00e7\u00e3o: https:\/\/www.facebook.com\/groups\/ecomp.ufpel\/ PPGC: https:\/\/www.facebook.com\/ppgcufpel\/ SACOMP: https:\/\/www.facebook.com\/sacompufpel\/ Diret\u00f3rio Acad\u00eamico: https:\/\/www.facebook.com\/dabpcomp\/ Empresa J\u00fanior: https:\/\/www.facebook.com\/hutEight\/ Engenharia de Materiais Engenharia [&hellip;]<\/p>\n","protected":false},"author":930,"featured_media":0,"parent":0,"menu_order":0,"comment_status":"closed","ping_status":"closed","template":"","meta":{"jetpack_post_was_ever_published":false,"footnotes":""},"class_list":["post-106","page","type-page","status-publish","hentry"],"jetpack_sharing_enabled":true,"jetpack_shortlink":"https:\/\/wp.me\/PaZFu0-1I","jetpack_likes_enabled":true,"_links":{"self":[{"href":"https:\/\/wp.ufpel.edu.br\/cdtec\/wp-json\/wp\/v2\/pages\/106","targetHints":{"allow":["GET"]}}],"collection":[{"href":"https:\/\/wp.ufpel.edu.br\/cdtec\/wp-json\/wp\/v2\/pages"}],"about":[{"href":"https:\/\/wp.ufpel.edu.br\/cdtec\/wp-json\/wp\/v2\/types\/page"}],"author":[{"embeddable":true,"href":"https:\/\/wp.ufpel.edu.br\/cdtec\/wp-json\/wp\/v2\/users\/930"}],"replies":[{"embeddable":true,"href":"https:\/\/wp.ufpel.edu.br\/cdtec\/wp-json\/wp\/v2\/comments?post=106"}],"version-history":[{"count":9,"href":"https:\/\/wp.ufpel.edu.br\/cdtec\/wp-json\/wp\/v2\/pages\/106\/revisions"}],"predecessor-version":[{"id":1152,"href":"https:\/\/wp.ufpel.edu.br\/cdtec\/wp-json\/wp\/v2\/pages\/106\/revisions\/1152"}],"wp:attachment":[{"href":"https:\/\/wp.ufpel.edu.br\/cdtec\/wp-json\/wp\/v2\/media?parent=106"}],"curies":[{"name":"wp","href":"https:\/\/api.w.org\/{rel}","templated":true}]}}