{"id":89,"date":"2016-03-10T10:43:15","date_gmt":"2016-03-10T13:43:15","guid":{"rendered":"https:\/\/wp.ufpel.edu.br\/cdshikida\/?page_id=89"},"modified":"2016-07-23T18:08:49","modified_gmt":"2016-07-23T21:08:49","slug":"publicacoes","status":"publish","type":"page","link":"https:\/\/wp.ufpel.edu.br\/cdshikida\/publicacoes\/","title":{"rendered":"Pesquisa"},"content":{"rendered":"<p>Para uma listagem completa (incluindo cap\u00edtulos de livros) das publica\u00e7\u00f5es, veja minha p\u00e1gina pessoal <a href=\"http:\/\/cdshikida.net\/pesquisa\/\" target=\"_blank\">aqui<\/a>. Para <em>working papers<\/em>, veja a p\u00e1gina do <a href=\"https:\/\/wp.ufpel.edu.br\/ppgom\/ensino\/working-papers\/\" target=\"_blank\">PPGOM<\/a>. Caso prefira, veja o meu <a href=\"http:\/\/lattes.cnpq.br\/7434691725600402\" target=\"_blank\">Lattes<\/a> ou meu perfil no <a href=\"https:\/\/scholar.google.com\/citations?user=rel-qI4AAAAJ&amp;hl=en\" target=\"_blank\"><em>Google Scholar<\/em><\/a>.<\/p>\n","protected":false},"excerpt":{"rendered":"<p>Para uma listagem completa (incluindo cap\u00edtulos de livros) das publica\u00e7\u00f5es, veja minha p\u00e1gina pessoal aqui. Para working papers, veja a p\u00e1gina do PPGOM. Caso prefira, veja o meu Lattes ou meu perfil no Google Scholar.<\/p>\n","protected":false},"author":612,"featured_media":0,"parent":0,"menu_order":5,"comment_status":"closed","ping_status":"closed","template":"","meta":{"footnotes":""},"class_list":["post-89","page","type-page","status-publish","hentry","nodate","item-wrap"],"_links":{"self":[{"href":"https:\/\/wp.ufpel.edu.br\/cdshikida\/wp-json\/wp\/v2\/pages\/89","targetHints":{"allow":["GET"]}}],"collection":[{"href":"https:\/\/wp.ufpel.edu.br\/cdshikida\/wp-json\/wp\/v2\/pages"}],"about":[{"href":"https:\/\/wp.ufpel.edu.br\/cdshikida\/wp-json\/wp\/v2\/types\/page"}],"author":[{"embeddable":true,"href":"https:\/\/wp.ufpel.edu.br\/cdshikida\/wp-json\/wp\/v2\/users\/612"}],"replies":[{"embeddable":true,"href":"https:\/\/wp.ufpel.edu.br\/cdshikida\/wp-json\/wp\/v2\/comments?post=89"}],"version-history":[{"count":8,"href":"https:\/\/wp.ufpel.edu.br\/cdshikida\/wp-json\/wp\/v2\/pages\/89\/revisions"}],"predecessor-version":[{"id":199,"href":"https:\/\/wp.ufpel.edu.br\/cdshikida\/wp-json\/wp\/v2\/pages\/89\/revisions\/199"}],"wp:attachment":[{"href":"https:\/\/wp.ufpel.edu.br\/cdshikida\/wp-json\/wp\/v2\/media?parent=89"}],"curies":[{"name":"wp","href":"https:\/\/api.w.org\/{rel}","templated":true}]}}