{"id":44,"date":"2016-03-10T10:00:54","date_gmt":"2016-03-10T13:00:54","guid":{"rendered":"https:\/\/wp.ufpel.edu.br\/cdshikida\/?page_id=44"},"modified":"2016-07-13T16:18:05","modified_gmt":"2016-07-13T19:18:05","slug":"outros","status":"publish","type":"page","link":"https:\/\/wp.ufpel.edu.br\/cdshikida\/outros\/","title":{"rendered":"Outros"},"content":{"rendered":"<p><strong>Categorias<\/strong><\/p>\n<p><strong>Humor<\/strong><\/p>\n<ul>\n<li>Clique aqui para fazer o <em><a href=\"https:\/\/wp.ufpel.edu.br\/cdshikida\/files\/2016\/03\/supereuler3.jpg\" target=\"_blank\">download<\/a><\/em> do melhor <em>puzzle<\/em> relaxante dos mestrandos de Economia.<\/li>\n<li><a href=\"http:\/\/cdshikida.net\/humor\/\" target=\"_blank\">Algumas m\u00fasicas famosas e outras manifesta\u00e7\u00f5es culturais de muito bom gosto<\/a>.<\/li>\n<li>A sala de aula como espa\u00e7o l\u00fadico <a href=\"https:\/\/goo.gl\/photos\/ieNE5J6QNTNv5pts8\" target=\"_blank\">(para mim&#8230;para voc\u00ea, j\u00e1 n\u00e3o sei)<\/a>.<\/li>\n<\/ul>\n<p>&nbsp;<\/p>\n","protected":false},"excerpt":{"rendered":"<p>Categorias Humor Clique aqui para fazer o download do melhor puzzle relaxante dos mestrandos de Economia. Algumas m\u00fasicas famosas e outras manifesta\u00e7\u00f5es culturais de muito bom gosto. A sala de aula como espa\u00e7o l\u00fadico (para mim&#8230;para voc\u00ea, j\u00e1 n\u00e3o sei). &nbsp;<\/p>\n","protected":false},"author":612,"featured_media":0,"parent":0,"menu_order":6,"comment_status":"closed","ping_status":"closed","template":"","meta":{"footnotes":""},"class_list":["post-44","page","type-page","status-publish","hentry","nodate","item-wrap"],"_links":{"self":[{"href":"https:\/\/wp.ufpel.edu.br\/cdshikida\/wp-json\/wp\/v2\/pages\/44","targetHints":{"allow":["GET"]}}],"collection":[{"href":"https:\/\/wp.ufpel.edu.br\/cdshikida\/wp-json\/wp\/v2\/pages"}],"about":[{"href":"https:\/\/wp.ufpel.edu.br\/cdshikida\/wp-json\/wp\/v2\/types\/page"}],"author":[{"embeddable":true,"href":"https:\/\/wp.ufpel.edu.br\/cdshikida\/wp-json\/wp\/v2\/users\/612"}],"replies":[{"embeddable":true,"href":"https:\/\/wp.ufpel.edu.br\/cdshikida\/wp-json\/wp\/v2\/comments?post=44"}],"version-history":[{"count":4,"href":"https:\/\/wp.ufpel.edu.br\/cdshikida\/wp-json\/wp\/v2\/pages\/44\/revisions"}],"predecessor-version":[{"id":192,"href":"https:\/\/wp.ufpel.edu.br\/cdshikida\/wp-json\/wp\/v2\/pages\/44\/revisions\/192"}],"wp:attachment":[{"href":"https:\/\/wp.ufpel.edu.br\/cdshikida\/wp-json\/wp\/v2\/media?parent=44"}],"curies":[{"name":"wp","href":"https:\/\/api.w.org\/{rel}","templated":true}]}}