{"id":291,"date":"2018-04-20T14:17:23","date_gmt":"2018-04-20T17:17:23","guid":{"rendered":"https:\/\/wp.ufpel.edu.br\/cdshikida\/?page_id=291"},"modified":"2018-04-20T14:17:23","modified_gmt":"2018-04-20T17:17:23","slug":"tecnicas-de-pesquisa-em-economia","status":"publish","type":"page","link":"https:\/\/wp.ufpel.edu.br\/cdshikida\/graduacao\/tecnicas-de-pesquisa-em-economia\/","title":{"rendered":"T\u00e9cnicas de Pesquisa em Economia"},"content":{"rendered":"<p>Disciplina dividida com o <a href=\"http:\/\/www.rodrigofernandez.com.br\/\" target=\"_blank\" rel=\"noopener\">prof. Rodrigo N. Fernandez<\/a>.<\/p>\n<p>Importante: etapas a serem cumpridas (com datas e regras): <a href=\"http:\/\/www.rodrigofernandez.com.br\/tpe\/plano_tpe_2018-1.pdf\" target=\"_blank\" rel=\"noopener\">aqui<\/a>.<\/p>\n<p>Dicas sobre honestidade acad\u00eamica e pl\u00e1gio: <a href=\"https:\/\/cdshikidadotnet.files.wordpress.com\/2017\/12\/2017-2-fiocruz-uerj-coppe-e-al-versc3a3o-final-30-11.pdf\" target=\"_blank\" rel=\"noopener\">aqui<\/a> (p.54-70).<\/p>\n<p>Alguns cap\u00edtulos do livro esgotado &#8211; organizado por Du\u00edlio A. B\u00earni &#8211; ser\u00e3o disponibilizados e s\u00e3o altamente recomendados para aqueles que sentem dificuldade em redigir um projeto cient\u00edfico <strong>bem como<\/strong> uma monografia.<\/p>\n<p>Dicas sobre como escrever uma boa monografia (uma monografia \u00e9, como uma tese ou disserta\u00e7\u00e3o, um trabalho cient\u00edfico):<\/p>\n<ol>\n<li>Imposturas Intelectuais &#8211; o abuso da ci\u00eancia pelos fil\u00f3sofos p\u00f3s-modernos (Alan Sokal &amp; Jean Bricmont). Ed. Record, 2006 (verifique a disponibilidade em bibliotecas ou em lojas de livros usados).<\/li>\n<li>Como se faz uma tese (Umberto Eco). Ed. Perspectiva, 1977 (encontra-se trechos fotocopiados na internet e, novamente, consulte a disponibilidade em bibliotecas ou em lojas de livros usados).<\/li>\n<li>T\u00e9cnicas Avan\u00e7adas de Sobreviv\u00eancia na Universidade (Leonardo M. Monasterio). Vide Editorial, 2017.<\/li>\n<li>Economical Writing (Deirdre McCloskey). Waveland, 2nd ed., 1999 (Um resumo do livro, \u00fatil, est\u00e1 <a href=\"http:\/\/stephenkinsella.net\/WordPress\/wp-content\/uploads\/2006\/12\/Economical%20Writing%20by%20Deirdre%20McCloskey.pdf\" target=\"_blank\" rel=\"noopener\">aqui<\/a>).<\/li>\n<\/ol>\n<p>Divertido: <a href=\"http:\/\/www.elsewhere.org\/journal\/pomo\/\" target=\"_blank\" rel=\"noopener\">como gerar textos sem sentido, embora pare\u00e7am s\u00e9rios<\/a> (inspirados no epis\u00f3dio de Sokal que originou o livro citado. A cada <em>reload<\/em>, a p\u00e1gina muda).<\/p>\n","protected":false},"excerpt":{"rendered":"<p>Disciplina dividida com o prof. Rodrigo N. Fernandez. Importante: etapas a serem cumpridas (com datas e regras): aqui. Dicas sobre honestidade acad\u00eamica e pl\u00e1gio: aqui (p.54-70). Alguns cap\u00edtulos do livro esgotado &#8211; organizado por Du\u00edlio A. B\u00earni &#8211; ser\u00e3o disponibilizados e s\u00e3o altamente recomendados para aqueles que sentem dificuldade em redigir um projeto cient\u00edfico bem &hellip; <\/p>\n<p><a class=\"more-link btn\" href=\"https:\/\/wp.ufpel.edu.br\/cdshikida\/graduacao\/tecnicas-de-pesquisa-em-economia\/\">Continue lendo<\/a><\/p>\n","protected":false},"author":612,"featured_media":0,"parent":2,"menu_order":0,"comment_status":"closed","ping_status":"closed","template":"","meta":{"footnotes":""},"class_list":["post-291","page","type-page","status-publish","hentry","nodate","item-wrap"],"_links":{"self":[{"href":"https:\/\/wp.ufpel.edu.br\/cdshikida\/wp-json\/wp\/v2\/pages\/291","targetHints":{"allow":["GET"]}}],"collection":[{"href":"https:\/\/wp.ufpel.edu.br\/cdshikida\/wp-json\/wp\/v2\/pages"}],"about":[{"href":"https:\/\/wp.ufpel.edu.br\/cdshikida\/wp-json\/wp\/v2\/types\/page"}],"author":[{"embeddable":true,"href":"https:\/\/wp.ufpel.edu.br\/cdshikida\/wp-json\/wp\/v2\/users\/612"}],"replies":[{"embeddable":true,"href":"https:\/\/wp.ufpel.edu.br\/cdshikida\/wp-json\/wp\/v2\/comments?post=291"}],"version-history":[{"count":2,"href":"https:\/\/wp.ufpel.edu.br\/cdshikida\/wp-json\/wp\/v2\/pages\/291\/revisions"}],"predecessor-version":[{"id":294,"href":"https:\/\/wp.ufpel.edu.br\/cdshikida\/wp-json\/wp\/v2\/pages\/291\/revisions\/294"}],"up":[{"embeddable":true,"href":"https:\/\/wp.ufpel.edu.br\/cdshikida\/wp-json\/wp\/v2\/pages\/2"}],"wp:attachment":[{"href":"https:\/\/wp.ufpel.edu.br\/cdshikida\/wp-json\/wp\/v2\/media?parent=291"}],"curies":[{"name":"wp","href":"https:\/\/api.w.org\/{rel}","templated":true}]}}