{"id":272,"date":"2018-03-05T08:03:45","date_gmt":"2018-03-05T11:03:45","guid":{"rendered":"https:\/\/wp.ufpel.edu.br\/cdshikida\/?page_id=272"},"modified":"2018-09-03T14:10:58","modified_gmt":"2018-09-03T17:10:58","slug":"economia-das-organizacoes-i","status":"publish","type":"page","link":"https:\/\/wp.ufpel.edu.br\/cdshikida\/pos-graduacao\/economia-das-organizacoes-i\/","title":{"rendered":"Economia das Organiza\u00e7\u00f5es I"},"content":{"rendered":"<p>A disciplina, no primeiro semestre de 2018, \u00e9 dividida com o professor Rodrigo N. Fernandez. Meu plano de aulas com detalhamento de datas e conte\u00fado (al\u00e9m de bibliografia preliminar e outras dicas) est\u00e1 <a href=\"https:\/\/wp.ufpel.edu.br\/cdshikida\/files\/2018\/03\/optativa_2018_CORRIGIDO.pdf\" target=\"_blank\" rel=\"noopener\">aqui<\/a>.<\/p>\n<p>Sobre a maximiza\u00e7\u00e3o de lucro <em>vs<\/em> a maximiza\u00e7\u00e3o da combina\u00e7\u00e3o linear de receita e lucro em um contexto hist\u00f3rico-institucional, meu exemplo favorito \u00e9 a compara\u00e7\u00e3o da <em>VOC<\/em> e da <em>EIC<\/em>. Eis as refer\u00eancias mais interessantes: (a) o artigo de Irwin pode ser obtido via Peri\u00f3dicos Capes (<a href=\"http:\/\/www-jstor-org.ez66.periodicos.capes.gov.br\/stable\/2937731?seq=1#page_scan_tab_contents\" target=\"_blank\" rel=\"noopener\">aqui<\/a>), (b) os artigos de Claudia Rei (<a href=\"https:\/\/link-springer-com.ez66.periodicos.capes.gov.br\/article\/10.1007\/s11698-011-0074-3\" target=\"_blank\" rel=\"noopener\">este<\/a>, <a href=\"https:\/\/www.sciencedirect.com\/science\/article\/abs\/pii\/S0014498310000483\" target=\"_blank\" rel=\"noopener\">este<\/a>, <a href=\"https:\/\/link-springer-com.ez66.periodicos.capes.gov.br\/article\/10.1007\/s11698-013-0093-3\" target=\"_blank\" rel=\"noopener\">este<\/a> e <a href=\"https:\/\/link-springer-com.ez66.periodicos.capes.gov.br\/article\/10.1007\/s11698-013-0100-8\" target=\"_blank\" rel=\"noopener\">este<\/a>) e, (c)\u00a0 <a href=\"https:\/\/academic.oup.com\/jleo\/article\/33\/2\/193\/3089484\" target=\"_blank\" rel=\"noopener\">este artigo de 2017<\/a> (atualizado em Set\/2018).<\/p>\n","protected":false},"excerpt":{"rendered":"<p>A disciplina, no primeiro semestre de 2018, \u00e9 dividida com o professor Rodrigo N. Fernandez. Meu plano de aulas com detalhamento de datas e conte\u00fado (al\u00e9m de bibliografia preliminar e outras dicas) est\u00e1 aqui. Sobre a maximiza\u00e7\u00e3o de lucro vs a maximiza\u00e7\u00e3o da combina\u00e7\u00e3o linear de receita e lucro em um contexto hist\u00f3rico-institucional, meu exemplo &hellip; <\/p>\n<p><a class=\"more-link btn\" href=\"https:\/\/wp.ufpel.edu.br\/cdshikida\/pos-graduacao\/economia-das-organizacoes-i\/\">Continue lendo<\/a><\/p>\n","protected":false},"author":612,"featured_media":0,"parent":11,"menu_order":0,"comment_status":"closed","ping_status":"closed","template":"","meta":{"footnotes":""},"class_list":["post-272","page","type-page","status-publish","hentry","nodate","item-wrap"],"_links":{"self":[{"href":"https:\/\/wp.ufpel.edu.br\/cdshikida\/wp-json\/wp\/v2\/pages\/272","targetHints":{"allow":["GET"]}}],"collection":[{"href":"https:\/\/wp.ufpel.edu.br\/cdshikida\/wp-json\/wp\/v2\/pages"}],"about":[{"href":"https:\/\/wp.ufpel.edu.br\/cdshikida\/wp-json\/wp\/v2\/types\/page"}],"author":[{"embeddable":true,"href":"https:\/\/wp.ufpel.edu.br\/cdshikida\/wp-json\/wp\/v2\/users\/612"}],"replies":[{"embeddable":true,"href":"https:\/\/wp.ufpel.edu.br\/cdshikida\/wp-json\/wp\/v2\/comments?post=272"}],"version-history":[{"count":8,"href":"https:\/\/wp.ufpel.edu.br\/cdshikida\/wp-json\/wp\/v2\/pages\/272\/revisions"}],"predecessor-version":[{"id":321,"href":"https:\/\/wp.ufpel.edu.br\/cdshikida\/wp-json\/wp\/v2\/pages\/272\/revisions\/321"}],"up":[{"embeddable":true,"href":"https:\/\/wp.ufpel.edu.br\/cdshikida\/wp-json\/wp\/v2\/pages\/11"}],"wp:attachment":[{"href":"https:\/\/wp.ufpel.edu.br\/cdshikida\/wp-json\/wp\/v2\/media?parent=272"}],"curies":[{"name":"wp","href":"https:\/\/api.w.org\/{rel}","templated":true}]}}