{"id":223,"date":"2016-10-16T11:11:50","date_gmt":"2016-10-16T13:11:50","guid":{"rendered":"https:\/\/wp.ufpel.edu.br\/cdshikida\/?page_id=223"},"modified":"2016-10-16T12:10:24","modified_gmt":"2016-10-16T14:10:24","slug":"apostilarstudio","status":"publish","type":"page","link":"https:\/\/wp.ufpel.edu.br\/cdshikida\/apostilarstudio\/","title":{"rendered":"apostilaRStudio"},"content":{"rendered":"<p><strong><em>Bem-vindo ao mundo do R!<\/em><\/strong><\/p>\n<p>Esta \u00e9 a p\u00e1gina da apostila de Econometria Aplicada em R\/RStudio, de autoria dos professores Cl\u00e1udio D. Shikida e Rodrigo N. Fernandez, ambos do PPGOM-UFPel.<\/p>\n<p>O material disponibilizado a seguir est\u00e1 sujeito a corre\u00e7\u00f5es e altera\u00e7\u00f5es ao longo do tempo. Leitores e leitoras s\u00e3o convidados a testar o material e a sugerir altera\u00e7\u00f5es, bem como a nos enviar erros que, porventura, encontrem na apostila. Para contato, use meu endere\u00e7o de <em>email<\/em>: <strong><em>claudio<\/em><\/strong><em> dot <strong>shikida<\/strong> at <strong>ufpel <\/strong>dot <strong>edu<\/strong> dot <strong>br<\/strong> . <\/em>(ou: <em><strong>claudio <\/strong>ponto <strong>shikida <\/strong>arroba\u00a0<strong>ufpel <\/strong>ponto <strong>edu<\/strong> ponto <strong>br<\/strong><\/em>).<\/p>\n<p>Para t\u00f3picos mais avan\u00e7ados em R, sugerimos a visita \u00e0 p\u00e1gina do <a href=\"http:\/\/regisely.com\/\" target=\"_blank\">prof. Regis A. Ely<\/a>.<\/p>\n<p><strong><em>Material disponibilizado nesta p\u00e1gina<\/em><\/strong><\/p>\n<ul>\n<li><a href=\"https:\/\/wp.ufpel.edu.br\/cdshikida\/files\/2016\/10\/MinicursoEconometriaRStudio.pdf\" target=\"_blank\">Apostila (profs. C.D.Shikida e R.N. Fernandez)<\/a><\/li>\n<li><a href=\"https:\/\/wp.ufpel.edu.br\/cdshikida\/files\/2016\/10\/planilhas_apostila.zip\">Planilhas (arquivo compactado)<\/a><\/li>\n<\/ul>\n<p>Boa divers\u00e3o com a Econometria Aplicada e, claro, com o R e o RStudio!<\/p>\n<p>&nbsp;<\/p>\n","protected":false},"excerpt":{"rendered":"<p>Bem-vindo ao mundo do R! Esta \u00e9 a p\u00e1gina da apostila de Econometria Aplicada em R\/RStudio, de autoria dos professores Cl\u00e1udio D. Shikida e Rodrigo N. Fernandez, ambos do PPGOM-UFPel. O material disponibilizado a seguir est\u00e1 sujeito a corre\u00e7\u00f5es e altera\u00e7\u00f5es ao longo do tempo. Leitores e leitoras s\u00e3o convidados a testar o material e &hellip; <\/p>\n<p><a class=\"more-link btn\" href=\"https:\/\/wp.ufpel.edu.br\/cdshikida\/apostilarstudio\/\">Continue lendo<\/a><\/p>\n","protected":false},"author":612,"featured_media":0,"parent":0,"menu_order":0,"comment_status":"closed","ping_status":"closed","template":"","meta":{"footnotes":""},"class_list":["post-223","page","type-page","status-publish","hentry","nodate","item-wrap"],"_links":{"self":[{"href":"https:\/\/wp.ufpel.edu.br\/cdshikida\/wp-json\/wp\/v2\/pages\/223","targetHints":{"allow":["GET"]}}],"collection":[{"href":"https:\/\/wp.ufpel.edu.br\/cdshikida\/wp-json\/wp\/v2\/pages"}],"about":[{"href":"https:\/\/wp.ufpel.edu.br\/cdshikida\/wp-json\/wp\/v2\/types\/page"}],"author":[{"embeddable":true,"href":"https:\/\/wp.ufpel.edu.br\/cdshikida\/wp-json\/wp\/v2\/users\/612"}],"replies":[{"embeddable":true,"href":"https:\/\/wp.ufpel.edu.br\/cdshikida\/wp-json\/wp\/v2\/comments?post=223"}],"version-history":[{"count":4,"href":"https:\/\/wp.ufpel.edu.br\/cdshikida\/wp-json\/wp\/v2\/pages\/223\/revisions"}],"predecessor-version":[{"id":237,"href":"https:\/\/wp.ufpel.edu.br\/cdshikida\/wp-json\/wp\/v2\/pages\/223\/revisions\/237"}],"wp:attachment":[{"href":"https:\/\/wp.ufpel.edu.br\/cdshikida\/wp-json\/wp\/v2\/media?parent=223"}],"curies":[{"name":"wp","href":"https:\/\/api.w.org\/{rel}","templated":true}]}}