{"id":2,"date":"2016-02-12T11:39:06","date_gmt":"2016-02-12T11:39:06","guid":{"rendered":"https:\/\/wp.ufpel.edu.br\/cdshikida\/?page_id=2"},"modified":"2016-07-12T12:45:52","modified_gmt":"2016-07-12T15:45:52","slug":"graduacao","status":"publish","type":"page","link":"https:\/\/wp.ufpel.edu.br\/cdshikida\/graduacao\/","title":{"rendered":"Gradua\u00e7\u00e3o"},"content":{"rendered":"<p><strong>2016.I<\/strong><\/p>\n<p><a href=\"https:\/\/wp.ufpel.edu.br\/cdshikida\/pagina-exemplo\/microeconomia-iii\/\" target=\"_blank\">Microeconomia III<\/a><br \/>\nIntrodu\u00e7\u00e3o \u00e0 Teoria Econ\u00f4mica<\/p>\n<p><strong>2016.II<\/strong><\/p>\n<p>Microeconomia II (aguarde)<br \/>\nForma\u00e7\u00e3o Social, Pol\u00edtica e Econ\u00f4mica do Brasil (aguarde)<\/p>\n","protected":false},"excerpt":{"rendered":"<p>2016.I Microeconomia III Introdu\u00e7\u00e3o \u00e0 Teoria Econ\u00f4mica 2016.II Microeconomia II (aguarde) Forma\u00e7\u00e3o Social, Pol\u00edtica e Econ\u00f4mica do Brasil (aguarde)<\/p>\n","protected":false},"author":612,"featured_media":0,"parent":0,"menu_order":3,"comment_status":"closed","ping_status":"closed","template":"","meta":{"footnotes":""},"class_list":["post-2","page","type-page","status-publish","hentry","nodate","item-wrap"],"_links":{"self":[{"href":"https:\/\/wp.ufpel.edu.br\/cdshikida\/wp-json\/wp\/v2\/pages\/2","targetHints":{"allow":["GET"]}}],"collection":[{"href":"https:\/\/wp.ufpel.edu.br\/cdshikida\/wp-json\/wp\/v2\/pages"}],"about":[{"href":"https:\/\/wp.ufpel.edu.br\/cdshikida\/wp-json\/wp\/v2\/types\/page"}],"author":[{"embeddable":true,"href":"https:\/\/wp.ufpel.edu.br\/cdshikida\/wp-json\/wp\/v2\/users\/612"}],"replies":[{"embeddable":true,"href":"https:\/\/wp.ufpel.edu.br\/cdshikida\/wp-json\/wp\/v2\/comments?post=2"}],"version-history":[{"count":4,"href":"https:\/\/wp.ufpel.edu.br\/cdshikida\/wp-json\/wp\/v2\/pages\/2\/revisions"}],"predecessor-version":[{"id":176,"href":"https:\/\/wp.ufpel.edu.br\/cdshikida\/wp-json\/wp\/v2\/pages\/2\/revisions\/176"}],"wp:attachment":[{"href":"https:\/\/wp.ufpel.edu.br\/cdshikida\/wp-json\/wp\/v2\/media?parent=2"}],"curies":[{"name":"wp","href":"https:\/\/api.w.org\/{rel}","templated":true}]}}