{"id":181,"date":"2016-07-12T12:49:36","date_gmt":"2016-07-12T15:49:36","guid":{"rendered":"https:\/\/wp.ufpel.edu.br\/cdshikida\/?page_id=181"},"modified":"2018-08-30T12:34:26","modified_gmt":"2018-08-30T15:34:26","slug":"microeconomia-ii","status":"publish","type":"page","link":"https:\/\/wp.ufpel.edu.br\/cdshikida\/graduacao\/microeconomia-ii\/","title":{"rendered":"Microeconomia II"},"content":{"rendered":"<p><a href=\"https:\/\/ava.ufpel.edu.br\/pre\/course\/view.php?id=1840\" target=\"_blank\" rel=\"noopener\">A p\u00e1gina do curso est\u00e1 aqui (acesso apenas aos matriculados)<\/a>. (conte\u00fado desatualizado)<\/p>\n","protected":false},"excerpt":{"rendered":"<p>A p\u00e1gina do curso est\u00e1 aqui (acesso apenas aos matriculados). (conte\u00fado desatualizado)<\/p>\n","protected":false},"author":612,"featured_media":0,"parent":2,"menu_order":0,"comment_status":"closed","ping_status":"closed","template":"","meta":{"footnotes":""},"class_list":["post-181","page","type-page","status-publish","hentry","nodate","item-wrap"],"_links":{"self":[{"href":"https:\/\/wp.ufpel.edu.br\/cdshikida\/wp-json\/wp\/v2\/pages\/181","targetHints":{"allow":["GET"]}}],"collection":[{"href":"https:\/\/wp.ufpel.edu.br\/cdshikida\/wp-json\/wp\/v2\/pages"}],"about":[{"href":"https:\/\/wp.ufpel.edu.br\/cdshikida\/wp-json\/wp\/v2\/types\/page"}],"author":[{"embeddable":true,"href":"https:\/\/wp.ufpel.edu.br\/cdshikida\/wp-json\/wp\/v2\/users\/612"}],"replies":[{"embeddable":true,"href":"https:\/\/wp.ufpel.edu.br\/cdshikida\/wp-json\/wp\/v2\/comments?post=181"}],"version-history":[{"count":4,"href":"https:\/\/wp.ufpel.edu.br\/cdshikida\/wp-json\/wp\/v2\/pages\/181\/revisions"}],"predecessor-version":[{"id":318,"href":"https:\/\/wp.ufpel.edu.br\/cdshikida\/wp-json\/wp\/v2\/pages\/181\/revisions\/318"}],"up":[{"embeddable":true,"href":"https:\/\/wp.ufpel.edu.br\/cdshikida\/wp-json\/wp\/v2\/pages\/2"}],"wp:attachment":[{"href":"https:\/\/wp.ufpel.edu.br\/cdshikida\/wp-json\/wp\/v2\/media?parent=181"}],"curies":[{"name":"wp","href":"https:\/\/api.w.org\/{rel}","templated":true}]}}