{"id":178,"date":"2016-07-12T12:48:36","date_gmt":"2016-07-12T15:48:36","guid":{"rendered":"https:\/\/wp.ufpel.edu.br\/cdshikida\/?page_id=178"},"modified":"2018-08-30T12:25:52","modified_gmt":"2018-08-30T15:25:52","slug":"macroeconomia-2a-parte","status":"publish","type":"page","link":"https:\/\/wp.ufpel.edu.br\/cdshikida\/pos-graduacao\/macroeconomia-2a-parte\/","title":{"rendered":"Macroeconomia (2a parte)"},"content":{"rendered":"<p>2018.II<\/p>\n<p>Neste semestre, o t\u00f3pico de Equa\u00e7\u00f5es Diferenciais Ordin\u00e1rias (1a, 2a ordem e sistemas) foi visto em <a href=\"https:\/\/wp.ufpel.edu.br\/cdshikida\/pos-graduacao\/matematica-ii\/\" target=\"_blank\" rel=\"noopener\">Matem\u00e1tica II<\/a>. Assim, a programa\u00e7\u00e3o segue tal como em 2017.II, exceto pela revis\u00e3o inicial.<\/p>\n<p>Em termos de avalia\u00e7\u00e3o, neste semestre, teremos o sorteio de exerc\u00edcios do manual de respostas do livro-texto para solu\u00e7\u00e3o em aula (sorteio similar ao feito pelo prof. Regis na primeira parte do curso, com pontua\u00e7\u00e3o seguindo regras tamb\u00e9m similares) e uma avalia\u00e7\u00e3o (prova escrita).<\/p>\n<p>Exerc\u00edcios apenas para sua auto-checagem (n\u00e3o ser\u00e3o cobrados, mas ajudam no &#8220;aquecimento&#8221;)<\/p>\n<p><a href=\"https:\/\/wp.ufpel.edu.br\/cdshikida\/files\/2016\/07\/Introdu\u00e7\u00e3o-\u00e0-Est\u00e1tica-Comparativa.pdf\" target=\"_blank\" rel=\"noopener\">Revis\u00e3o de Est\u00e1tica Comparativa (n\u00edvel b\u00e1sico-intermedi\u00e1rio)<\/a><\/p>\n<p><a href=\"https:\/\/wp.ufpel.edu.br\/cdshikida\/files\/2016\/07\/Est\u00e1tica-Comparativa-e-Introdu\u00e7\u00e3o-\u00e0s-Equa\u00e7\u00f5es-Diferenciais.pdf\" target=\"_blank\" rel=\"noopener\">Est\u00e1tica Comparativa (n\u00edvel intermedi\u00e1rio)<\/a><\/p>\n<p>Exerc\u00edcios relativos ao conte\u00fado <em>per se<\/em><\/p>\n<p><a href=\"https:\/\/wp.ufpel.edu.br\/cdshikida\/files\/2016\/07\/exercicios_modeloRCK.pdf\" target=\"_blank\" rel=\"noopener\">Exerc\u00edcios relativos ao modelo Ramsey-Cass-Koopmans<\/a><\/p>\n<p><a href=\"https:\/\/wp.ufpel.edu.br\/cdshikida\/files\/2016\/07\/Exercicios-Diamond-Samuelson.pdf\" target=\"_blank\" rel=\"noopener\">Exerc\u00edcios para Modelo de Gera\u00e7\u00f5es Superpostas<\/a><\/p>\n<p><a href=\"https:\/\/wp.ufpel.edu.br\/cdshikida\/files\/2016\/07\/Exercicios-New-Keynesian.pdf\" target=\"_blank\" rel=\"noopener\">Exerc\u00edcios para Economia Novo-Keynesiana<\/a><\/p>\n<p>&nbsp;<\/p>\n<p>2017.II<\/p>\n<p>Um breve resumo da minha parte <a href=\"https:\/\/wp.ufpel.edu.br\/cdshikida\/files\/2016\/07\/referencias_2017.pdf\" target=\"_blank\" rel=\"noopener\">aqui<\/a>. As instru\u00e7\u00f5es do prof. Regis s\u00e3o as mesmas do ano passado.<\/p>\n<p><a href=\"https:\/\/wp.ufpel.edu.br\/cdshikida\/files\/2016\/07\/Introdu\u00e7\u00e3o-\u00e0-Est\u00e1tica-Comparativa.pdf\" target=\"_blank\" rel=\"noopener\">Revis\u00e3o de Est\u00e1tica Comparativa (n\u00edvel b\u00e1sico-intermedi\u00e1rio)<\/a><\/p>\n<p>Exerc\u00edcios de Revis\u00e3o de EDO (enviados ao mestrando Silvio para repasse)<\/p>\n<p><a href=\"https:\/\/wp.ufpel.edu.br\/cdshikida\/files\/2016\/07\/Est\u00e1tica-Comparativa-e-Introdu\u00e7\u00e3o-\u00e0s-Equa\u00e7\u00f5es-Diferenciais.pdf\" target=\"_blank\" rel=\"noopener\">Est\u00e1tica Comparativa (n\u00edvel intermedi\u00e1rio)<\/a><\/p>\n<p><a href=\"https:\/\/wp.ufpel.edu.br\/cdshikida\/files\/2017\/10\/Exercicio-Sistemas-Eq-Dif.pdf\" target=\"_blank\" rel=\"noopener\">Sistemas de Equa\u00e7\u00f5es Diferenciais (n\u00edvel b\u00e1sico)<\/a><\/p>\n<p><a href=\"https:\/\/wp.ufpel.edu.br\/cdshikida\/files\/2016\/07\/equacoes_dif_e_controle_otimo.pdf\" target=\"_blank\" rel=\"noopener\">Mais Sistemas de Equa\u00e7\u00f5es Diferenciais e Controle \u00d3timo<\/a><\/p>\n<p><a href=\"https:\/\/wp.ufpel.edu.br\/cdshikida\/files\/2016\/07\/exercicios_modeloRCK.pdf\" target=\"_blank\" rel=\"noopener\">Exerc\u00edcios relativos ao modelo Ramsey-Cass-Koopmans<\/a><\/p>\n<p><a href=\"https:\/\/wp.ufpel.edu.br\/cdshikida\/files\/2016\/07\/Exercicios-Diamond-Samuelson.pdf\" target=\"_blank\" rel=\"noopener\">Exerc\u00edcios para Modelo de Gera\u00e7\u00f5es Superpostas<\/a><\/p>\n<p><a href=\"https:\/\/wp.ufpel.edu.br\/cdshikida\/files\/2016\/07\/Exercicios-New-Keynesian.pdf\" target=\"_blank\" rel=\"noopener\">Exerc\u00edcios para Economia Novo-Keynesiana<\/a><\/p>\n<p>2016.II<\/p>\n<p>Macroeconomia (1a parte: <a href=\"http:\/\/regisely.com\/\" target=\"_blank\" rel=\"noopener\">prof. Regis A. Ely<\/a>, 2a parte: prof. C.D. Shikida &#8211; a ementa est\u00e1 <a href=\"http:\/\/regisely.com\/files\/macro-ementa.pdf\" target=\"_blank\" rel=\"noopener\">aqui<\/a>\u00a0e minha parte come\u00e7a no t\u00f3pico 4.6)<\/p>\n","protected":false},"excerpt":{"rendered":"<p>2018.II Neste semestre, o t\u00f3pico de Equa\u00e7\u00f5es Diferenciais Ordin\u00e1rias (1a, 2a ordem e sistemas) foi visto em Matem\u00e1tica II. Assim, a programa\u00e7\u00e3o segue tal como em 2017.II, exceto pela revis\u00e3o inicial. Em termos de avalia\u00e7\u00e3o, neste semestre, teremos o sorteio de exerc\u00edcios do manual de respostas do livro-texto para solu\u00e7\u00e3o em aula (sorteio similar ao &hellip; <\/p>\n<p><a class=\"more-link btn\" href=\"https:\/\/wp.ufpel.edu.br\/cdshikida\/pos-graduacao\/macroeconomia-2a-parte\/\">Continue lendo<\/a><\/p>\n","protected":false},"author":612,"featured_media":0,"parent":11,"menu_order":0,"comment_status":"closed","ping_status":"closed","template":"","meta":{"footnotes":""},"class_list":["post-178","page","type-page","status-publish","hentry","nodate","item-wrap"],"_links":{"self":[{"href":"https:\/\/wp.ufpel.edu.br\/cdshikida\/wp-json\/wp\/v2\/pages\/178","targetHints":{"allow":["GET"]}}],"collection":[{"href":"https:\/\/wp.ufpel.edu.br\/cdshikida\/wp-json\/wp\/v2\/pages"}],"about":[{"href":"https:\/\/wp.ufpel.edu.br\/cdshikida\/wp-json\/wp\/v2\/types\/page"}],"author":[{"embeddable":true,"href":"https:\/\/wp.ufpel.edu.br\/cdshikida\/wp-json\/wp\/v2\/users\/612"}],"replies":[{"embeddable":true,"href":"https:\/\/wp.ufpel.edu.br\/cdshikida\/wp-json\/wp\/v2\/comments?post=178"}],"version-history":[{"count":12,"href":"https:\/\/wp.ufpel.edu.br\/cdshikida\/wp-json\/wp\/v2\/pages\/178\/revisions"}],"predecessor-version":[{"id":312,"href":"https:\/\/wp.ufpel.edu.br\/cdshikida\/wp-json\/wp\/v2\/pages\/178\/revisions\/312"}],"up":[{"embeddable":true,"href":"https:\/\/wp.ufpel.edu.br\/cdshikida\/wp-json\/wp\/v2\/pages\/11"}],"wp:attachment":[{"href":"https:\/\/wp.ufpel.edu.br\/cdshikida\/wp-json\/wp\/v2\/media?parent=178"}],"curies":[{"name":"wp","href":"https:\/\/api.w.org\/{rel}","templated":true}]}}