{"id":121,"date":"2016-04-08T14:52:03","date_gmt":"2016-04-08T17:52:03","guid":{"rendered":"https:\/\/wp.ufpel.edu.br\/cdshikida\/?page_id=121"},"modified":"2016-04-08T14:52:03","modified_gmt":"2016-04-08T17:52:03","slug":"pagina-brasileira-do-easyreg","status":"publish","type":"page","link":"https:\/\/wp.ufpel.edu.br\/cdshikida\/pagina-brasileira-do-easyreg\/","title":{"rendered":"P\u00e1gina Brasileira do EasyReg"},"content":{"rendered":"<p>Bem-vindo ao novo portal do EasyReg no Brasil, agora sediado na UFPel. O <em>EasyReg<\/em> \u00e9 um programa econom\u00e9trico de c\u00f3digo aberto desenvolvido pelo <a href=\"http:\/\/www.personal.psu.edu\/hxb11\/\" target=\"_blank\">prof. Herman J. Bierens<\/a>, atualmente professor em\u00e9rito da <em>Penn State University<\/em>.<\/p>\n<p>O <em>EasyReg<\/em> tem v\u00e1rias op\u00e7\u00f5es interessantes para a pr\u00e1tica econom\u00e9trica.<\/p>\n<p><strong>Instala\u00e7\u00e3o<\/strong><\/p>\n<p>Fa\u00e7a o <em>download<\/em> do arquivo abaixo e fa\u00e7a sua descompacta\u00e7\u00e3o. Em seguida, execute o programa para instalar o <em>EasyReg<\/em> em seu computador.<\/p>\n<p><a href=\"https:\/\/wp.ufpel.edu.br\/cdshikida\/files\/2016\/04\/ERI_INST.zip\" rel=\"\">ERI_INST<\/a><\/p>\n<p>Para maiores informa\u00e7\u00f5es, veja <a href=\"http:\/\/www.personal.psu.edu\/hxb11\/EASYREG.HTM\" target=\"_blank\">a p\u00e1gina do EasyReg<\/a>.<\/p>\n","protected":false},"excerpt":{"rendered":"<p>Bem-vindo ao novo portal do EasyReg no Brasil, agora sediado na UFPel. O EasyReg \u00e9 um programa econom\u00e9trico de c\u00f3digo aberto desenvolvido pelo prof. Herman J. Bierens, atualmente professor em\u00e9rito da Penn State University. O EasyReg tem v\u00e1rias op\u00e7\u00f5es interessantes para a pr\u00e1tica econom\u00e9trica. Instala\u00e7\u00e3o Fa\u00e7a o download do arquivo abaixo e fa\u00e7a sua descompacta\u00e7\u00e3o. &hellip; <\/p>\n<p><a class=\"more-link btn\" href=\"https:\/\/wp.ufpel.edu.br\/cdshikida\/pagina-brasileira-do-easyreg\/\">Continue lendo<\/a><\/p>\n","protected":false},"author":612,"featured_media":0,"parent":0,"menu_order":0,"comment_status":"closed","ping_status":"closed","template":"","meta":{"footnotes":""},"class_list":["post-121","page","type-page","status-publish","hentry","nodate","item-wrap"],"_links":{"self":[{"href":"https:\/\/wp.ufpel.edu.br\/cdshikida\/wp-json\/wp\/v2\/pages\/121","targetHints":{"allow":["GET"]}}],"collection":[{"href":"https:\/\/wp.ufpel.edu.br\/cdshikida\/wp-json\/wp\/v2\/pages"}],"about":[{"href":"https:\/\/wp.ufpel.edu.br\/cdshikida\/wp-json\/wp\/v2\/types\/page"}],"author":[{"embeddable":true,"href":"https:\/\/wp.ufpel.edu.br\/cdshikida\/wp-json\/wp\/v2\/users\/612"}],"replies":[{"embeddable":true,"href":"https:\/\/wp.ufpel.edu.br\/cdshikida\/wp-json\/wp\/v2\/comments?post=121"}],"version-history":[{"count":1,"href":"https:\/\/wp.ufpel.edu.br\/cdshikida\/wp-json\/wp\/v2\/pages\/121\/revisions"}],"predecessor-version":[{"id":124,"href":"https:\/\/wp.ufpel.edu.br\/cdshikida\/wp-json\/wp\/v2\/pages\/121\/revisions\/124"}],"wp:attachment":[{"href":"https:\/\/wp.ufpel.edu.br\/cdshikida\/wp-json\/wp\/v2\/media?parent=121"}],"curies":[{"name":"wp","href":"https:\/\/api.w.org\/{rel}","templated":true}]}}