{"id":383,"date":"2017-08-03T13:01:07","date_gmt":"2017-08-03T16:01:07","guid":{"rendered":"https:\/\/wp.ufpel.edu.br\/cdrehmer\/?page_id=383"},"modified":"2017-08-03T13:21:09","modified_gmt":"2017-08-03T16:21:09","slug":"papers-extincoes","status":"publish","type":"page","link":"https:\/\/wp.ufpel.edu.br\/cdrehmer\/papers-extincoes\/","title":{"rendered":"Papers Extin\u00e7\u00f5es"},"content":{"rendered":"<p><a href=\"https:\/\/wp.ufpel.edu.br\/cdrehmer\/papers-extincoes\/04-efeito-estufa-na-extincao-permo-triassico\/\" rel=\"attachment wp-att-399\">04 Efeito estufa na extin\u00e7\u00e3o Permo Tri\u00e1ssico<\/a> <a href=\"https:\/\/wp.ufpel.edu.br\/cdrehmer\/papers-extincoes\/03-ausencia-de-selenio-como-causa-de-extincao-em-massa\/\" rel=\"attachment wp-att-398\">03 Aus\u00eancia de sel\u00eanio como causa de extin\u00e7\u00e3o em massa<\/a> <a href=\"https:\/\/wp.ufpel.edu.br\/cdrehmer\/papers-extincoes\/02-calibrating-permian-mass-extinction\/\" rel=\"attachment wp-att-397\">02 calibrating permian mass extinction<\/a> <a href=\"https:\/\/wp.ufpel.edu.br\/cdrehmer\/papers-extincoes\/01-periodicidade-das-extincoes-r-s\/\" rel=\"attachment wp-att-396\">01 periodicidade das extin\u00e7\u00f5es R &amp; S<\/a> <a href=\"https:\/\/wp.ufpel.edu.br\/cdrehmer\/papers-extincoes\/impacto-asteroides-kt-gerando-terremotos\/\" rel=\"attachment wp-att-395\">Impacto asteroides KT gerando terremotos<\/a> <a href=\"https:\/\/wp.ufpel.edu.br\/cdrehmer\/papers-extincoes\/a-extincao-dos-dinossauors\/\" rel=\"attachment wp-att-394\">A extin\u00e7\u00e3o dos dinossauors<\/a> <a href=\"https:\/\/wp.ufpel.edu.br\/cdrehmer\/papers-extincoes\/13-longo-inverno-apos-o-impacto-de-chicxulub\/\" rel=\"attachment wp-att-393\">13 Longo inverno ap\u00f3s o impacto de Chicxulub<\/a> <a href=\"https:\/\/wp.ufpel.edu.br\/cdrehmer\/papers-extincoes\/12-producao-de-metano-no-permiano\/\" rel=\"attachment wp-att-392\">12 Produ\u00e7\u00e3o de metano no Permiano<\/a> <a href=\"https:\/\/wp.ufpel.edu.br\/cdrehmer\/papers-extincoes\/11-extincao-permiana-durou-60mil-anos\/\" rel=\"attachment wp-att-391\">11 Extin\u00e7\u00e3o Permiana durou 60mil anos<\/a> <a href=\"https:\/\/wp.ufpel.edu.br\/cdrehmer\/papers-extincoes\/10-2014-the-chicxulub-shiva-extraterrestrial-one-two-killer-punches-to-earth-65-million-years-ago\/\" rel=\"attachment wp-att-390\">10 2014 The Chicxulub-Shiva extraterrestrial one-two killer punches to Earth 65 million years ago<\/a> <a href=\"https:\/\/wp.ufpel.edu.br\/cdrehmer\/papers-extincoes\/07-impacto-de-cometas-e-evolucao\/\" rel=\"attachment wp-att-387\">07 Impacto de cometas e evolu\u00e7\u00e3o<\/a> <a href=\"https:\/\/wp.ufpel.edu.br\/cdrehmer\/papers-extincoes\/06-impacto-evolutivo-das-extincoes-em-massa\/\" rel=\"attachment wp-att-386\">06 impacto evolutivo das extin\u00e7\u00f5es em massa<\/a> <a href=\"https:\/\/wp.ufpel.edu.br\/cdrehmer\/papers-extincoes\/05-raios-gama-causando-extincao-ordoviciano\/\" rel=\"attachment wp-att-385\">05 raios gama causando extin\u00e7\u00e3o Ordoviciano<\/a><\/p>\n","protected":false},"excerpt":{"rendered":"<p>04 Efeito estufa na extin\u00e7\u00e3o Permo Tri\u00e1ssico 03 Aus\u00eancia de sel\u00eanio como causa de extin\u00e7\u00e3o em massa 02 calibrating permian mass extinction 01 periodicidade das extin\u00e7\u00f5es R &amp; S Impacto asteroides KT gerando terremotos A extin\u00e7\u00e3o dos dinossauors 13 Longo inverno ap\u00f3s o impacto de Chicxulub 12 Produ\u00e7\u00e3o de metano no Permiano 11 Extin\u00e7\u00e3o Permiana [&hellip;]<\/p>\n","protected":false},"author":622,"featured_media":0,"parent":0,"menu_order":0,"comment_status":"closed","ping_status":"closed","template":"","meta":{"footnotes":""},"class_list":["post-383","page","type-page","status-publish","hentry"],"_links":{"self":[{"href":"https:\/\/wp.ufpel.edu.br\/cdrehmer\/wp-json\/wp\/v2\/pages\/383","targetHints":{"allow":["GET"]}}],"collection":[{"href":"https:\/\/wp.ufpel.edu.br\/cdrehmer\/wp-json\/wp\/v2\/pages"}],"about":[{"href":"https:\/\/wp.ufpel.edu.br\/cdrehmer\/wp-json\/wp\/v2\/types\/page"}],"author":[{"embeddable":true,"href":"https:\/\/wp.ufpel.edu.br\/cdrehmer\/wp-json\/wp\/v2\/users\/622"}],"replies":[{"embeddable":true,"href":"https:\/\/wp.ufpel.edu.br\/cdrehmer\/wp-json\/wp\/v2\/comments?post=383"}],"version-history":[{"count":2,"href":"https:\/\/wp.ufpel.edu.br\/cdrehmer\/wp-json\/wp\/v2\/pages\/383\/revisions"}],"predecessor-version":[{"id":400,"href":"https:\/\/wp.ufpel.edu.br\/cdrehmer\/wp-json\/wp\/v2\/pages\/383\/revisions\/400"}],"wp:attachment":[{"href":"https:\/\/wp.ufpel.edu.br\/cdrehmer\/wp-json\/wp\/v2\/media?parent=383"}],"curies":[{"name":"wp","href":"https:\/\/api.w.org\/{rel}","templated":true}]}}