{"id":278,"date":"2017-04-25T10:47:51","date_gmt":"2017-04-25T13:47:51","guid":{"rendered":"https:\/\/wp.ufpel.edu.br\/cdrehmer\/?page_id=278"},"modified":"2023-09-22T13:42:56","modified_gmt":"2023-09-22T16:42:56","slug":"genetica-e-evolucao","status":"publish","type":"page","link":"https:\/\/wp.ufpel.edu.br\/cdrehmer\/genetica-e-evolucao\/","title":{"rendered":"GEN\u00c9TICA E EVOLU\u00c7\u00c3O"},"content":{"rendered":"<p><a href=\"https:\/\/wp.ufpel.edu.br\/cdrehmer\/genetica-e-evolucao\/estrutura-de-proteina-e-spandrels\/\" rel=\"attachment wp-att-374\">Estrutura de prote\u00edna e spandrels<\/a><\/p>\n<p><a href=\"https:\/\/wp.ufpel.edu.br\/cdrehmer\/genetica-e-evolucao\/spandrels-of-san-marco\/\" rel=\"attachment wp-att-373\">Spandrels of San Marco<\/a><\/p>\n<p><a href=\"https:\/\/wp.ufpel.edu.br\/cdrehmer\/genetica-e-evolucao\/atavismos\/\" rel=\"attachment wp-att-372\">Atavismos<\/a><\/p>\n<p><a href=\"https:\/\/wp.ufpel.edu.br\/cdrehmer\/genetica-e-evolucao\/gould-and-vrba1982\/\" rel=\"attachment wp-att-625\">Gould and Vrba1982<\/a><\/p>\n<p><a href=\"https:\/\/wp.ufpel.edu.br\/cdrehmer\/genetica-e-evolucao\/secularismo-2\/\" rel=\"attachment wp-att-594\">Secularismo<\/a><\/p>\n<p><a href=\"https:\/\/wp.ufpel.edu.br\/cdrehmer\/genetica-e-evolucao\/evo-do-olho-2\/\" rel=\"attachment wp-att-593\">evo do olho<\/a><\/p>\n<p><a href=\"https:\/\/wp.ufpel.edu.br\/cdrehmer\/genetica-e-evolucao\/tramitacao-pl-8099-2014\/\" rel=\"attachment wp-att-575\">Tramitacao-PL 8099-2014<\/a><\/p>\n<p><a href=\"https:\/\/wp.ufpel.edu.br\/cdrehmer\/genetica-e-evolucao\/bem-diante-dos-nossos-olhos-rd-met-2\/\" rel=\"attachment wp-att-470\">Bem diante dos nossos olhos RD (MET)<\/a><\/p>\n<p><a href=\"https:\/\/wp.ufpel.edu.br\/cdrehmer\/genetica-e-evolucao\/ten-myths-about-cd-kp\/\" rel=\"attachment wp-att-290\">\u00a0Ten myths about CD KP\u00a0<\/a><\/p>\n<p><a href=\"https:\/\/wp.ufpel.edu.br\/cdrehmer\/genetica-e-evolucao\/does-evolutionary-tehory-need-a-rethink\/\" rel=\"attachment wp-att-574\">Does evolutionary tehory need a rethink<\/a><\/p>\n<p><a href=\"https:\/\/wp.ufpel.edu.br\/cdrehmer\/genetica-e-evolucao\/nothing-in-biology-makes-sense-3\/\" rel=\"attachment wp-att-573\">Nothing in Biology makes sense<\/a><\/p>\n<p><a href=\"https:\/\/wp.ufpel.edu.br\/cdrehmer\/genetica-e-evolucao\/a-natureza-episodica-da-mudanca-evolutiva\/\" rel=\"attachment wp-att-8\">A natureza epis\u00f3dica da mudan\u00e7a evolutiva<\/a><\/p>\n<p>&nbsp;<\/p>\n<p>&nbsp;<\/p>\n<p>&nbsp;<\/p>\n","protected":false},"excerpt":{"rendered":"<p>Estrutura de prote\u00edna e spandrels Spandrels of San Marco Atavismos Gould and Vrba1982 Secularismo evo do olho Tramitacao-PL 8099-2014 Bem diante dos nossos olhos RD (MET) \u00a0Ten myths about CD KP\u00a0 Does evolutionary tehory need a rethink Nothing in Biology makes sense A natureza epis\u00f3dica da mudan\u00e7a evolutiva &nbsp; &nbsp; &nbsp;<\/p>\n","protected":false},"author":622,"featured_media":0,"parent":0,"menu_order":0,"comment_status":"closed","ping_status":"closed","template":"","meta":{"footnotes":""},"class_list":["post-278","page","type-page","status-publish","hentry"],"_links":{"self":[{"href":"https:\/\/wp.ufpel.edu.br\/cdrehmer\/wp-json\/wp\/v2\/pages\/278","targetHints":{"allow":["GET"]}}],"collection":[{"href":"https:\/\/wp.ufpel.edu.br\/cdrehmer\/wp-json\/wp\/v2\/pages"}],"about":[{"href":"https:\/\/wp.ufpel.edu.br\/cdrehmer\/wp-json\/wp\/v2\/types\/page"}],"author":[{"embeddable":true,"href":"https:\/\/wp.ufpel.edu.br\/cdrehmer\/wp-json\/wp\/v2\/users\/622"}],"replies":[{"embeddable":true,"href":"https:\/\/wp.ufpel.edu.br\/cdrehmer\/wp-json\/wp\/v2\/comments?post=278"}],"version-history":[{"count":38,"href":"https:\/\/wp.ufpel.edu.br\/cdrehmer\/wp-json\/wp\/v2\/pages\/278\/revisions"}],"predecessor-version":[{"id":877,"href":"https:\/\/wp.ufpel.edu.br\/cdrehmer\/wp-json\/wp\/v2\/pages\/278\/revisions\/877"}],"wp:attachment":[{"href":"https:\/\/wp.ufpel.edu.br\/cdrehmer\/wp-json\/wp\/v2\/media?parent=278"}],"curies":[{"name":"wp","href":"https:\/\/api.w.org\/{rel}","templated":true}]}}