{"id":13,"date":"2016-03-07T11:50:47","date_gmt":"2016-03-07T14:50:47","guid":{"rendered":"https:\/\/wp.ufpel.edu.br\/cdrehmer\/?page_id=13"},"modified":"2020-05-01T16:19:34","modified_gmt":"2020-05-01T19:19:34","slug":"zoologia-v","status":"publish","type":"page","link":"https:\/\/wp.ufpel.edu.br\/cdrehmer\/zoologia-v\/","title":{"rendered":"T\u00d3PICOS ESPECIAIS EM ZOOLOGIA"},"content":{"rendered":"<p><a href=\"https:\/\/wp.ufpel.edu.br\/cdrehmer\/zoologia-v\/aula-inaugural-tez-2020\/\" rel=\"attachment wp-att-711\">Aula inaugural TEZ 2020<\/a><\/p>\n<p><a href=\"https:\/\/wp.ufpel.edu.br\/cdrehmer\/zoologia-v\/criterios-apresentacao-seminarios\/\" rel=\"attachment wp-att-639\">Crit\u00e9rios apresenta\u00e7\u00e3o semin\u00e1rios<\/a><\/p>\n<p><a href=\"https:\/\/wp.ufpel.edu.br\/cdrehmer\/zoologia-v\/questionarios-tez-1\/\" rel=\"attachment wp-att-718\">QUESTION\u00c1RIOS TEZ 1<\/a><\/p>\n<p><a href=\"https:\/\/wp.ufpel.edu.br\/cdrehmer\/zoologia-v\/o-tempo-de-vida-q-nos-foi-concedido\/\" rel=\"attachment wp-att-646\">O tempo de vida q nos foi concedido<\/a><\/p>\n<p><a href=\"https:\/\/wp.ufpel.edu.br\/cdrehmer\/zoologia-v\/fisgando-lev-pelo-seu-passado-2\/\" rel=\"attachment wp-att-643\">Fisgando Lev pelo seu passado<\/a><\/p>\n<p><a href=\"https:\/\/wp.ufpel.edu.br\/cdrehmer\/zoologia-v\/nossa-extraordinaria-unidade-3\/\" rel=\"attachment wp-att-642\">Nossa extraordin\u00e1ria unidade<\/a><\/p>\n<p><a href=\"https:\/\/wp.ufpel.edu.br\/cdrehmer\/zoologia-v\/wilson-reeder-2\/\" rel=\"attachment wp-att-617\">Wilson &amp; Reeder<\/a><\/p>\n<p><a href=\"https:\/\/wp.ufpel.edu.br\/cdrehmer\/zoologia-v\/sobre-pentas-onicof-e-tard\/\" rel=\"attachment wp-att-297\">Sobre pentas onicof e tard<\/a><\/p>\n<p><a href=\"https:\/\/wp.ufpel.edu.br\/cdrehmer\/zoologia-v\/sorriso-do-flamimgo-2\/\" rel=\"attachment wp-att-188\">Sorriso do Flamimgo<\/a><\/p>\n<p><a href=\"https:\/\/wp.ufpel.edu.br\/cdrehmer\/zoologia-v\/grandes-pxs-pequenos-pxs\/\" rel=\"attachment wp-att-615\">Grandes pxs pequenos pxs<\/a><\/p>\n<p><a href=\"https:\/\/wp.ufpel.edu.br\/cdrehmer\/files\/2016\/03\/Uma-lapa-a-menos.pdf\">Uma lapa a menos<\/a><\/p>\n<p><a href=\"https:\/\/wp.ufpel.edu.br\/cdrehmer\/files\/2016\/03\/Algemas-de-seda.pdf\">Algemas de seda<\/a><\/p>\n<p><a href=\"https:\/\/wp.ufpel.edu.br\/cdrehmer\/files\/2016\/03\/O-dod\u00f4-na-corrida-de-comit\u00ea.pdf\">O dod\u00f4 na corrida de co<\/a><\/p>\n<p><a href=\"https:\/\/wp.ufpel.edu.br\/cdrehmer\/files\/2016\/03\/Um-paradoxo-.-.-.-1.pdf\">Um paradoxo<\/a><\/p>\n<p><a href=\"https:\/\/wp.ufpel.edu.br\/cdrehmer\/zoologia-v\/fisgando-lev-pelo-seu-passado\/\" rel=\"attachment wp-att-622\">Fisgando Lev pelo seu passado<\/a><\/p>\n<p>&nbsp;<\/p>\n<p>&nbsp;<\/p>\n<p>&nbsp;<\/p>\n<p>&nbsp;<\/p>\n","protected":false},"excerpt":{"rendered":"<p>Aula inaugural TEZ 2020 Crit\u00e9rios apresenta\u00e7\u00e3o semin\u00e1rios QUESTION\u00c1RIOS TEZ 1 O tempo de vida q nos foi concedido Fisgando Lev pelo seu passado Nossa extraordin\u00e1ria unidade Wilson &amp; Reeder Sobre pentas onicof e tard Sorriso do Flamimgo Grandes pxs pequenos pxs Uma lapa a menos Algemas de seda O dod\u00f4 na corrida de co Um [&hellip;]<\/p>\n","protected":false},"author":622,"featured_media":0,"parent":0,"menu_order":0,"comment_status":"closed","ping_status":"closed","template":"","meta":{"footnotes":""},"class_list":["post-13","page","type-page","status-publish","hentry"],"_links":{"self":[{"href":"https:\/\/wp.ufpel.edu.br\/cdrehmer\/wp-json\/wp\/v2\/pages\/13","targetHints":{"allow":["GET"]}}],"collection":[{"href":"https:\/\/wp.ufpel.edu.br\/cdrehmer\/wp-json\/wp\/v2\/pages"}],"about":[{"href":"https:\/\/wp.ufpel.edu.br\/cdrehmer\/wp-json\/wp\/v2\/types\/page"}],"author":[{"embeddable":true,"href":"https:\/\/wp.ufpel.edu.br\/cdrehmer\/wp-json\/wp\/v2\/users\/622"}],"replies":[{"embeddable":true,"href":"https:\/\/wp.ufpel.edu.br\/cdrehmer\/wp-json\/wp\/v2\/comments?post=13"}],"version-history":[{"count":71,"href":"https:\/\/wp.ufpel.edu.br\/cdrehmer\/wp-json\/wp\/v2\/pages\/13\/revisions"}],"predecessor-version":[{"id":719,"href":"https:\/\/wp.ufpel.edu.br\/cdrehmer\/wp-json\/wp\/v2\/pages\/13\/revisions\/719"}],"wp:attachment":[{"href":"https:\/\/wp.ufpel.edu.br\/cdrehmer\/wp-json\/wp\/v2\/media?parent=13"}],"curies":[{"name":"wp","href":"https:\/\/api.w.org\/{rel}","templated":true}]}}