{"id":9,"date":"2021-09-01T14:58:20","date_gmt":"2021-09-01T17:58:20","guid":{"rendered":"https:\/\/wp.ufpel.edu.br\/cdip\/?page_id=9"},"modified":"2026-03-19T10:24:24","modified_gmt":"2026-03-19T13:24:24","slug":"apresentacao","status":"publish","type":"page","link":"https:\/\/wp.ufpel.edu.br\/cdip\/","title":{"rendered":"Coordena\u00e7\u00e3o de Desenvolvimento Institucional Participativo | CDIP"},"content":{"rendered":"<p>\u00d3rg\u00e3o respons\u00e1vel pelo planejamento e desenvolvimento institucional participativo, por coordenar processos como forma de ampliar os meios de participa\u00e7\u00e3o da comunidade nas tomadas de decis\u00e3o da universidade, proporcionando a participa\u00e7\u00e3o da coletividade na constru\u00e7\u00e3o e execu\u00e7\u00e3o dos documentos norteadores do planejamento e da atua\u00e7\u00e3o universit\u00e1ria, assim como na renova\u00e7\u00e3o participativa de seus documentos basilares.<\/p>\n<p>A <b>Coordena\u00e7\u00e3o de Desenvolvimento Institucional Participativo (CDIP)<\/b>, tem como atribui\u00e7\u00f5es:<\/p>\n<ul>\n<li>Criar, organizar e acompanhar m\u00e9todos e ferramentas para fomentar e ampliar a participa\u00e7\u00e3o da comunidade nos diferentes n\u00edveis decis\u00f3rios;<\/li>\n<li>Desenvolver e institucionalizar processos de participa\u00e7\u00e3o direta;<\/li>\n<li>Desenvolver e institucionalizar processos de acompanhamento da participa\u00e7\u00e3o representativa;<\/li>\n<li>Organizar e conduzir consultas p\u00fablicas e referendos institucionais;<\/li>\n<li>Apoiar metodologicamente a constru\u00e7\u00e3o participativa de documentos norteadores na UFPel;<\/li>\n<li>Apoiar a elabora\u00e7\u00e3o do Plano Diretor da UFPel;<\/li>\n<li>Apoiar a elabora\u00e7\u00e3o do Projeto Pedag\u00f3gico Institucional da UFPel;<\/li>\n<li>Promover, em conjunto com o COPLAN, a renova\u00e7\u00e3o dos documentos basilares da Universidade;<\/li>\n<li>Fomentar a reestrutura\u00e7\u00e3o participativa do desenho organizacional das unidades acad\u00eamicas;<\/li>\n<li>Planejar estrategicamente a elabora\u00e7\u00e3o e a execu\u00e7\u00e3o do novo Plano de Desenvolvimento Institucional da UFPel;<\/li>\n<li>Orientar a elabora\u00e7\u00e3o e acompanhar a execu\u00e7\u00e3o dos Planos de Desenvolvimento das Unidades;<\/li>\n<li>Divulgar informa\u00e7\u00f5es e ampliar a discuss\u00e3o de documentos estruturantes e de planejamento universit\u00e1rio com objetivos de ressaltar a import\u00e2ncia do engajamento da comunidade e de construir uma participa\u00e7\u00e3o cada vez mais qualificada.<\/li>\n<\/ul>\n<p>&nbsp;<\/p>\n<p>Coordenadora: Renata Vieira Rodrigues Severo<\/p>\n<p>Contato &#8211; cdip@ufpel.edu.br<\/p>\n<p>&nbsp;<\/p>\n<p>A estrutura organizacional da CDIP \u00e9 composta pelos seguintes N\u00facleos:<\/p>\n<p><a href=\"https:\/\/wp.ufpel.edu.br\/cdip\/npc\/\"><b>N\u00facleo de Processos Participativos (NPP)<\/b><\/a><\/p>\n<p><a href=\"https:\/\/wp.ufpel.edu.br\/cdip\/ndu\/\"><b>N\u00facleo para o Desenvolvimento Universit\u00e1rio (NDU)<\/b><\/a><\/p>\n","protected":false},"excerpt":{"rendered":"<p>\u00d3rg\u00e3o respons\u00e1vel pelo planejamento e desenvolvimento institucional participativo, por coordenar processos como forma de ampliar os meios de participa\u00e7\u00e3o da comunidade nas tomadas de decis\u00e3o da universidade, proporcionando a participa\u00e7\u00e3o da coletividade na constru\u00e7\u00e3o e execu\u00e7\u00e3o dos documentos norteadores do planejamento e da atua\u00e7\u00e3o universit\u00e1ria, assim como na renova\u00e7\u00e3o participativa de seus documentos basilares. A [&hellip;]<\/p>\n","protected":false},"author":667,"featured_media":0,"parent":0,"menu_order":0,"comment_status":"closed","ping_status":"closed","template":"","meta":{"jetpack_post_was_ever_published":false,"footnotes":""},"class_list":["post-9","page","type-page","status-publish","hentry"],"jetpack_sharing_enabled":true,"jetpack_likes_enabled":true,"_links":{"self":[{"href":"https:\/\/wp.ufpel.edu.br\/cdip\/wp-json\/wp\/v2\/pages\/9","targetHints":{"allow":["GET"]}}],"collection":[{"href":"https:\/\/wp.ufpel.edu.br\/cdip\/wp-json\/wp\/v2\/pages"}],"about":[{"href":"https:\/\/wp.ufpel.edu.br\/cdip\/wp-json\/wp\/v2\/types\/page"}],"author":[{"embeddable":true,"href":"https:\/\/wp.ufpel.edu.br\/cdip\/wp-json\/wp\/v2\/users\/667"}],"replies":[{"embeddable":true,"href":"https:\/\/wp.ufpel.edu.br\/cdip\/wp-json\/wp\/v2\/comments?post=9"}],"version-history":[{"count":4,"href":"https:\/\/wp.ufpel.edu.br\/cdip\/wp-json\/wp\/v2\/pages\/9\/revisions"}],"predecessor-version":[{"id":318,"href":"https:\/\/wp.ufpel.edu.br\/cdip\/wp-json\/wp\/v2\/pages\/9\/revisions\/318"}],"wp:attachment":[{"href":"https:\/\/wp.ufpel.edu.br\/cdip\/wp-json\/wp\/v2\/media?parent=9"}],"curies":[{"name":"wp","href":"https:\/\/api.w.org\/{rel}","templated":true}]}}