{"id":47,"date":"2021-09-01T15:06:20","date_gmt":"2021-09-01T18:06:20","guid":{"rendered":"https:\/\/wp.ufpel.edu.br\/cdip\/?page_id=47"},"modified":"2021-09-01T15:06:20","modified_gmt":"2021-09-01T18:06:20","slug":"unidades-de-conservacao-ucs","status":"publish","type":"page","link":"https:\/\/wp.ufpel.edu.br\/cdip\/insercao-territorial\/desenvolvimento-territorial-sustentavel\/unidades-de-conservacao-ucs\/","title":{"rendered":"UNIDADES DE CONSERVA\u00c7\u00c3O (UCs)"},"content":{"rendered":"<p style=\"text-align: justify\">Em 2017, a UFPel deu in\u00edcio a estudos sistem\u00e1ticos sobre a regi\u00e3o do Pontal da Barra (Pelotas\/RS), local de destacada import\u00e2ncia ambiental, hist\u00f3rica, cultural e cient\u00edfica, e que apresenta grande potencial tur\u00edstico e educacional.<\/p>\n<p style=\"text-align: justify\">Para tal, foi institu\u00eddo um grupo interinstitucional de trabalho com a finalidade de desenvolver estudos preliminares para a cria\u00e7\u00e3o de uma Unidade de Conserva\u00e7\u00e3o (UC). A a\u00e7\u00e3o se constituiu em forma efetiva de propor medida de cuidado ambiental para o desenvolvimento local e regional com sustentabilidade, em sintonia com o objetivo estrat\u00e9gico 17 do Plano de Desenvolvimento Institucional (PDI) 2015\/2020.<\/p>\n<p style=\"text-align: left\">Em 2019, por meio da a\u00e7\u00e3o integrada de especialistas da UFPel e de colaboradores de institui\u00e7\u00f5es afins, foi finalizado o documento \u201cFundamenta\u00e7\u00e3o t\u00e9cnico-cient\u00edfica para a cria\u00e7\u00e3o da Unidade de Conserva\u00e7\u00e3o Pontal da Barra do Laranjal (Pelotas\/RS)\u201d, cuja vers\u00e3o online est\u00e1 dispon\u00edvel em: <a href=\"https:\/\/wp.ufpel.edu.br\/proplan\/files\/2019\/07\/Relat\u00f3rio-UC-Pontal-da-Barra_rev21WEB.pdf\">Relat\u00f3rio UC Pontal da Barra_rev21(WEB)<\/a><\/p>\n<p><a href=\"https:\/\/i0.wp.com\/wp.ufpel.edu.br\/proplan\/files\/2019\/07\/Foto-Pontal.jpg?ssl=1\"><img data-recalc-dims=\"1\" class=\"size-medium wp-image-4661 aligncenter\" src=\"https:\/\/i0.wp.com\/wp.ufpel.edu.br\/proplan\/files\/2019\/07\/Foto-Pontal-400x300.jpg?resize=400%2C300&#038;ssl=1\" alt=\"\" width=\"400\" height=\"300\" \/><\/a><\/p>\n<p style=\"text-align: justify\">No ano de 2020, a UFPel, por meio da Comiss\u00e3o para Assuntos Ambientais (<a href=\"https:\/\/wp.ufpel.edu.br\/proplan\/files\/2021\/01\/Portaria-Comissao-para-Assuntos-Ambientais.pdf\">Portaria 1707\/2020<\/a>), deu prosseguimento a a\u00e7\u00f5es relativas \u00e0 cria\u00e7\u00e3o da UC Pontal da Barra do Laranjal. Foi desenvolvida campanha institucional para sensibiliza\u00e7\u00e3o da comunidade de Pelotas, por meio dos seguintes materiais audiovisuais:<\/p>\n<div style=\"text-align: center\">\n<iframe title=\"Em defesa do Pontal\" width=\"680\" height=\"383\" src=\"https:\/\/www.youtube.com\/embed\/GchGBDUV4vc?feature=oembed\" frameborder=\"0\" allow=\"accelerometer; autoplay; clipboard-write; encrypted-media; gyroscope; picture-in-picture\" allowfullscreen><\/iframe>\n<\/div>\n<p><a href=\"https:\/\/i0.wp.com\/wp.ufpel.edu.br\/proplan\/files\/2021\/01\/Campanha-UC-Pontal-da-Barra_Slide-Portal_01.png?ssl=1\"><img data-recalc-dims=\"1\" class=\"aligncenter size-medium wp-image-4844\" src=\"https:\/\/i0.wp.com\/wp.ufpel.edu.br\/proplan\/files\/2021\/01\/Campanha-UC-Pontal-da-Barra_Slide-Portal_01-400x154.png?resize=640%2C246&#038;ssl=1\" alt=\"\" width=\"640\" height=\"246\" \/><\/a><\/p>\n<p><a href=\"https:\/\/i0.wp.com\/wp.ufpel.edu.br\/proplan\/files\/2021\/01\/Campanha-UC-Pontal-da-Barra_Slide-Portal_02.png?ssl=1\"><img data-recalc-dims=\"1\" class=\"aligncenter size-medium wp-image-4845\" src=\"https:\/\/i0.wp.com\/wp.ufpel.edu.br\/proplan\/files\/2021\/01\/Campanha-UC-Pontal-da-Barra_Slide-Portal_02-400x154.png?resize=640%2C246&#038;ssl=1\" alt=\"\" width=\"640\" height=\"246\" \/><\/a><\/p>\n<p><a href=\"https:\/\/i0.wp.com\/wp.ufpel.edu.br\/proplan\/files\/2021\/01\/Campanha-UC-Pontal-da-Barra_Slide-Portal_03.png?ssl=1\"><img data-recalc-dims=\"1\" class=\"aligncenter size-medium wp-image-4845\" src=\"https:\/\/i0.wp.com\/wp.ufpel.edu.br\/proplan\/files\/2021\/01\/Campanha-UC-Pontal-da-Barra_Slide-Portal_03-400x154.png?resize=640%2C246&#038;ssl=1\" alt=\"\" width=\"640\" height=\"246\" \/><\/a><\/p>\n<p><a href=\"https:\/\/i0.wp.com\/wp.ufpel.edu.br\/proplan\/files\/2021\/01\/Campanha-UC-Pontal-da-Barra_Slide-Portal_04.png?ssl=1\"><img data-recalc-dims=\"1\" class=\"aligncenter size-medium wp-image-4847\" src=\"https:\/\/i0.wp.com\/wp.ufpel.edu.br\/proplan\/files\/2021\/01\/Campanha-UC-Pontal-da-Barra_Slide-Portal_04-400x154.png?resize=640%2C246&#038;ssl=1\" alt=\"\" width=\"640\" height=\"246\" \/><\/a><\/p>\n<p><a href=\"https:\/\/i0.wp.com\/wp.ufpel.edu.br\/proplan\/files\/2021\/01\/Campanha-UC-Pontal-da-Barra_Slide-Portal_05.png?ssl=1\"><img data-recalc-dims=\"1\" class=\"aligncenter size-medium wp-image-4848\" src=\"https:\/\/i0.wp.com\/wp.ufpel.edu.br\/proplan\/files\/2021\/01\/Campanha-UC-Pontal-da-Barra_Slide-Portal_05-400x154.png?resize=640%2C246&#038;ssl=1\" alt=\"\" width=\"640\" height=\"246\" \/><\/a><\/p>\n<p><a href=\"https:\/\/i0.wp.com\/wp.ufpel.edu.br\/proplan\/files\/2021\/01\/Campanha-UC-Pontal-da-Barra_Slide-Portal_06.png?ssl=1\"><img data-recalc-dims=\"1\" class=\"aligncenter size-medium wp-image-4849\" src=\"https:\/\/i0.wp.com\/wp.ufpel.edu.br\/proplan\/files\/2021\/01\/Campanha-UC-Pontal-da-Barra_Slide-Portal_06-400x154.png?resize=640%2C246&#038;ssl=1\" alt=\"\" width=\"640\" height=\"246\" \/><\/a><\/p>\n<p style=\"text-align: center\"><a href=\"https:\/\/i0.wp.com\/wp.ufpel.edu.br\/proplan\/files\/2021\/01\/Campanha-UC-Pontal-da-Barra_Slide-Portal_07.png?ssl=1\"><img data-recalc-dims=\"1\" class=\"aligncenter size-medium wp-image-4850\" src=\"https:\/\/i0.wp.com\/wp.ufpel.edu.br\/proplan\/files\/2021\/01\/Campanha-UC-Pontal-da-Barra_Slide-Portal_07-400x154.png?resize=640%2C246&#038;ssl=1\" alt=\"\" width=\"640\" height=\"246\" \/><\/a><\/p>\n","protected":false},"excerpt":{"rendered":"<p>Em 2017, a UFPel deu in\u00edcio a estudos sistem\u00e1ticos sobre a regi\u00e3o do Pontal da Barra (Pelotas\/RS), local de destacada import\u00e2ncia ambiental, hist\u00f3rica, cultural e cient\u00edfica, e que apresenta grande potencial tur\u00edstico e educacional. Para tal, foi institu\u00eddo um grupo interinstitucional de trabalho com a finalidade de desenvolver estudos preliminares para a cria\u00e7\u00e3o de uma [&hellip;]<\/p>\n","protected":false},"author":667,"featured_media":0,"parent":38,"menu_order":0,"comment_status":"closed","ping_status":"closed","template":"","meta":{"jetpack_post_was_ever_published":false,"footnotes":""},"class_list":["post-47","page","type-page","status-publish","hentry"],"jetpack_sharing_enabled":true,"jetpack_likes_enabled":true,"_links":{"self":[{"href":"https:\/\/wp.ufpel.edu.br\/cdip\/wp-json\/wp\/v2\/pages\/47","targetHints":{"allow":["GET"]}}],"collection":[{"href":"https:\/\/wp.ufpel.edu.br\/cdip\/wp-json\/wp\/v2\/pages"}],"about":[{"href":"https:\/\/wp.ufpel.edu.br\/cdip\/wp-json\/wp\/v2\/types\/page"}],"author":[{"embeddable":true,"href":"https:\/\/wp.ufpel.edu.br\/cdip\/wp-json\/wp\/v2\/users\/667"}],"replies":[{"embeddable":true,"href":"https:\/\/wp.ufpel.edu.br\/cdip\/wp-json\/wp\/v2\/comments?post=47"}],"version-history":[{"count":1,"href":"https:\/\/wp.ufpel.edu.br\/cdip\/wp-json\/wp\/v2\/pages\/47\/revisions"}],"predecessor-version":[{"id":49,"href":"https:\/\/wp.ufpel.edu.br\/cdip\/wp-json\/wp\/v2\/pages\/47\/revisions\/49"}],"up":[{"embeddable":true,"href":"https:\/\/wp.ufpel.edu.br\/cdip\/wp-json\/wp\/v2\/pages\/38"}],"wp:attachment":[{"href":"https:\/\/wp.ufpel.edu.br\/cdip\/wp-json\/wp\/v2\/media?parent=47"}],"curies":[{"name":"wp","href":"https:\/\/api.w.org\/{rel}","templated":true}]}}