{"id":32,"date":"2021-09-01T15:03:48","date_gmt":"2021-09-01T18:03:48","guid":{"rendered":"https:\/\/wp.ufpel.edu.br\/cdip\/?page_id=32"},"modified":"2021-09-01T15:04:08","modified_gmt":"2021-09-01T18:04:08","slug":"insercao-territorial","status":"publish","type":"page","link":"https:\/\/wp.ufpel.edu.br\/cdip\/insercao-territorial\/","title":{"rendered":"Inser\u00e7\u00e3o Territorial"},"content":{"rendered":"<p><span style=\"font-family: arial, helvetica, sans-serif;font-size: 10pt;color: #000000\">Identifica, fomenta, acompanha e dinamiza di\u00e1logos, coopera\u00e7\u00f5es, representa\u00e7\u00f5es e a\u00e7\u00f5es extrainstitucionais, contribuindo para que a Universidade se envolva efetivamente com desafios s\u00f3cio-culturais e ambientais, e com o desenvolvimento sustent\u00e1vel dos territ\u00f3rios nos quais se insere. Incentiva, acompanha e promove a responsabilidade social universit\u00e1ria em \u00e2mbito local, regional e na sul-fronteira. Atende, portanto, demandas pol\u00edticas, de planejamento e desenvolvimento urbano e rural, dispersas em diferentes localidades, mas integradas por uma paisagem cultural comum, e por recursos naturais compartilhados. <\/span><\/p>\n<p>&nbsp;<\/p>\n<p><span style=\"font-family: arial, helvetica, sans-serif;font-size: 10pt;color: #000000\">Finalidade:<\/span><\/p>\n<ul>\n<li><span style=\"font-family: arial, helvetica, sans-serif;font-size: 10pt;color: #000000\">Estabelecer rela\u00e7\u00f5es com a sociedade civil, movimentos sociais organizados e comunidades do entorno universit\u00e1rio.<\/span><\/li>\n<li><span style=\"font-family: arial, helvetica, sans-serif;font-size: 10pt;color: #000000\">Apoiar a inser\u00e7\u00e3o institucional nos conselhos municipais e a rela\u00e7\u00e3o interinstitucional com prefeituras municipais e segmentos da sociedade civil.<\/span><\/li>\n<li><span style=\"font-family: arial, helvetica, sans-serif;font-size: 10pt;color: #000000\">Contribuir para o diagn\u00f3stico da inser\u00e7\u00e3o da UFPel nos munic\u00edpios em que atua, nas \u00e1reas de sa\u00fade, cultura, educa\u00e7\u00e3o, \u00e1reas verdes e meio rural.<\/span><\/li>\n<li><span style=\"font-family: arial, helvetica, sans-serif;font-size: 10pt;color: #000000\">Estabelecer rela\u00e7\u00f5es institucionais entre a UFPel e os conselhos regionais de desenvolvimento, o COREDE, e a Azonasul.<\/span><\/li>\n<li><span style=\"font-family: arial, helvetica, sans-serif;font-size: 10pt;color: #000000\">Promover a coopera\u00e7\u00e3o e o desenvolvimento integrado com Institui\u00e7\u00f5es de Ensino e Pesquisa regionais e transfronteiri\u00e7as.<\/span><\/li>\n<li><span style=\"font-family: arial, helvetica, sans-serif;font-size: 10pt;color: #000000\">Subsidiar e organizar plano plurianual de inser\u00e7\u00e3o regional e interioriza\u00e7\u00e3o institucional.<\/span><\/li>\n<li><span style=\"font-family: arial, helvetica, sans-serif;font-size: 10pt;color: #000000\">Estabelecer contato com \u00f3rg\u00e3os respons\u00e1veis por mobilidade metropolitana, aglomera\u00e7\u00e3o urbana e rural na regi\u00e3o de atua\u00e7\u00e3o da UFPel.<\/span><\/li>\n<li><span style=\"font-family: arial, helvetica, sans-serif;font-size: 10pt;color: #000000\">Subsidiar e organizar plano plurianual de integra\u00e7\u00e3o institucional com o Mercosul.<\/span><\/li>\n<\/ul>\n<p>&nbsp;<\/p>\n<p><span style=\"color: #000000\"><strong><span style=\"font-family: arial, helvetica, sans-serif;font-size: 10pt\">Contato<\/span><\/strong><\/span><\/p>\n<p><span style=\"font-family: arial, helvetica, sans-serif;font-size: 10pt;color: #000000\"><strong>Chefe de N\u00facleo:<\/strong> Silvia Carla Bauer Barcellos<\/span><\/p>\n<p><span style=\"font-family: arial, helvetica, sans-serif;color: #000000;font-size: 10pt\"><strong>Telefone:<\/strong> (53)\u00a03284-3957<\/span><\/p>\n<p><span style=\"font-family: arial, helvetica, sans-serif;color: #000000;font-size: 10pt\"><strong>E-mail:<\/strong>\u00a0cdit@ufpel.edu.br<\/span><\/p>\n","protected":false},"excerpt":{"rendered":"<p>Identifica, fomenta, acompanha e dinamiza di\u00e1logos, coopera\u00e7\u00f5es, representa\u00e7\u00f5es e a\u00e7\u00f5es extrainstitucionais, contribuindo para que a Universidade se envolva efetivamente com desafios s\u00f3cio-culturais e ambientais, e com o desenvolvimento sustent\u00e1vel dos territ\u00f3rios nos quais se insere. Incentiva, acompanha e promove a responsabilidade social universit\u00e1ria em \u00e2mbito local, regional e na sul-fronteira. Atende, portanto, demandas pol\u00edticas, de [&hellip;]<\/p>\n","protected":false},"author":667,"featured_media":0,"parent":0,"menu_order":0,"comment_status":"closed","ping_status":"closed","template":"","meta":{"jetpack_post_was_ever_published":false,"footnotes":""},"class_list":["post-32","page","type-page","status-publish","hentry"],"jetpack_sharing_enabled":true,"jetpack_likes_enabled":true,"_links":{"self":[{"href":"https:\/\/wp.ufpel.edu.br\/cdip\/wp-json\/wp\/v2\/pages\/32","targetHints":{"allow":["GET"]}}],"collection":[{"href":"https:\/\/wp.ufpel.edu.br\/cdip\/wp-json\/wp\/v2\/pages"}],"about":[{"href":"https:\/\/wp.ufpel.edu.br\/cdip\/wp-json\/wp\/v2\/types\/page"}],"author":[{"embeddable":true,"href":"https:\/\/wp.ufpel.edu.br\/cdip\/wp-json\/wp\/v2\/users\/667"}],"replies":[{"embeddable":true,"href":"https:\/\/wp.ufpel.edu.br\/cdip\/wp-json\/wp\/v2\/comments?post=32"}],"version-history":[{"count":1,"href":"https:\/\/wp.ufpel.edu.br\/cdip\/wp-json\/wp\/v2\/pages\/32\/revisions"}],"predecessor-version":[{"id":34,"href":"https:\/\/wp.ufpel.edu.br\/cdip\/wp-json\/wp\/v2\/pages\/32\/revisions\/34"}],"wp:attachment":[{"href":"https:\/\/wp.ufpel.edu.br\/cdip\/wp-json\/wp\/v2\/media?parent=32"}],"curies":[{"name":"wp","href":"https:\/\/api.w.org\/{rel}","templated":true}]}}