{"id":26,"date":"2021-09-01T15:02:53","date_gmt":"2021-09-01T18:02:53","guid":{"rendered":"https:\/\/wp.ufpel.edu.br\/cdip\/?page_id=26"},"modified":"2021-09-01T15:02:53","modified_gmt":"2021-09-01T18:02:53","slug":"desenvolvimento-institucional","status":"publish","type":"page","link":"https:\/\/wp.ufpel.edu.br\/cdip\/desenvolvimento-institucional\/","title":{"rendered":"Desenvolvimento Institucional"},"content":{"rendered":"<p><span style=\"font-family: arial, helvetica, sans-serif; color: #000000; font-size: 10pt;\">Desenvolve o planejamento estrat\u00e9gico da Universidade tomando como base seu Plano de Desenvolvimento Institucional e demandas sociais identificadas junto \u00e0s comunidades acad\u00eamicas. Promove a cria\u00e7\u00e3o participativa de um Conselho de Planejamento. Potencializa e subsidia a constituinte universit\u00e1ria, importante f\u00f3rum de decis\u00f5es estrat\u00e9gicas. Ap\u00f3ia a\u00e7\u00f5es espec\u00edficas, servindo de interlocutor com grupos de interesse, e organizando frentes de trabalho, al\u00e9m de encorajar o envolvimento da comunidade com quest\u00f5es administrativas por meio de discuss\u00f5es, consultas diretas e outras estrat\u00e9gias. Identifica e acompanha propostas de desenvolvimento geradas nas unidades, contribuindo para sua institucionaliza\u00e7\u00e3o. Finalidade:<\/span><\/p>\n<ul>\n<li><span style=\"font-family: arial, helvetica, sans-serif; color: #000000; font-size: 10pt;\">Elaborar estrat\u00e9gias para a execu\u00e7\u00e3o do PDI UFPel 2015 &#8211; 2020.<\/span><\/li>\n<li><span style=\"font-family: arial, helvetica, sans-serif; color: #000000; font-size: 10pt;\">Promover a retomada das atividades da constituinte universit\u00e1ria.<\/span><\/li>\n<li><span style=\"font-family: arial, helvetica, sans-serif; color: #000000; font-size: 10pt;\">Apoiar a elabora\u00e7\u00e3o do Plano Diretor da UFPel por meio de consultas internas.<\/span><\/li>\n<li><span style=\"font-family: arial, helvetica, sans-serif; color: #000000; font-size: 10pt;\">Elaborar desenho organizacional universit\u00e1rio com base na reestrutura\u00e7\u00e3o participativa.<\/span><\/li>\n<li><span style=\"font-family: arial, helvetica, sans-serif; color: #000000; font-size: 10pt;\">Apoiar a elabora\u00e7\u00e3o aut\u00f4noma de Planos de Desenvolvimento das Unidades.<\/span><\/li>\n<li><span style=\"font-family: arial, helvetica, sans-serif; color: #000000; font-size: 10pt;\">Contribuir para a elabora\u00e7\u00e3o de\u00a0 Plano de requalifica\u00e7\u00e3o das condi\u00e7\u00f5es de funcionamento da UFPel em Eldorado do Sul.<\/span><\/li>\n<li><span style=\"font-family: arial, helvetica, sans-serif; color: #000000; font-size: 10pt;\">Participar da elabora\u00e7\u00e3o de um Conselho de Planejamento.<\/span><\/li>\n<li><span style=\"font-family: arial, helvetica, sans-serif; color: #000000; font-size: 10pt;\">Participar da elabora\u00e7\u00e3o de regramento espec\u00edfico para os Projetos de Desenvolvimento Institucional da UFPel.<\/span><\/li>\n<\/ul>\n<p>&nbsp;<\/p>\n<p><span style=\"font-family: arial, helvetica, sans-serif; color: #000000; font-size: 10pt;\"><strong>Contato<\/strong><\/span><\/p>\n<p><span style=\"font-family: arial, helvetica, sans-serif; color: #000000; font-size: 10pt;\"><strong>Chefe de N\u00facleo:<\/strong> Claiton Leoneti Lencina<\/span><\/p>\n<p><span style=\"font-family: arial, helvetica, sans-serif; color: #000000; font-size: 10pt;\"><strong>Telefone:<\/strong> (53)\u00a03284-3957<\/span><\/p>\n<p><span style=\"font-family: arial, helvetica, sans-serif; color: #000000; font-size: 10pt;\"><strong>E-mail:<\/strong>\u00a0cdit@ufpel.edu.br<\/span><\/p>\n","protected":false},"excerpt":{"rendered":"<p>Desenvolve o planejamento estrat\u00e9gico da Universidade tomando como base seu Plano de Desenvolvimento Institucional e demandas sociais identificadas junto \u00e0s comunidades acad\u00eamicas. Promove a cria\u00e7\u00e3o participativa de um Conselho de Planejamento. Potencializa e subsidia a constituinte universit\u00e1ria, importante f\u00f3rum de decis\u00f5es estrat\u00e9gicas. Ap\u00f3ia a\u00e7\u00f5es espec\u00edficas, servindo de interlocutor com grupos de interesse, e organizando frentes [&hellip;]<\/p>\n","protected":false},"author":667,"featured_media":0,"parent":0,"menu_order":0,"comment_status":"closed","ping_status":"closed","template":"","meta":{"jetpack_post_was_ever_published":false,"footnotes":""},"class_list":["post-26","page","type-page","status-publish","hentry"],"jetpack_sharing_enabled":true,"jetpack_likes_enabled":true,"_links":{"self":[{"href":"https:\/\/wp.ufpel.edu.br\/cdip\/wp-json\/wp\/v2\/pages\/26","targetHints":{"allow":["GET"]}}],"collection":[{"href":"https:\/\/wp.ufpel.edu.br\/cdip\/wp-json\/wp\/v2\/pages"}],"about":[{"href":"https:\/\/wp.ufpel.edu.br\/cdip\/wp-json\/wp\/v2\/types\/page"}],"author":[{"embeddable":true,"href":"https:\/\/wp.ufpel.edu.br\/cdip\/wp-json\/wp\/v2\/users\/667"}],"replies":[{"embeddable":true,"href":"https:\/\/wp.ufpel.edu.br\/cdip\/wp-json\/wp\/v2\/comments?post=26"}],"version-history":[{"count":1,"href":"https:\/\/wp.ufpel.edu.br\/cdip\/wp-json\/wp\/v2\/pages\/26\/revisions"}],"predecessor-version":[{"id":28,"href":"https:\/\/wp.ufpel.edu.br\/cdip\/wp-json\/wp\/v2\/pages\/26\/revisions\/28"}],"wp:attachment":[{"href":"https:\/\/wp.ufpel.edu.br\/cdip\/wp-json\/wp\/v2\/media?parent=26"}],"curies":[{"name":"wp","href":"https:\/\/api.w.org\/{rel}","templated":true}]}}