{"id":23,"date":"2021-09-01T15:02:19","date_gmt":"2021-09-01T18:02:19","guid":{"rendered":"https:\/\/wp.ufpel.edu.br\/cdip\/?page_id=23"},"modified":"2022-06-06T15:20:08","modified_gmt":"2022-06-06T18:20:08","slug":"pdu","status":"publish","type":"page","link":"https:\/\/wp.ufpel.edu.br\/cdip\/pdu\/","title":{"rendered":"PDU"},"content":{"rendered":"<p><img data-recalc-dims=\"1\" class=\" wp-image-36 aligncenter\" src=\"https:\/\/i0.wp.com\/wp.ufpel.edu.br\/planejamentoufpel\/files\/2022\/05\/plano-de-desenvolvimento-das-unidades-400x106.png?resize=623%2C165&#038;ssl=1\" sizes=\"(max-width: 623px) 100vw, 623px\" srcset=\"https:\/\/wp.ufpel.edu.br\/planejamentoufpel\/files\/2022\/05\/plano-de-desenvolvimento-das-unidades-400x106.png 400w, https:\/\/wp.ufpel.edu.br\/planejamentoufpel\/files\/2022\/05\/plano-de-desenvolvimento-das-unidades-1024x271.png 1024w, https:\/\/wp.ufpel.edu.br\/planejamentoufpel\/files\/2022\/05\/plano-de-desenvolvimento-das-unidades-768x203.png 768w, https:\/\/wp.ufpel.edu.br\/planejamentoufpel\/files\/2022\/05\/plano-de-desenvolvimento-das-unidades.png 1533w\" alt=\"\" width=\"623\" height=\"165\" \/><\/p>\n<p style=\"text-align: justify;\">Os Planos de Desenvolvimento das Unidades (PDUs), que devem ser\u00a0elaborados pelas\u00a0trinta e uma unidades da UFPel (nove Unidades Administrativas e vinte e duas Unidades Acad\u00eamicas), s\u00e3o instrumentos vitais para a\u00a0<b>descentraliza\u00e7\u00e3o do planejamento<\/b>\u00a0e para o aprofundamento da\u00a0<b>constru\u00e7\u00e3o coletiva<\/b>\u00a0no \u00e2mbito universit\u00e1rio. Eles prev\u00eaem, de maneira transparente e p\u00fablica, as a\u00e7\u00f5es a serem realizadas pelas unidades, tornando poss\u00edvel a concretiza\u00e7\u00e3o do planejamento previsto por toda a institui\u00e7\u00e3o no Plano de Desenvolvimento Institucional (PDI).<\/p>\n<p style=\"text-align: justify;\">A inter-rela\u00e7\u00e3o entre PDUs e PDI decorre das tr\u00eas dimens\u00f5es do planejamento:\u00a0<b>estrat\u00e9gica, t\u00e1tica e operacional<\/b>. A\u00a0<b>estrat\u00e9gica<\/b>\u00a0institui os prop\u00f3sitos de ampla perspectiva e de mais longa execu\u00e7\u00e3o prevendo mudan\u00e7as em toda a institui\u00e7\u00e3o. \u00c9 nesta dimens\u00e3o, representada na UFPel \u2013 e em todas as IFES \u2013 pelo seu PDI (2022-2026), em que os conceitos de eixos tem\u00e1ticos e objetivos estrat\u00e9gicos est\u00e3o presentes.<\/p>\n<p style=\"text-align: justify;\">A\u00a0<b>dimens\u00e3o t\u00e1tica<\/b>, por sua vez, define os caminhos poss\u00edveis para a execu\u00e7\u00e3o dos objetivos e metas contidos na dimens\u00e3o estrat\u00e9gica, considerando vari\u00e1veis pr\u00f3prias \u00e0 gest\u00e3o da institui\u00e7\u00e3o. Por fim, a\u00a0<b>dimens\u00e3o operacional<\/b>\u00a0est\u00e1 diretamente relacionada com as a\u00e7\u00f5es que desenvolvem o que foi constru\u00eddo nas dimens\u00f5es anteriores, voltadas integralmente \u00e0 concretiza\u00e7\u00e3o das atividades-fim. Os PDUs, neste contexto, prev\u00eaem objetivos t\u00e1ticos e operacionais elaborados pelas unidades da UFPel.<\/p>\n<p><a href=\"https:\/\/wp.ufpel.edu.br\/planejamentoufpel\/plano-de-desenvolvimento-de-unidades-pdu\/\">Acesse aqui a p\u00e1gina dos Documentos de Planejamento e saiba mais informa\u00e7\u00f5es sobre o PDU.<\/a><\/p>\n","protected":false},"excerpt":{"rendered":"<p>Os Planos de Desenvolvimento das Unidades (PDUs), que devem ser\u00a0elaborados pelas\u00a0trinta e uma unidades da UFPel (nove Unidades Administrativas e vinte e duas Unidades Acad\u00eamicas), s\u00e3o instrumentos vitais para a\u00a0descentraliza\u00e7\u00e3o do planejamento\u00a0e para o aprofundamento da\u00a0constru\u00e7\u00e3o coletiva\u00a0no \u00e2mbito universit\u00e1rio. Eles prev\u00eaem, de maneira transparente e p\u00fablica, as a\u00e7\u00f5es a serem realizadas pelas unidades, tornando poss\u00edvel [&hellip;]<\/p>\n","protected":false},"author":667,"featured_media":0,"parent":0,"menu_order":0,"comment_status":"closed","ping_status":"closed","template":"","meta":{"jetpack_post_was_ever_published":false,"footnotes":""},"class_list":["post-23","page","type-page","status-publish","hentry"],"jetpack_sharing_enabled":true,"jetpack_likes_enabled":true,"_links":{"self":[{"href":"https:\/\/wp.ufpel.edu.br\/cdip\/wp-json\/wp\/v2\/pages\/23","targetHints":{"allow":["GET"]}}],"collection":[{"href":"https:\/\/wp.ufpel.edu.br\/cdip\/wp-json\/wp\/v2\/pages"}],"about":[{"href":"https:\/\/wp.ufpel.edu.br\/cdip\/wp-json\/wp\/v2\/types\/page"}],"author":[{"embeddable":true,"href":"https:\/\/wp.ufpel.edu.br\/cdip\/wp-json\/wp\/v2\/users\/667"}],"replies":[{"embeddable":true,"href":"https:\/\/wp.ufpel.edu.br\/cdip\/wp-json\/wp\/v2\/comments?post=23"}],"version-history":[{"count":4,"href":"https:\/\/wp.ufpel.edu.br\/cdip\/wp-json\/wp\/v2\/pages\/23\/revisions"}],"predecessor-version":[{"id":194,"href":"https:\/\/wp.ufpel.edu.br\/cdip\/wp-json\/wp\/v2\/pages\/23\/revisions\/194"}],"wp:attachment":[{"href":"https:\/\/wp.ufpel.edu.br\/cdip\/wp-json\/wp\/v2\/media?parent=23"}],"curies":[{"name":"wp","href":"https:\/\/api.w.org\/{rel}","templated":true}]}}