{"id":161,"date":"2022-02-15T15:24:37","date_gmt":"2022-02-15T18:24:37","guid":{"rendered":"https:\/\/wp.ufpel.edu.br\/cdip\/?page_id=161"},"modified":"2022-03-25T09:27:35","modified_gmt":"2022-03-25T12:27:35","slug":"publicacoes","status":"publish","type":"page","link":"https:\/\/wp.ufpel.edu.br\/cdip\/publicacoes\/","title":{"rendered":"Publica\u00e7\u00f5es"},"content":{"rendered":"<ul>\n<li><a href=\"http:\/\/guaiaca.ufpel.edu.br:8080\/handle\/prefix\/8098\">Guia para elei\u00e7\u00f5es eletr\u00f4nicas na UFPel:<\/a> Helios Voting UFPel<\/li>\n<li><a href=\"http:\/\/guaiaca.ufpel.edu.br:8080\/handle\/prefix\/8152\">Projeto Pedag\u00f3gico Institucional (2022 &#8211; 2036):<\/a> metodologia participativa para elabora\u00e7\u00e3o do Projeto Pedag\u00f3gico Institucional da Universidade Federal de Pelotas<\/li>\n<li><a href=\"http:\/\/guaiaca.ufpel.edu.br\/handle\/prefix\/8215\">A\u00e7\u00f5es e conex\u00f5es:<\/a> os passos da UFPel nos \u00faltimos 6 anos &#8211; PDI 2015-2021<\/li>\n<li><a href=\"http:\/\/guaiaca.ufpel.edu.br\/handle\/prefix\/8214\">Avalia\u00e7\u00e3o e execu\u00e7\u00e3o do Plano de Desenvolvimento Institucional (PDI)<\/a> (Semin\u00e1rios Internos de Avalia\u00e7\u00e3o e Relat\u00f3rios de Gest\u00e3o) 2015-2021<\/li>\n<\/ul>\n","protected":false},"excerpt":{"rendered":"<p>Guia para elei\u00e7\u00f5es eletr\u00f4nicas na UFPel: Helios Voting UFPel Projeto Pedag\u00f3gico Institucional (2022 &#8211; 2036): metodologia participativa para elabora\u00e7\u00e3o do Projeto Pedag\u00f3gico Institucional da Universidade Federal de Pelotas A\u00e7\u00f5es e conex\u00f5es: os passos da UFPel nos \u00faltimos 6 anos &#8211; PDI 2015-2021 Avalia\u00e7\u00e3o e execu\u00e7\u00e3o do Plano de Desenvolvimento Institucional (PDI) (Semin\u00e1rios Internos de Avalia\u00e7\u00e3o [&hellip;]<\/p>\n","protected":false},"author":1177,"featured_media":0,"parent":0,"menu_order":0,"comment_status":"closed","ping_status":"closed","template":"","meta":{"jetpack_post_was_ever_published":false,"footnotes":""},"class_list":["post-161","page","type-page","status-publish","hentry"],"jetpack_sharing_enabled":true,"jetpack_likes_enabled":true,"_links":{"self":[{"href":"https:\/\/wp.ufpel.edu.br\/cdip\/wp-json\/wp\/v2\/pages\/161","targetHints":{"allow":["GET"]}}],"collection":[{"href":"https:\/\/wp.ufpel.edu.br\/cdip\/wp-json\/wp\/v2\/pages"}],"about":[{"href":"https:\/\/wp.ufpel.edu.br\/cdip\/wp-json\/wp\/v2\/types\/page"}],"author":[{"embeddable":true,"href":"https:\/\/wp.ufpel.edu.br\/cdip\/wp-json\/wp\/v2\/users\/1177"}],"replies":[{"embeddable":true,"href":"https:\/\/wp.ufpel.edu.br\/cdip\/wp-json\/wp\/v2\/comments?post=161"}],"version-history":[{"count":5,"href":"https:\/\/wp.ufpel.edu.br\/cdip\/wp-json\/wp\/v2\/pages\/161\/revisions"}],"predecessor-version":[{"id":176,"href":"https:\/\/wp.ufpel.edu.br\/cdip\/wp-json\/wp\/v2\/pages\/161\/revisions\/176"}],"wp:attachment":[{"href":"https:\/\/wp.ufpel.edu.br\/cdip\/wp-json\/wp\/v2\/media?parent=161"}],"curies":[{"name":"wp","href":"https:\/\/api.w.org\/{rel}","templated":true}]}}