{"id":127,"date":"2021-09-03T14:58:20","date_gmt":"2021-09-03T17:58:20","guid":{"rendered":"https:\/\/wp.ufpel.edu.br\/cdip\/?page_id=127"},"modified":"2026-03-23T10:24:33","modified_gmt":"2026-03-23T13:24:33","slug":"ndu","status":"publish","type":"page","link":"https:\/\/wp.ufpel.edu.br\/cdip\/ndu\/","title":{"rendered":"N\u00facleo para o Desenvolvimento Universit\u00e1rio \u2013 NDU"},"content":{"rendered":"<p>\u00d3rg\u00e3o respons\u00e1vel por elaborar estrat\u00e9gias para a constru\u00e7\u00e3o coletiva e execu\u00e7\u00e3o do Plano de Desenvolvimento Institucional e para manuten\u00e7\u00e3o do ciclo do planejamento universit\u00e1rio; bem como por elaborar o desenho organizacional universit\u00e1rio com base na reestrutura\u00e7\u00e3o participativa e elabora\u00e7\u00e3o aut\u00f4noma de Planos de Desenvolvimento das Unidades.<\/p>\n<p>O <b>N\u00facleo para o Desenvolvimento Universit\u00e1rio (NDU)<\/b>, tem como atribui\u00e7\u00f5es:<\/p>\n<ul>\n<li>Coordenar, em conjunto com o Conselho de Planejamento, a atualiza\u00e7\u00e3o dos documentos oficiais de base da Universidade (Regimento, Estatuto);<\/li>\n<li>Coordenar a elabora\u00e7\u00e3o do novo PDI da UFPel de forma participativa, a partir da metodologia multiescalar aprovada no CONSUN;<\/li>\n<li>Desenvolver e propor planos de readequa\u00e7\u00e3o das Unidades Acad\u00eamicas, com vistas a alterar o desenho organizacional da UFPel;<\/li>\n<li>Manter em funcionamento o ciclo do planejamento universit\u00e1rio na UFPel em seus 3 n\u00edveis (estrat\u00e9gico, t\u00e1tico e operacional);<\/li>\n<li>Elaborar planos de a\u00e7\u00e3o, coordenar for\u00e7as-tarefa e propor estrat\u00e9gias junto \u00e0s unidades;<\/li>\n<li>Subsidiar as etapas de planejamento, execu\u00e7\u00e3o, avalia\u00e7\u00e3o e replanejamento dos PDUs;<\/li>\n<li>Criar m\u00e9todos de comunica\u00e7\u00e3o e intera\u00e7\u00e3o com a comunidade externa \u00e0 universidade.<\/li>\n<\/ul>\n<p>&nbsp;<\/p>\n<p>Contato:<\/p>\n<p><b>Chefe de N\u00facleo:<\/b> Denise dos Santos Colares de Oliveira<\/p>\n<p><b>E-mail:<\/b> cdip@ufpel.edu.br<\/p>\n","protected":false},"excerpt":{"rendered":"<p>\u00d3rg\u00e3o respons\u00e1vel por elaborar estrat\u00e9gias para a constru\u00e7\u00e3o coletiva e execu\u00e7\u00e3o do Plano de Desenvolvimento Institucional e para manuten\u00e7\u00e3o do ciclo do planejamento universit\u00e1rio; bem como por elaborar o desenho organizacional universit\u00e1rio com base na reestrutura\u00e7\u00e3o participativa e elabora\u00e7\u00e3o aut\u00f4noma de Planos de Desenvolvimento das Unidades. O N\u00facleo para o Desenvolvimento Universit\u00e1rio (NDU), tem como [&hellip;]<\/p>\n","protected":false},"author":1177,"featured_media":0,"parent":0,"menu_order":0,"comment_status":"closed","ping_status":"closed","template":"","meta":{"jetpack_post_was_ever_published":false,"footnotes":""},"class_list":["post-127","page","type-page","status-publish","hentry"],"jetpack_sharing_enabled":true,"jetpack_likes_enabled":true,"_links":{"self":[{"href":"https:\/\/wp.ufpel.edu.br\/cdip\/wp-json\/wp\/v2\/pages\/127","targetHints":{"allow":["GET"]}}],"collection":[{"href":"https:\/\/wp.ufpel.edu.br\/cdip\/wp-json\/wp\/v2\/pages"}],"about":[{"href":"https:\/\/wp.ufpel.edu.br\/cdip\/wp-json\/wp\/v2\/types\/page"}],"author":[{"embeddable":true,"href":"https:\/\/wp.ufpel.edu.br\/cdip\/wp-json\/wp\/v2\/users\/1177"}],"replies":[{"embeddable":true,"href":"https:\/\/wp.ufpel.edu.br\/cdip\/wp-json\/wp\/v2\/comments?post=127"}],"version-history":[{"count":4,"href":"https:\/\/wp.ufpel.edu.br\/cdip\/wp-json\/wp\/v2\/pages\/127\/revisions"}],"predecessor-version":[{"id":317,"href":"https:\/\/wp.ufpel.edu.br\/cdip\/wp-json\/wp\/v2\/pages\/127\/revisions\/317"}],"wp:attachment":[{"href":"https:\/\/wp.ufpel.edu.br\/cdip\/wp-json\/wp\/v2\/media?parent=127"}],"curies":[{"name":"wp","href":"https:\/\/api.w.org\/{rel}","templated":true}]}}