{"id":124,"date":"2021-09-03T14:57:02","date_gmt":"2021-09-03T17:57:02","guid":{"rendered":"https:\/\/wp.ufpel.edu.br\/cdip\/?page_id=124"},"modified":"2026-03-23T10:24:09","modified_gmt":"2026-03-23T13:24:09","slug":"npc","status":"publish","type":"page","link":"https:\/\/wp.ufpel.edu.br\/cdip\/npc\/","title":{"rendered":"N\u00facleo de Processos Participativos &#8211; NPP"},"content":{"rendered":"<p>\u00d3rg\u00e3o respons\u00e1vel por criar, organizar e acompanhar m\u00e9todos e ferramentas participativas nos diferentes n\u00edveis decis\u00f3rios, desenvolvendo processos de participa\u00e7\u00e3o direta e qualificando aqueles da participa\u00e7\u00e3o representativa, al\u00e9m de apoiar metodologicamente a constru\u00e7\u00e3o participativa de documentos norteadores na universidade.<\/p>\n<p>O <b>N\u00facleo de Participa\u00e7\u00e3o Comunit\u00e1ria (NPC)<\/b>, tem como atribui\u00e7\u00f5es:<\/p>\n<ul>\n<li>Organizar e conduzir consultas e referendos institucionais.<\/li>\n<li>Organizar e acompanhar processos de consultas, assim como oferecer apoio para constru\u00e7\u00e3o participativa de documentos da gest\u00e3o.<\/li>\n<li>Criar m\u00e9todo e sistema que permita a troca constante de informa\u00e7\u00f5es e opini\u00f5es entre eleitos e eleitores (representantes e representados).<\/li>\n<li>Capacitar administradores para gerir as diversas ferramentas participativas assim como compilar os dados necess\u00e1rios com finalidade de descentralizar seu gerenciamento e a difus\u00e3o do seu uso.<\/li>\n<li>Apoiar metodologicamente a produ\u00e7\u00e3o de outros dispositivos legais obrigat\u00f3rios, tais como o Projeto Pedag\u00f3gico Institucional, o Plano Diretor do Espa\u00e7o F\u00edsico e a Pol\u00edtica de Meio Ambiente da UFPel, entre outros.<\/li>\n<li>Auxiliar as unidades administrativas e acad\u00eamicas na elabora\u00e7\u00e3o de planos de participa\u00e7\u00e3o, com objetivo de melhorar e ampliar seu funcionamento, consultas ao seu p\u00fablico alvo, entre outros.<\/li>\n<\/ul>\n<p>Contato:<\/p>\n<p><b>Chefe de N\u00facleo:<\/b> Joice Pereira da Silva<\/p>\n<p><b>E-mail:<\/b> cdip@ufpel.edu.br<\/p>\n","protected":false},"excerpt":{"rendered":"<p>\u00d3rg\u00e3o respons\u00e1vel por criar, organizar e acompanhar m\u00e9todos e ferramentas participativas nos diferentes n\u00edveis decis\u00f3rios, desenvolvendo processos de participa\u00e7\u00e3o direta e qualificando aqueles da participa\u00e7\u00e3o representativa, al\u00e9m de apoiar metodologicamente a constru\u00e7\u00e3o participativa de documentos norteadores na universidade. O N\u00facleo de Participa\u00e7\u00e3o Comunit\u00e1ria (NPC), tem como atribui\u00e7\u00f5es: Organizar e conduzir consultas e referendos institucionais. Organizar [&hellip;]<\/p>\n","protected":false},"author":1177,"featured_media":0,"parent":0,"menu_order":0,"comment_status":"closed","ping_status":"closed","template":"","meta":{"jetpack_post_was_ever_published":false,"footnotes":""},"class_list":["post-124","page","type-page","status-publish","hentry"],"jetpack_sharing_enabled":true,"jetpack_likes_enabled":true,"_links":{"self":[{"href":"https:\/\/wp.ufpel.edu.br\/cdip\/wp-json\/wp\/v2\/pages\/124","targetHints":{"allow":["GET"]}}],"collection":[{"href":"https:\/\/wp.ufpel.edu.br\/cdip\/wp-json\/wp\/v2\/pages"}],"about":[{"href":"https:\/\/wp.ufpel.edu.br\/cdip\/wp-json\/wp\/v2\/types\/page"}],"author":[{"embeddable":true,"href":"https:\/\/wp.ufpel.edu.br\/cdip\/wp-json\/wp\/v2\/users\/1177"}],"replies":[{"embeddable":true,"href":"https:\/\/wp.ufpel.edu.br\/cdip\/wp-json\/wp\/v2\/comments?post=124"}],"version-history":[{"count":4,"href":"https:\/\/wp.ufpel.edu.br\/cdip\/wp-json\/wp\/v2\/pages\/124\/revisions"}],"predecessor-version":[{"id":319,"href":"https:\/\/wp.ufpel.edu.br\/cdip\/wp-json\/wp\/v2\/pages\/124\/revisions\/319"}],"wp:attachment":[{"href":"https:\/\/wp.ufpel.edu.br\/cdip\/wp-json\/wp\/v2\/media?parent=124"}],"curies":[{"name":"wp","href":"https:\/\/api.w.org\/{rel}","templated":true}]}}