{"id":85,"date":"2019-06-19T18:36:33","date_gmt":"2019-06-19T21:36:33","guid":{"rendered":"https:\/\/wp.ufpel.edu.br\/cdcbio\/?page_id=85"},"modified":"2019-08-07T16:36:58","modified_gmt":"2019-08-07T19:36:58","slug":"rub-roll","status":"publish","type":"page","link":"https:\/\/wp.ufpel.edu.br\/cdcbio\/equipamentos\/rub-roll\/","title":{"rendered":"Rub &amp; Roll"},"content":{"rendered":"<p><img class=\"wp-image-222 alignleft\" src=\"https:\/\/wp.ufpel.edu.br\/cdcbio\/files\/2019\/08\/rub_roll-300x400.png\" alt=\"\" width=\"246\" height=\"328\" srcset=\"https:\/\/wp.ufpel.edu.br\/cdcbio\/files\/2019\/08\/rub_roll-300x400.png 300w, https:\/\/wp.ufpel.edu.br\/cdcbio\/files\/2019\/08\/rub_roll-768x1024.png 768w, https:\/\/wp.ufpel.edu.br\/cdcbio\/files\/2019\/08\/rub_roll.png 780w\" sizes=\"(max-width: 246px) 100vw, 246px\" \/><\/p>\n<p>&nbsp;<\/p>\n<p style=\"text-align: justify\">O Rub &amp; Roll \u00e9 um dispositivo simulador de fadiga e\/ou desgaste de dentes e materiais odontol\u00f3gicos sob diferentes circunst\u00e2ncias.<\/p>\n<p style=\"text-align: justify\">\u00c9 poss\u00edvel controlar a varia\u00e7\u00e3o de for\u00e7a, velocidade, n\u00famero de ciclos e frequ\u00eancia .<\/p>\n<p style=\"text-align: justify\">Durante o experimento diferentes l\u00edquidos podem ser adicionados ao cilindro que acondiciona os corpos de prova, alterando as propriedades erosivas e\/ou abrasivas.<\/p>\n<p>&nbsp;<\/p>\n<p>&nbsp;<\/p>\n<p>&nbsp;<\/p>\n<p><span style=\"font-size: 8pt\">Fonte: Ruben <em>et al<\/em>. (2016)<\/span><\/p>\n","protected":false},"excerpt":{"rendered":"<p>&nbsp; O Rub &amp; Roll \u00e9 um dispositivo simulador de fadiga e\/ou desgaste de dentes e materiais odontol\u00f3gicos sob diferentes circunst\u00e2ncias. \u00c9 poss\u00edvel controlar a varia\u00e7\u00e3o de for\u00e7a, velocidade, n\u00famero de ciclos e frequ\u00eancia . Durante o experimento diferentes l\u00edquidos podem ser adicionados ao cilindro que acondiciona os corpos de prova, alterando as propriedades erosivas [&hellip;]<\/p>\n","protected":false},"author":741,"featured_media":0,"parent":65,"menu_order":0,"comment_status":"closed","ping_status":"closed","template":"","meta":{"footnotes":""},"class_list":["post-85","page","type-page","status-publish","hentry"],"jetpack_sharing_enabled":true,"_links":{"self":[{"href":"https:\/\/wp.ufpel.edu.br\/cdcbio\/wp-json\/wp\/v2\/pages\/85","targetHints":{"allow":["GET"]}}],"collection":[{"href":"https:\/\/wp.ufpel.edu.br\/cdcbio\/wp-json\/wp\/v2\/pages"}],"about":[{"href":"https:\/\/wp.ufpel.edu.br\/cdcbio\/wp-json\/wp\/v2\/types\/page"}],"author":[{"embeddable":true,"href":"https:\/\/wp.ufpel.edu.br\/cdcbio\/wp-json\/wp\/v2\/users\/741"}],"replies":[{"embeddable":true,"href":"https:\/\/wp.ufpel.edu.br\/cdcbio\/wp-json\/wp\/v2\/comments?post=85"}],"version-history":[{"count":5,"href":"https:\/\/wp.ufpel.edu.br\/cdcbio\/wp-json\/wp\/v2\/pages\/85\/revisions"}],"predecessor-version":[{"id":225,"href":"https:\/\/wp.ufpel.edu.br\/cdcbio\/wp-json\/wp\/v2\/pages\/85\/revisions\/225"}],"up":[{"embeddable":true,"href":"https:\/\/wp.ufpel.edu.br\/cdcbio\/wp-json\/wp\/v2\/pages\/65"}],"wp:attachment":[{"href":"https:\/\/wp.ufpel.edu.br\/cdcbio\/wp-json\/wp\/v2\/media?parent=85"}],"curies":[{"name":"wp","href":"https:\/\/api.w.org\/{rel}","templated":true}]}}