{"id":83,"date":"2019-06-19T18:36:10","date_gmt":"2019-06-19T21:36:10","guid":{"rendered":"https:\/\/wp.ufpel.edu.br\/cdcbio\/?page_id=83"},"modified":"2019-07-03T17:24:17","modified_gmt":"2019-07-03T20:24:17","slug":"cicladora-mecanica","status":"publish","type":"page","link":"https:\/\/wp.ufpel.edu.br\/cdcbio\/equipamentos\/cicladora-mecanica\/","title":{"rendered":"Cicladora Mec\u00e2nica"},"content":{"rendered":"<p style=\"text-align: justify\"><span style=\"font-size: 8pt\"><img class=\" wp-image-110 alignleft\" src=\"https:\/\/wp.ufpel.edu.br\/cdcbio\/files\/2019\/07\/Biocycle-Cicladora-Mec\u00e2nica-400x320.png\" alt=\"\" width=\"337\" height=\"270\" srcset=\"https:\/\/wp.ufpel.edu.br\/cdcbio\/files\/2019\/07\/Biocycle-Cicladora-Mec\u00e2nica-400x320.png 400w, https:\/\/wp.ufpel.edu.br\/cdcbio\/files\/2019\/07\/Biocycle-Cicladora-Mec\u00e2nica.png 600w\" sizes=\"(max-width: 337px) 100vw, 337px\" \/><\/span><\/p>\n<p>&nbsp;<\/p>\n<p style=\"text-align: justify\">A cicladora mec\u00e2nica realiza testes de fadiga mec\u00e2nica aproximando os ensaios das condi\u00e7\u00f5es encontradas na boca humana, aprimora os m\u00e9todos de pesquisa de estudo in vitro que simulam a mastiga\u00e7\u00e3o humana.<\/p>\n<p style=\"text-align: justify\">\u00c9 movida a ar comprimido, podendo atingir frequ\u00eancias de at\u00e9 5 Hz e sua estrutura permite a execu\u00e7\u00e3o de at\u00e9 10 corpos de prova por vez, o que permite simultaneidade nos testes de fadiga mec\u00e2nica, que podem ser realizados por compress\u00e3o ou impacto.<\/p>\n<p>&nbsp;<\/p>\n<p><span style=\"font-size: 8pt\">Fonte: <a href=\"https:\/\/biopdi.com\/\">biopdi.com<\/a><\/span><\/p>\n","protected":false},"excerpt":{"rendered":"<p>&nbsp; A cicladora mec\u00e2nica realiza testes de fadiga mec\u00e2nica aproximando os ensaios das condi\u00e7\u00f5es encontradas na boca humana, aprimora os m\u00e9todos de pesquisa de estudo in vitro que simulam a mastiga\u00e7\u00e3o humana. \u00c9 movida a ar comprimido, podendo atingir frequ\u00eancias de at\u00e9 5 Hz e sua estrutura permite a execu\u00e7\u00e3o de at\u00e9 10 corpos de [&hellip;]<\/p>\n","protected":false},"author":741,"featured_media":0,"parent":65,"menu_order":0,"comment_status":"closed","ping_status":"closed","template":"","meta":{"footnotes":""},"class_list":["post-83","page","type-page","status-publish","hentry"],"jetpack_sharing_enabled":true,"_links":{"self":[{"href":"https:\/\/wp.ufpel.edu.br\/cdcbio\/wp-json\/wp\/v2\/pages\/83","targetHints":{"allow":["GET"]}}],"collection":[{"href":"https:\/\/wp.ufpel.edu.br\/cdcbio\/wp-json\/wp\/v2\/pages"}],"about":[{"href":"https:\/\/wp.ufpel.edu.br\/cdcbio\/wp-json\/wp\/v2\/types\/page"}],"author":[{"embeddable":true,"href":"https:\/\/wp.ufpel.edu.br\/cdcbio\/wp-json\/wp\/v2\/users\/741"}],"replies":[{"embeddable":true,"href":"https:\/\/wp.ufpel.edu.br\/cdcbio\/wp-json\/wp\/v2\/comments?post=83"}],"version-history":[{"count":5,"href":"https:\/\/wp.ufpel.edu.br\/cdcbio\/wp-json\/wp\/v2\/pages\/83\/revisions"}],"predecessor-version":[{"id":114,"href":"https:\/\/wp.ufpel.edu.br\/cdcbio\/wp-json\/wp\/v2\/pages\/83\/revisions\/114"}],"up":[{"embeddable":true,"href":"https:\/\/wp.ufpel.edu.br\/cdcbio\/wp-json\/wp\/v2\/pages\/65"}],"wp:attachment":[{"href":"https:\/\/wp.ufpel.edu.br\/cdcbio\/wp-json\/wp\/v2\/media?parent=83"}],"curies":[{"name":"wp","href":"https:\/\/api.w.org\/{rel}","templated":true}]}}