{"id":81,"date":"2019-06-19T18:35:48","date_gmt":"2019-06-19T21:35:48","guid":{"rendered":"https:\/\/wp.ufpel.edu.br\/cdcbio\/?page_id=81"},"modified":"2019-07-03T17:26:10","modified_gmt":"2019-07-03T20:26:10","slug":"simulador-de-escovacao","status":"publish","type":"page","link":"https:\/\/wp.ufpel.edu.br\/cdcbio\/equipamentos\/simulador-de-escovacao\/","title":{"rendered":"Simulador de Escova\u00e7\u00e3o"},"content":{"rendered":"<p style=\"text-align: justify\"><a href=\"https:\/\/wp.ufpel.edu.br\/cdcbio\/equipamentos\/simulador-de-escovacao\/maquina-de-escovacao-mev3t\/\" rel=\"attachment wp-att-95\"><img class=\"wp-image-95 alignleft\" src=\"https:\/\/wp.ufpel.edu.br\/cdcbio\/files\/2019\/07\/M\u00e1quina-de-escova\u00e7\u00e3o-MEV3T-e1562094439140.jpg\" alt=\"\" width=\"288\" height=\"220\" \/><\/a><\/p>\n<p>&nbsp;<\/p>\n<p style=\"text-align: justify\">O simulador de escova\u00e7\u00e3o realiza ensaios de escova\u00e7\u00e3o\/abrasividade atrav\u00e9s de dois sentidos de movimenta\u00e7\u00e3o (eixos x e y).<\/p>\n<p style=\"text-align: justify\">Apresenta ajuste de temperatura, amplitude e direcionamento dos movimentos, velocidade de escova\u00e7\u00e3o e n\u00famero de ciclos.<\/p>\n<p>&nbsp;<\/p>\n<p>&nbsp;<\/p>\n<p><span style=\"font-size: 8pt\">Fonte: www.odeme.com.br<\/span><\/p>\n","protected":false},"excerpt":{"rendered":"<p>&nbsp; O simulador de escova\u00e7\u00e3o realiza ensaios de escova\u00e7\u00e3o\/abrasividade atrav\u00e9s de dois sentidos de movimenta\u00e7\u00e3o (eixos x e y). Apresenta ajuste de temperatura, amplitude e direcionamento dos movimentos, velocidade de escova\u00e7\u00e3o e n\u00famero de ciclos. &nbsp; &nbsp; Fonte: www.odeme.com.br<\/p>\n","protected":false},"author":741,"featured_media":0,"parent":65,"menu_order":0,"comment_status":"closed","ping_status":"closed","template":"","meta":{"footnotes":""},"class_list":["post-81","page","type-page","status-publish","hentry"],"jetpack_sharing_enabled":true,"_links":{"self":[{"href":"https:\/\/wp.ufpel.edu.br\/cdcbio\/wp-json\/wp\/v2\/pages\/81","targetHints":{"allow":["GET"]}}],"collection":[{"href":"https:\/\/wp.ufpel.edu.br\/cdcbio\/wp-json\/wp\/v2\/pages"}],"about":[{"href":"https:\/\/wp.ufpel.edu.br\/cdcbio\/wp-json\/wp\/v2\/types\/page"}],"author":[{"embeddable":true,"href":"https:\/\/wp.ufpel.edu.br\/cdcbio\/wp-json\/wp\/v2\/users\/741"}],"replies":[{"embeddable":true,"href":"https:\/\/wp.ufpel.edu.br\/cdcbio\/wp-json\/wp\/v2\/comments?post=81"}],"version-history":[{"count":10,"href":"https:\/\/wp.ufpel.edu.br\/cdcbio\/wp-json\/wp\/v2\/pages\/81\/revisions"}],"predecessor-version":[{"id":115,"href":"https:\/\/wp.ufpel.edu.br\/cdcbio\/wp-json\/wp\/v2\/pages\/81\/revisions\/115"}],"up":[{"embeddable":true,"href":"https:\/\/wp.ufpel.edu.br\/cdcbio\/wp-json\/wp\/v2\/pages\/65"}],"wp:attachment":[{"href":"https:\/\/wp.ufpel.edu.br\/cdcbio\/wp-json\/wp\/v2\/media?parent=81"}],"curies":[{"name":"wp","href":"https:\/\/api.w.org\/{rel}","templated":true}]}}