{"id":77,"date":"2019-06-19T18:34:22","date_gmt":"2019-06-19T21:34:22","guid":{"rendered":"https:\/\/wp.ufpel.edu.br\/cdcbio\/?page_id=77"},"modified":"2019-07-04T15:29:55","modified_gmt":"2019-07-04T18:29:55","slug":"leitor-de-ions","status":"publish","type":"page","link":"https:\/\/wp.ufpel.edu.br\/cdcbio\/equipamentos\/leitor-de-ions\/","title":{"rendered":"Leitor de \u00edons"},"content":{"rendered":"<p><img class=\"wp-image-134 alignleft\" src=\"https:\/\/wp.ufpel.edu.br\/cdcbio\/files\/2019\/07\/Leitor-de-\u00edons-400x400.jpg\" alt=\"\" width=\"228\" height=\"228\" srcset=\"https:\/\/wp.ufpel.edu.br\/cdcbio\/files\/2019\/07\/Leitor-de-\u00edons-400x400.jpg 400w, https:\/\/wp.ufpel.edu.br\/cdcbio\/files\/2019\/07\/Leitor-de-\u00edons-200x200.jpg 200w, https:\/\/wp.ufpel.edu.br\/cdcbio\/files\/2019\/07\/Leitor-de-\u00edons.jpg 720w\" sizes=\"(max-width: 228px) 100vw, 228px\" \/><\/p>\n<p>&nbsp;<\/p>\n<p>Medidor de bancada para pH\/mV\/ISE com dois canais equipado com eletrodos combinados de \u00edon seletivo para a determina\u00e7\u00e3o de fluoreto (F<sup>&#8211;<\/sup>) e c\u00e1lcio (Ca<sup>+2<\/sup>) em solu\u00e7\u00e3o.<\/p>\n<p style=\"text-align: justify\"><img class=\"wp-image-136 alignleft\" src=\"https:\/\/wp.ufpel.edu.br\/cdcbio\/files\/2019\/07\/pHmetro-1.jpg\" alt=\"\" width=\"215\" height=\"215\" srcset=\"https:\/\/wp.ufpel.edu.br\/cdcbio\/files\/2019\/07\/pHmetro-1.jpg 400w, https:\/\/wp.ufpel.edu.br\/cdcbio\/files\/2019\/07\/pHmetro-1-200x200.jpg 200w\" sizes=\"(max-width: 215px) 100vw, 215px\" \/><\/p>\n<p>&nbsp;<\/p>\n<p>&nbsp;<\/p>\n<p style=\"text-align: justify\">Medidor de pH de bancada com calibra\u00e7\u00e3o manual, realiza leituras na faixa de -2,00 a 16,00.<\/p>\n<p>&nbsp;<\/p>\n<p>&nbsp;<\/p>\n<p>&nbsp;<\/p>\n<p><span style=\"font-family: georgia, palatino, serif;font-size: 8pt\">Fonte: hannainst.com.br<\/span><\/p>\n","protected":false},"excerpt":{"rendered":"<p>&nbsp; Medidor de bancada para pH\/mV\/ISE com dois canais equipado com eletrodos combinados de \u00edon seletivo para a determina\u00e7\u00e3o de fluoreto (F&#8211;) e c\u00e1lcio (Ca+2) em solu\u00e7\u00e3o. &nbsp; &nbsp; Medidor de pH de bancada com calibra\u00e7\u00e3o manual, realiza leituras na faixa de -2,00 a 16,00. &nbsp; &nbsp; &nbsp; Fonte: hannainst.com.br<\/p>\n","protected":false},"author":741,"featured_media":0,"parent":65,"menu_order":0,"comment_status":"closed","ping_status":"closed","template":"","meta":{"footnotes":""},"class_list":["post-77","page","type-page","status-publish","hentry"],"jetpack_sharing_enabled":true,"_links":{"self":[{"href":"https:\/\/wp.ufpel.edu.br\/cdcbio\/wp-json\/wp\/v2\/pages\/77","targetHints":{"allow":["GET"]}}],"collection":[{"href":"https:\/\/wp.ufpel.edu.br\/cdcbio\/wp-json\/wp\/v2\/pages"}],"about":[{"href":"https:\/\/wp.ufpel.edu.br\/cdcbio\/wp-json\/wp\/v2\/types\/page"}],"author":[{"embeddable":true,"href":"https:\/\/wp.ufpel.edu.br\/cdcbio\/wp-json\/wp\/v2\/users\/741"}],"replies":[{"embeddable":true,"href":"https:\/\/wp.ufpel.edu.br\/cdcbio\/wp-json\/wp\/v2\/comments?post=77"}],"version-history":[{"count":8,"href":"https:\/\/wp.ufpel.edu.br\/cdcbio\/wp-json\/wp\/v2\/pages\/77\/revisions"}],"predecessor-version":[{"id":142,"href":"https:\/\/wp.ufpel.edu.br\/cdcbio\/wp-json\/wp\/v2\/pages\/77\/revisions\/142"}],"up":[{"embeddable":true,"href":"https:\/\/wp.ufpel.edu.br\/cdcbio\/wp-json\/wp\/v2\/pages\/65"}],"wp:attachment":[{"href":"https:\/\/wp.ufpel.edu.br\/cdcbio\/wp-json\/wp\/v2\/media?parent=77"}],"curies":[{"name":"wp","href":"https:\/\/api.w.org\/{rel}","templated":true}]}}