{"id":69,"date":"2019-06-19T18:29:52","date_gmt":"2019-06-19T21:29:52","guid":{"rendered":"https:\/\/wp.ufpel.edu.br\/cdcbio\/?page_id=69"},"modified":"2019-07-03T19:12:58","modified_gmt":"2019-07-03T22:12:58","slug":"ftir","status":"publish","type":"page","link":"https:\/\/wp.ufpel.edu.br\/cdcbio\/equipamentos\/ftir\/","title":{"rendered":"FTIR"},"content":{"rendered":"<p><img class=\"wp-image-123 alignleft\" src=\"https:\/\/wp.ufpel.edu.br\/cdcbio\/files\/2019\/07\/FTIR.jpg\" alt=\"\" width=\"246\" height=\"149\" \/><\/p>\n<p style=\"text-align: justify\">Realiza leituras em absorb\u00e2ncia e transmit\u00e2ncia na faixa de 400 a 4000 cm<sup>-1<\/sup>.<\/p>\n<p style=\"text-align: justify\">Os testes mais comumente realizados no CDC-Bio s\u00e3o o de varredura, determina\u00e7\u00e3o de grau de convers\u00e3o e cin\u00e9tica de polimeriza\u00e7\u00e3o.<\/p>\n<p>&nbsp;<\/p>\n<p>&nbsp;<\/p>\n<p><span style=\"font-size: 8pt\">Fonte: www.shimadzu.com.br<\/span><\/p>\n","protected":false},"excerpt":{"rendered":"<p>Realiza leituras em absorb\u00e2ncia e transmit\u00e2ncia na faixa de 400 a 4000 cm-1. Os testes mais comumente realizados no CDC-Bio s\u00e3o o de varredura, determina\u00e7\u00e3o de grau de convers\u00e3o e cin\u00e9tica de polimeriza\u00e7\u00e3o. &nbsp; &nbsp; Fonte: www.shimadzu.com.br<\/p>\n","protected":false},"author":741,"featured_media":0,"parent":65,"menu_order":0,"comment_status":"closed","ping_status":"closed","template":"","meta":{"footnotes":""},"class_list":["post-69","page","type-page","status-publish","hentry"],"jetpack_sharing_enabled":true,"_links":{"self":[{"href":"https:\/\/wp.ufpel.edu.br\/cdcbio\/wp-json\/wp\/v2\/pages\/69","targetHints":{"allow":["GET"]}}],"collection":[{"href":"https:\/\/wp.ufpel.edu.br\/cdcbio\/wp-json\/wp\/v2\/pages"}],"about":[{"href":"https:\/\/wp.ufpel.edu.br\/cdcbio\/wp-json\/wp\/v2\/types\/page"}],"author":[{"embeddable":true,"href":"https:\/\/wp.ufpel.edu.br\/cdcbio\/wp-json\/wp\/v2\/users\/741"}],"replies":[{"embeddable":true,"href":"https:\/\/wp.ufpel.edu.br\/cdcbio\/wp-json\/wp\/v2\/comments?post=69"}],"version-history":[{"count":7,"href":"https:\/\/wp.ufpel.edu.br\/cdcbio\/wp-json\/wp\/v2\/pages\/69\/revisions"}],"predecessor-version":[{"id":129,"href":"https:\/\/wp.ufpel.edu.br\/cdcbio\/wp-json\/wp\/v2\/pages\/69\/revisions\/129"}],"up":[{"embeddable":true,"href":"https:\/\/wp.ufpel.edu.br\/cdcbio\/wp-json\/wp\/v2\/pages\/65"}],"wp:attachment":[{"href":"https:\/\/wp.ufpel.edu.br\/cdcbio\/wp-json\/wp\/v2\/media?parent=69"}],"curies":[{"name":"wp","href":"https:\/\/api.w.org\/{rel}","templated":true}]}}