{"id":295,"date":"2025-04-14T14:05:19","date_gmt":"2025-04-14T17:05:19","guid":{"rendered":"https:\/\/wp.ufpel.edu.br\/cdcbio\/?page_id=295"},"modified":"2025-04-14T14:08:09","modified_gmt":"2025-04-14T17:08:09","slug":"laboratorios-parceiros","status":"publish","type":"page","link":"https:\/\/wp.ufpel.edu.br\/cdcbio\/equipamentos\/laboratorios-parceiros\/","title":{"rendered":"Laborat\u00f3rios Parceiros"},"content":{"rendered":"<p><strong>Laborat\u00f3rios parceiros em estrutura multiusu\u00e1rios<\/strong><\/p>\n<ul>\n<li><a href=\"https:\/\/pnipe.mcti.gov.br\/laboratory\/2980\">Central Anal\u00edtica \/ M\u00f3dulo Qu\u00edmica<\/a><\/li>\n<li><a href=\"https:\/\/pnipe.mcti.gov.br\/laboratory\/4795\">Laborat\u00f3rio de Microbiologia (LAMICRO)<\/a><\/li>\n<li><a href=\"https:\/\/pnipe.mcti.gov.br\/laboratory\/5658\">Laborat\u00f3rio de Cultivo Celular &amp; Engenharia Tecidual (NCTBio I)<\/a><\/li>\n<li><a href=\"https:\/\/pnipe.mcti.gov.br\/laboratory\/5658\">Histopatologia\/Imuno-histoqui\u0301mica e Biologia Molecular (NCTBio II)<\/a><\/li>\n<li><a href=\"https:\/\/pnipe.mcti.gov.br\/laboratory\/4796\">Grupo de Tecnologias Aplicadas em Materiais Avan\u00e7ados (Novonano)<\/a><\/li>\n<li><a href=\"https:\/\/pnipe.mcti.gov.br\/laboratory\/6029\">Laborat\u00f3rio de Pesquisa em Materiais (LAPEM)<\/a><\/li>\n<li><a href=\"https:\/\/pnipe.mcti.gov.br\/laboratory\/6037\">Laborat\u00f3rio de Pol\u00edmeros e Materiais Lignocelul\u00f3sicos (LabPMat)<\/a><\/li>\n<\/ul>\n","protected":false},"excerpt":{"rendered":"<p>Laborat\u00f3rios parceiros em estrutura multiusu\u00e1rios Central Anal\u00edtica \/ M\u00f3dulo Qu\u00edmica Laborat\u00f3rio de Microbiologia (LAMICRO) Laborat\u00f3rio de Cultivo Celular &amp; Engenharia Tecidual (NCTBio I) Histopatologia\/Imuno-histoqui\u0301mica e Biologia Molecular (NCTBio II) Grupo de Tecnologias Aplicadas em Materiais Avan\u00e7ados (Novonano) Laborat\u00f3rio de Pesquisa em Materiais (LAPEM) Laborat\u00f3rio de Pol\u00edmeros e Materiais Lignocelul\u00f3sicos (LabPMat)<\/p>\n","protected":false},"author":741,"featured_media":0,"parent":65,"menu_order":1,"comment_status":"closed","ping_status":"closed","template":"","meta":{"footnotes":""},"class_list":["post-295","page","type-page","status-publish","hentry"],"jetpack_sharing_enabled":true,"_links":{"self":[{"href":"https:\/\/wp.ufpel.edu.br\/cdcbio\/wp-json\/wp\/v2\/pages\/295","targetHints":{"allow":["GET"]}}],"collection":[{"href":"https:\/\/wp.ufpel.edu.br\/cdcbio\/wp-json\/wp\/v2\/pages"}],"about":[{"href":"https:\/\/wp.ufpel.edu.br\/cdcbio\/wp-json\/wp\/v2\/types\/page"}],"author":[{"embeddable":true,"href":"https:\/\/wp.ufpel.edu.br\/cdcbio\/wp-json\/wp\/v2\/users\/741"}],"replies":[{"embeddable":true,"href":"https:\/\/wp.ufpel.edu.br\/cdcbio\/wp-json\/wp\/v2\/comments?post=295"}],"version-history":[{"count":2,"href":"https:\/\/wp.ufpel.edu.br\/cdcbio\/wp-json\/wp\/v2\/pages\/295\/revisions"}],"predecessor-version":[{"id":297,"href":"https:\/\/wp.ufpel.edu.br\/cdcbio\/wp-json\/wp\/v2\/pages\/295\/revisions\/297"}],"up":[{"embeddable":true,"href":"https:\/\/wp.ufpel.edu.br\/cdcbio\/wp-json\/wp\/v2\/pages\/65"}],"wp:attachment":[{"href":"https:\/\/wp.ufpel.edu.br\/cdcbio\/wp-json\/wp\/v2\/media?parent=295"}],"curies":[{"name":"wp","href":"https:\/\/api.w.org\/{rel}","templated":true}]}}