{"id":291,"date":"2025-04-14T13:57:34","date_gmt":"2025-04-14T16:57:34","guid":{"rendered":"https:\/\/wp.ufpel.edu.br\/cdcbio\/?page_id=291"},"modified":"2025-04-14T14:02:40","modified_gmt":"2025-04-14T17:02:40","slug":"localizacao-e-contato","status":"publish","type":"page","link":"https:\/\/wp.ufpel.edu.br\/cdcbio\/o-cdc-bio\/localizacao-e-contato\/","title":{"rendered":"Localiza\u00e7\u00e3o e Contato"},"content":{"rendered":"<p><strong>Localiza\u00e7\u00e3o<\/strong><\/p>\n<ul>\n<li>Rua Gon\u00e7alves Chaves, 457 &#8211; Centro, Pelotas &#8211; RS, Brasil &#8211; 96015-560<\/li>\n<\/ul>\n<p><strong>Contato<\/strong><\/p>\n<ul>\n<li>E-mail: cdcbio.fop@gmail.com<\/li>\n<li>Telefone: (53) 32602804<\/li>\n<\/ul>\n","protected":false},"excerpt":{"rendered":"<p>Localiza\u00e7\u00e3o Rua Gon\u00e7alves Chaves, 457 &#8211; Centro, Pelotas &#8211; RS, Brasil &#8211; 96015-560 Contato E-mail: cdcbio.fop@gmail.com Telefone: (53) 32602804<\/p>\n","protected":false},"author":741,"featured_media":0,"parent":173,"menu_order":5,"comment_status":"closed","ping_status":"closed","template":"","meta":{"footnotes":""},"class_list":["post-291","page","type-page","status-publish","hentry"],"jetpack_sharing_enabled":true,"_links":{"self":[{"href":"https:\/\/wp.ufpel.edu.br\/cdcbio\/wp-json\/wp\/v2\/pages\/291","targetHints":{"allow":["GET"]}}],"collection":[{"href":"https:\/\/wp.ufpel.edu.br\/cdcbio\/wp-json\/wp\/v2\/pages"}],"about":[{"href":"https:\/\/wp.ufpel.edu.br\/cdcbio\/wp-json\/wp\/v2\/types\/page"}],"author":[{"embeddable":true,"href":"https:\/\/wp.ufpel.edu.br\/cdcbio\/wp-json\/wp\/v2\/users\/741"}],"replies":[{"embeddable":true,"href":"https:\/\/wp.ufpel.edu.br\/cdcbio\/wp-json\/wp\/v2\/comments?post=291"}],"version-history":[{"count":3,"href":"https:\/\/wp.ufpel.edu.br\/cdcbio\/wp-json\/wp\/v2\/pages\/291\/revisions"}],"predecessor-version":[{"id":294,"href":"https:\/\/wp.ufpel.edu.br\/cdcbio\/wp-json\/wp\/v2\/pages\/291\/revisions\/294"}],"up":[{"embeddable":true,"href":"https:\/\/wp.ufpel.edu.br\/cdcbio\/wp-json\/wp\/v2\/pages\/173"}],"wp:attachment":[{"href":"https:\/\/wp.ufpel.edu.br\/cdcbio\/wp-json\/wp\/v2\/media?parent=291"}],"curies":[{"name":"wp","href":"https:\/\/api.w.org\/{rel}","templated":true}]}}