{"id":202,"date":"2019-07-17T17:36:38","date_gmt":"2019-07-17T20:36:38","guid":{"rendered":"https:\/\/wp.ufpel.edu.br\/cdcbio\/?page_id=202"},"modified":"2025-04-14T13:27:03","modified_gmt":"2025-04-14T16:27:03","slug":"galeria-de-fotos","status":"publish","type":"page","link":"https:\/\/wp.ufpel.edu.br\/cdcbio\/galeria-de-fotos\/","title":{"rendered":"Fotos"},"content":{"rendered":"<div id=\"attachment_240\" style=\"width: 340px\" class=\"wp-caption alignleft\"><img aria-describedby=\"caption-attachment-240\" class=\" wp-image-240\" src=\"https:\/\/wp.ufpel.edu.br\/cdcbio\/files\/2019\/11\/WhatsApp-Image-2019-11-22-at-18.50.10-1-e1574459789602-350x400.jpeg\" alt=\"\" width=\"330\" height=\"378\" srcset=\"https:\/\/wp.ufpel.edu.br\/cdcbio\/files\/2019\/11\/WhatsApp-Image-2019-11-22-at-18.50.10-1-e1574459789602-350x400.jpeg 350w, https:\/\/wp.ufpel.edu.br\/cdcbio\/files\/2019\/11\/WhatsApp-Image-2019-11-22-at-18.50.10-1-e1574459789602-768x878.jpeg 768w, https:\/\/wp.ufpel.edu.br\/cdcbio\/files\/2019\/11\/WhatsApp-Image-2019-11-22-at-18.50.10-1-e1574459789602.jpeg 779w\" sizes=\"(max-width: 330px) 100vw, 330px\" \/><p id=\"caption-attachment-240\" class=\"wp-caption-text\">An\u00e1lise de viscosidade de saliva. Doutorandos do PPGO\/UFPel Juan e Andressa e a t\u00e9cnica Josiane.<\/p><\/div>\n<div id=\"attachment_241\" style=\"width: 338px\" class=\"wp-caption alignright\"><img aria-describedby=\"caption-attachment-241\" class=\" wp-image-241\" src=\"https:\/\/wp.ufpel.edu.br\/cdcbio\/files\/2019\/11\/WhatsApp-Image-2019-11-22-at-18.49.41-e1574459941562-350x400.jpeg\" alt=\"\" width=\"328\" height=\"375\" srcset=\"https:\/\/wp.ufpel.edu.br\/cdcbio\/files\/2019\/11\/WhatsApp-Image-2019-11-22-at-18.49.41-e1574459941562-350x400.jpeg 350w, https:\/\/wp.ufpel.edu.br\/cdcbio\/files\/2019\/11\/WhatsApp-Image-2019-11-22-at-18.49.41-e1574459941562.jpeg 738w\" sizes=\"(max-width: 328px) 100vw, 328px\" \/><p id=\"caption-attachment-241\" class=\"wp-caption-text\">Preparo de amostra para o experimento de microcosmos. Doutoranda Ra\u00edssa do PPGO\/UFPel.<\/p><\/div>\n<div id=\"attachment_233\" style=\"width: 337px\" class=\"wp-caption alignright\"><img aria-describedby=\"caption-attachment-233\" class=\" wp-image-233\" src=\"https:\/\/wp.ufpel.edu.br\/cdcbio\/files\/2019\/10\/WhatsApp-Image-2019-10-16-at-16.00.32-e1571252873485-350x400.jpeg\" alt=\"\" width=\"327\" height=\"373\" srcset=\"https:\/\/wp.ufpel.edu.br\/cdcbio\/files\/2019\/10\/WhatsApp-Image-2019-10-16-at-16.00.32-e1571252873485-350x400.jpeg 350w, https:\/\/wp.ufpel.edu.br\/cdcbio\/files\/2019\/10\/WhatsApp-Image-2019-10-16-at-16.00.32-e1571252873485-768x878.jpeg 768w, https:\/\/wp.ufpel.edu.br\/cdcbio\/files\/2019\/10\/WhatsApp-Image-2019-10-16-at-16.00.32-e1571252873485.jpeg 779w\" sizes=\"(max-width: 327px) 100vw, 327px\" \/><p id=\"caption-attachment-233\" class=\"wp-caption-text\">Exposi\u00e7\u00e3o de dentina e sec\u00e7\u00e3o de coroas bovinas. Discentes do PPGO\/UFPel Gabriela e Carla.<\/p><\/div>\n<div id=\"attachment_230\" style=\"width: 337px\" class=\"wp-caption alignleft\"><img aria-describedby=\"caption-attachment-230\" class=\" wp-image-230\" src=\"https:\/\/wp.ufpel.edu.br\/cdcbio\/files\/2019\/10\/WhatsApp-Image-2019-10-16-at-15.56.25-e1571252342400-350x400.jpeg\" alt=\"\" width=\"327\" height=\"374\" srcset=\"https:\/\/wp.ufpel.edu.br\/cdcbio\/files\/2019\/10\/WhatsApp-Image-2019-10-16-at-15.56.25-e1571252342400-350x400.jpeg 350w, https:\/\/wp.ufpel.edu.br\/cdcbio\/files\/2019\/10\/WhatsApp-Image-2019-10-16-at-15.56.25-e1571252342400.jpeg 681w\" sizes=\"(max-width: 327px) 100vw, 327px\" \/><p id=\"caption-attachment-230\" class=\"wp-caption-text\">Preparo de amostras para ciclagem mec\u00e2nica. Peterson (PPGO\/UFPel) e Ilse (ACTA\/Holanda).<\/p><\/div>\n<div id=\"attachment_228\" style=\"width: 338px\" class=\"wp-caption alignright\"><img aria-describedby=\"caption-attachment-228\" class=\" wp-image-228\" src=\"https:\/\/wp.ufpel.edu.br\/cdcbio\/files\/2019\/10\/WhatsApp-Image-2019-10-16-at-15.11.41-e1571249842859-350x400.jpeg\" alt=\"\" width=\"328\" height=\"375\" srcset=\"https:\/\/wp.ufpel.edu.br\/cdcbio\/files\/2019\/10\/WhatsApp-Image-2019-10-16-at-15.11.41-e1571249842859-350x400.jpeg 350w, https:\/\/wp.ufpel.edu.br\/cdcbio\/files\/2019\/10\/WhatsApp-Image-2019-10-16-at-15.11.41-e1571249842859.jpeg 681w\" sizes=\"(max-width: 328px) 100vw, 328px\" \/><p id=\"caption-attachment-228\" class=\"wp-caption-text\">Aula pr\u00e1tica da disciplina de UPC II do Curso de Odontologia da UFPel com o Prof. Evandro Piva.<\/p><\/div>\n<div id=\"attachment_217\" style=\"width: 338px\" class=\"wp-caption alignleft\"><img aria-describedby=\"caption-attachment-217\" class=\" wp-image-217\" src=\"https:\/\/wp.ufpel.edu.br\/cdcbio\/files\/2019\/08\/Aula-Fernanda-e1565119498559-350x400.jpg\" alt=\"\" width=\"328\" height=\"375\" srcset=\"https:\/\/wp.ufpel.edu.br\/cdcbio\/files\/2019\/08\/Aula-Fernanda-e1565119498559-350x400.jpg 350w, https:\/\/wp.ufpel.edu.br\/cdcbio\/files\/2019\/08\/Aula-Fernanda-e1565119498559.jpg 406w\" sizes=\"(max-width: 328px) 100vw, 328px\" \/><p id=\"caption-attachment-217\" class=\"wp-caption-text\">Aula pr\u00e1tica do 4\u00b0 semestre do Curso de Odontologia da UCPel com a Prof\u00aa Fernanda Leal.<\/p><\/div>\n<p>&nbsp;<\/p>\n<p>&nbsp;<\/p>\n<div id=\"attachment_205\" style=\"width: 334px\" class=\"wp-caption alignright\"><img aria-describedby=\"caption-attachment-205\" class=\" wp-image-205\" src=\"https:\/\/wp.ufpel.edu.br\/cdcbio\/files\/2019\/07\/IMG_20190717_162605-1-e1563396322881-349x400.jpg\" alt=\"\" width=\"324\" height=\"372\" srcset=\"https:\/\/wp.ufpel.edu.br\/cdcbio\/files\/2019\/07\/IMG_20190717_162605-1-e1563396322881-349x400.jpg 349w, https:\/\/wp.ufpel.edu.br\/cdcbio\/files\/2019\/07\/IMG_20190717_162605-1-e1563396322881-768x880.jpg 768w, https:\/\/wp.ufpel.edu.br\/cdcbio\/files\/2019\/07\/IMG_20190717_162605-1-e1563396322881-894x1024.jpg 894w\" sizes=\"(max-width: 324px) 100vw, 324px\" \/><p id=\"caption-attachment-205\" class=\"wp-caption-text\">Compress\u00e3o diametral em espuma vitrocer\u00e2mica. Doutoranda Marilia Brykalski do PPGCEM\/UFPel<\/p><\/div>\n<div id=\"attachment_204\" style=\"width: 336px\" class=\"wp-caption alignleft\"><img aria-describedby=\"caption-attachment-204\" class=\" wp-image-204\" src=\"https:\/\/wp.ufpel.edu.br\/cdcbio\/files\/2019\/07\/IMG_20190717_143622-e1563395593790-350x400.jpg\" alt=\"\" width=\"326\" height=\"372\" srcset=\"https:\/\/wp.ufpel.edu.br\/cdcbio\/files\/2019\/07\/IMG_20190717_143622-e1563395593790-350x400.jpg 350w, https:\/\/wp.ufpel.edu.br\/cdcbio\/files\/2019\/07\/IMG_20190717_143622-e1563395593790-768x879.jpg 768w, https:\/\/wp.ufpel.edu.br\/cdcbio\/files\/2019\/07\/IMG_20190717_143622-e1563395593790-895x1024.jpg 895w\" sizes=\"(max-width: 326px) 100vw, 326px\" \/><p id=\"caption-attachment-204\" class=\"wp-caption-text\">Flex\u00e3o em tijolos com adi\u00e7\u00e3o de casca de ovo. Doutoranda Francine Nunes do PPGCEM\/UFPel.<\/p><\/div>\n","protected":false},"excerpt":{"rendered":"<p>&nbsp; &nbsp;<\/p>\n","protected":false},"author":741,"featured_media":0,"parent":0,"menu_order":5,"comment_status":"closed","ping_status":"closed","template":"","meta":{"footnotes":""},"class_list":["post-202","page","type-page","status-publish","hentry"],"jetpack_sharing_enabled":true,"_links":{"self":[{"href":"https:\/\/wp.ufpel.edu.br\/cdcbio\/wp-json\/wp\/v2\/pages\/202","targetHints":{"allow":["GET"]}}],"collection":[{"href":"https:\/\/wp.ufpel.edu.br\/cdcbio\/wp-json\/wp\/v2\/pages"}],"about":[{"href":"https:\/\/wp.ufpel.edu.br\/cdcbio\/wp-json\/wp\/v2\/types\/page"}],"author":[{"embeddable":true,"href":"https:\/\/wp.ufpel.edu.br\/cdcbio\/wp-json\/wp\/v2\/users\/741"}],"replies":[{"embeddable":true,"href":"https:\/\/wp.ufpel.edu.br\/cdcbio\/wp-json\/wp\/v2\/comments?post=202"}],"version-history":[{"count":21,"href":"https:\/\/wp.ufpel.edu.br\/cdcbio\/wp-json\/wp\/v2\/pages\/202\/revisions"}],"predecessor-version":[{"id":243,"href":"https:\/\/wp.ufpel.edu.br\/cdcbio\/wp-json\/wp\/v2\/pages\/202\/revisions\/243"}],"wp:attachment":[{"href":"https:\/\/wp.ufpel.edu.br\/cdcbio\/wp-json\/wp\/v2\/media?parent=202"}],"curies":[{"name":"wp","href":"https:\/\/api.w.org\/{rel}","templated":true}]}}