{"id":173,"date":"2025-04-11T15:27:35","date_gmt":"2025-04-11T18:27:35","guid":{"rendered":"https:\/\/wp.ufpel.edu.br\/cdcbio\/?page_id=173"},"modified":"2025-04-14T13:20:40","modified_gmt":"2025-04-14T16:20:40","slug":"o-cdc-bio","status":"publish","type":"page","link":"https:\/\/wp.ufpel.edu.br\/cdcbio\/o-cdc-bio\/","title":{"rendered":"Sobre o CDC-Bio"},"content":{"rendered":"<p><span style=\"font-weight: 400;\">O Centro de Desenvolvimento e Controle de Biomateriais (CDC-Bio)<\/span><span style=\"font-weight: 400;\"> constitui-se em um Laborat\u00f3rio de\u00a0 Pesquisa, Ensino e Extens\u00e3o em Biomateriais, que comp\u00f5e a estrutura de apoio \u00e0 pesquisa e promo\u00e7\u00e3o da inova\u00e7\u00e3o de gradua\u00e7\u00e3o, p\u00f3s-gradua\u00e7\u00e3o e extens\u00e3o da Universidade Federal de Pelotas (UFPel).<\/span><\/p>\n<p><span style=\"font-weight: 400;\">Nosso objetivo \u00e9 contribuir para o desenvolvimento da pesquisa, inicia\u00e7\u00e3o cient\u00edfica e tecnol\u00f3gica em conformidade com o Regimento Geral da Infraestrutura Multiusu\u00e1ria em Pesquisa da Universidade Federal de Pelotas, por\u00a0 meio de atividades de pesquisa, ensino e inova\u00e7\u00e3o\/extens\u00e3o relacionadas \u00e0 Biomateriais.\u00a0\u00a0<\/span><\/p>\n","protected":false},"excerpt":{"rendered":"<p>O Centro de Desenvolvimento e Controle de Biomateriais (CDC-Bio) constitui-se em um Laborat\u00f3rio de\u00a0 Pesquisa, Ensino e Extens\u00e3o em Biomateriais, que comp\u00f5e a estrutura de apoio \u00e0 pesquisa e promo\u00e7\u00e3o da inova\u00e7\u00e3o de gradua\u00e7\u00e3o, p\u00f3s-gradua\u00e7\u00e3o e extens\u00e3o da Universidade Federal de Pelotas (UFPel). Nosso objetivo \u00e9 contribuir para o desenvolvimento da pesquisa, inicia\u00e7\u00e3o cient\u00edfica e [&hellip;]<\/p>\n","protected":false},"author":741,"featured_media":0,"parent":0,"menu_order":1,"comment_status":"closed","ping_status":"closed","template":"","meta":{"footnotes":""},"class_list":["post-173","page","type-page","status-publish","hentry"],"jetpack_sharing_enabled":true,"_links":{"self":[{"href":"https:\/\/wp.ufpel.edu.br\/cdcbio\/wp-json\/wp\/v2\/pages\/173","targetHints":{"allow":["GET"]}}],"collection":[{"href":"https:\/\/wp.ufpel.edu.br\/cdcbio\/wp-json\/wp\/v2\/pages"}],"about":[{"href":"https:\/\/wp.ufpel.edu.br\/cdcbio\/wp-json\/wp\/v2\/types\/page"}],"author":[{"embeddable":true,"href":"https:\/\/wp.ufpel.edu.br\/cdcbio\/wp-json\/wp\/v2\/users\/741"}],"replies":[{"embeddable":true,"href":"https:\/\/wp.ufpel.edu.br\/cdcbio\/wp-json\/wp\/v2\/comments?post=173"}],"version-history":[{"count":3,"href":"https:\/\/wp.ufpel.edu.br\/cdcbio\/wp-json\/wp\/v2\/pages\/173\/revisions"}],"predecessor-version":[{"id":267,"href":"https:\/\/wp.ufpel.edu.br\/cdcbio\/wp-json\/wp\/v2\/pages\/173\/revisions\/267"}],"wp:attachment":[{"href":"https:\/\/wp.ufpel.edu.br\/cdcbio\/wp-json\/wp\/v2\/media?parent=173"}],"curies":[{"name":"wp","href":"https:\/\/api.w.org\/{rel}","templated":true}]}}