{"id":151,"date":"2019-07-05T16:43:23","date_gmt":"2019-07-05T19:43:23","guid":{"rendered":"https:\/\/wp.ufpel.edu.br\/cdcbio\/?page_id=151"},"modified":"2019-07-12T13:44:20","modified_gmt":"2019-07-12T16:44:20","slug":"speedmixer","status":"publish","type":"page","link":"https:\/\/wp.ufpel.edu.br\/cdcbio\/equipamentos\/speedmixer\/","title":{"rendered":"Misturador de Alta Frequ\u00eancia"},"content":{"rendered":"<p style=\"text-align: justify\"><img class=\"wp-image-152 alignleft\" src=\"https:\/\/wp.ufpel.edu.br\/cdcbio\/files\/2019\/07\/SpeedMixer-279x400.png\" alt=\"\" width=\"149\" height=\"214\" srcset=\"https:\/\/wp.ufpel.edu.br\/cdcbio\/files\/2019\/07\/SpeedMixer-279x400.png 279w, https:\/\/wp.ufpel.edu.br\/cdcbio\/files\/2019\/07\/SpeedMixer.png 482w\" sizes=\"(max-width: 149px) 100vw, 149px\" \/><\/p>\n<p>&nbsp;<\/p>\n<p>Realiza a mistura de subst\u00e2ncias de maneira r\u00e1pida, homog\u00eanea e sem incorpora\u00e7\u00e3o de bolhas atrav\u00e9s da dupla rota\u00e7\u00e3o recipiente de mistura.<\/p>\n<p><strong>Velocidade:<\/strong>\u00a0Vari\u00e1vel 300-3500 rpm<br \/>\n<strong>Tempo de mistura:<\/strong>\u00a05 segundos a 5 minutos<br \/>\n<strong>Capacidade de mistura:<\/strong>\u00a05 gramas a 100 gramas<\/p>\n<p>&nbsp;<\/p>\n<p><span style=\"font-size: 8pt\">Fonte: speedmixer.com<\/span><\/p>\n","protected":false},"excerpt":{"rendered":"<p>&nbsp; Realiza a mistura de subst\u00e2ncias de maneira r\u00e1pida, homog\u00eanea e sem incorpora\u00e7\u00e3o de bolhas atrav\u00e9s da dupla rota\u00e7\u00e3o recipiente de mistura. Velocidade:\u00a0Vari\u00e1vel 300-3500 rpm Tempo de mistura:\u00a05 segundos a 5 minutos Capacidade de mistura:\u00a05 gramas a 100 gramas &nbsp; Fonte: speedmixer.com<\/p>\n","protected":false},"author":741,"featured_media":0,"parent":65,"menu_order":0,"comment_status":"closed","ping_status":"closed","template":"","meta":{"footnotes":""},"class_list":["post-151","page","type-page","status-publish","hentry"],"jetpack_sharing_enabled":true,"_links":{"self":[{"href":"https:\/\/wp.ufpel.edu.br\/cdcbio\/wp-json\/wp\/v2\/pages\/151","targetHints":{"allow":["GET"]}}],"collection":[{"href":"https:\/\/wp.ufpel.edu.br\/cdcbio\/wp-json\/wp\/v2\/pages"}],"about":[{"href":"https:\/\/wp.ufpel.edu.br\/cdcbio\/wp-json\/wp\/v2\/types\/page"}],"author":[{"embeddable":true,"href":"https:\/\/wp.ufpel.edu.br\/cdcbio\/wp-json\/wp\/v2\/users\/741"}],"replies":[{"embeddable":true,"href":"https:\/\/wp.ufpel.edu.br\/cdcbio\/wp-json\/wp\/v2\/comments?post=151"}],"version-history":[{"count":3,"href":"https:\/\/wp.ufpel.edu.br\/cdcbio\/wp-json\/wp\/v2\/pages\/151\/revisions"}],"predecessor-version":[{"id":164,"href":"https:\/\/wp.ufpel.edu.br\/cdcbio\/wp-json\/wp\/v2\/pages\/151\/revisions\/164"}],"up":[{"embeddable":true,"href":"https:\/\/wp.ufpel.edu.br\/cdcbio\/wp-json\/wp\/v2\/pages\/65"}],"wp:attachment":[{"href":"https:\/\/wp.ufpel.edu.br\/cdcbio\/wp-json\/wp\/v2\/media?parent=151"}],"curies":[{"name":"wp","href":"https:\/\/api.w.org\/{rel}","templated":true}]}}