{"id":64,"date":"2016-03-07T11:28:29","date_gmt":"2016-03-07T14:28:29","guid":{"rendered":"https:\/\/wp.ufpel.edu.br\/ccz\/?page_id=64"},"modified":"2017-05-03T12:45:26","modified_gmt":"2017-05-03T15:45:26","slug":"estagiarios","status":"publish","type":"page","link":"https:\/\/wp.ufpel.edu.br\/ccz\/integrantes\/estagiarios\/","title":{"rendered":"Alunos Colaboradores"},"content":{"rendered":"<p style=\"text-align: center\">Anieli Muller<\/p>\n<p style=\"text-align: center\"><img class=\"alignnone wp-image-102\" src=\"https:\/\/wp.ufpel.edu.br\/ccz\/files\/2016\/03\/servletrecuperafoto-9.jpg\" alt=\"servletrecuperafoto (9)\" width=\"195\" height=\"146\" \/><\/p>\n<p style=\"text-align: justify\">Graduanda em Medicina Veterin\u00e1ria pela Universidade Federal de Pelotas (in\u00edcio em 2013), estagi\u00e1ria no Centro de Controle de Zoonoses da UFPEL desde 2012 . Foi bolsista de extens\u00e3o (bolsa PROBEC &#8211; UFPEL abril &#8211; dezembro de 2013) e bolsista de extens\u00e3o (bolsa PROBEC-UFPEL) (maio &#8211; junho de 2014)sendo posteriormente bolsista de extens\u00e3o pelo Projeto Assessoria T\u00e9cnica em Sa\u00fade na Produ\u00e7\u00e3o Leiteira de Base Agroecol\u00f3gica em Assentamentos da Reforma Agraria na Regi\u00e3o Sul do Brasil.(julho de 2014 a julho de 2015). Atualmente participa do projeto de extens\u00e3o Avalia\u00e7\u00e3o da qualidade da \u00e1gua em propriedades leiteira na regi\u00e3o de Pelotas, RS.Participa como colaboradora do Projeto de Pesquisa Qualidade da \u00c1gua e Perfil de Resist\u00eancia a Antimicrobianos de Escherichia coli Isolada de \u00c1gua em Propriedades Rurais.Tem experienciaria na \u00e1rea de Medicina Veterin\u00e1ria Preventiva, com \u00eanfase em Microbiologia da \u00e1gua, saneamento e qualidade ambiental.<\/p>\n<p><span style=\"color: #0000ff\"><a href=\"http:\/\/lattes.cnpq.br\/7207984158601565\" target=\"_blank\" rel=\"noopener noreferrer\">http:\/\/lattes.cnpq.br\/7207984158601565<\/a><\/span><\/p>\n<p style=\"text-align: center\">Camila Nereida de Souza<\/p>\n<p style=\"text-align: center\"><img class=\"alignnone size-medium wp-image-99\" src=\"https:\/\/wp.ufpel.edu.br\/ccz\/files\/2016\/03\/servletrecuperafoto-6-424x318.jpg\" alt=\"servletrecuperafoto (6)\" width=\"424\" height=\"318\" srcset=\"https:\/\/wp.ufpel.edu.br\/ccz\/files\/2016\/03\/servletrecuperafoto-6-424x318.jpg 424w, https:\/\/wp.ufpel.edu.br\/ccz\/files\/2016\/03\/servletrecuperafoto-6-212x159.jpg 212w, https:\/\/wp.ufpel.edu.br\/ccz\/files\/2016\/03\/servletrecuperafoto-6-768x576.jpg 768w, https:\/\/wp.ufpel.edu.br\/ccz\/files\/2016\/03\/servletrecuperafoto-6.jpg 960w\" sizes=\"(max-width: 424px) 100vw, 424px\" \/><\/p>\n<p style=\"text-align: justify\">Graduanda dos cursos de Tecnologia em Saneamento Ambiental (IFSul) e Zootecnia (UFPel). Est\u00e1gio obrigat\u00f3rio I feito no N\u00facleo de Estudos em Meio Ambiente (NEMAPel), tendo experi\u00eancia na \u00e1rea de meio ambiente, com foco em compostagem, minhocultura e tratamento de res\u00edduos de peixe. Integrante do Grupo de Estudos em Nutri\u00e7\u00e3o de C\u00e3es e Gatos ( NUTRIPET) desde 2012. Estagi\u00e1ria do Centro de Controle de Zoonoses (CCZ) desde 2013, tendo participado do projeto Avalia\u00e7\u00e3o da Qualidade da \u00c1gua em Propriedades Leiteiras na Regi\u00e3o de Pelotas, RS. Atualmente tem participa\u00e7\u00e3o no projeto Monitoramento da Qualidade da \u00c1gua em Propriedades Leiteiras na Regi\u00e3o Sul do Estado do Rio Grande do Sul.<\/p>\n<p><span style=\"color: #0000ff\"><a href=\"http:\/\/lattes.cnpq.br\/5085191048765368\" target=\"_blank\" rel=\"noopener noreferrer\">http:\/\/lattes.cnpq.br\/5085191048765368<\/a><\/span><\/p>\n<p style=\"text-align: center\">Caroline da Silveira Rockembach<\/p>\n<p style=\"text-align: center\"><img class=\"alignnone size-medium wp-image-100\" src=\"https:\/\/wp.ufpel.edu.br\/ccz\/files\/2016\/03\/servletrecuperafoto-7-424x318.jpg\" alt=\"servletrecuperafoto (7)\" width=\"424\" height=\"318\" srcset=\"https:\/\/wp.ufpel.edu.br\/ccz\/files\/2016\/03\/servletrecuperafoto-7-424x318.jpg 424w, https:\/\/wp.ufpel.edu.br\/ccz\/files\/2016\/03\/servletrecuperafoto-7-212x159.jpg 212w, https:\/\/wp.ufpel.edu.br\/ccz\/files\/2016\/03\/servletrecuperafoto-7-768x576.jpg 768w, https:\/\/wp.ufpel.edu.br\/ccz\/files\/2016\/03\/servletrecuperafoto-7.jpg 960w\" sizes=\"(max-width: 424px) 100vw, 424px\" \/><\/p>\n<p style=\"text-align: justify\">Possui curso-tecnico-profissionalizante em T\u00e9cnico em Agropecuaria pelo Instituto Federal Sul-Rio-Grandense(2013) e ensino-medio-segundo-graupelo Instituto Federal Sul-Rio-Grandense(2013). Atualmente \u00e9 Bolsista de extens\u00e3o PROEXT da Universidade Federal de Pelotas e Estagiaria da Universidade Federal de Pelotas.<\/p>\n<p><span style=\"color: #0000ff\"><a href=\"http:\/\/lattes.cnpq.br\/3256887138825310\" target=\"_blank\" rel=\"noopener noreferrer\">http:\/\/lattes.cnpq.br\/3256887138825310<\/a><\/span><\/p>\n<p style=\"text-align: center\">Jos\u00e9 Raphael Batista Xavier<\/p>\n<p style=\"text-align: center\"><img class=\"alignnone size-full wp-image-101\" src=\"https:\/\/wp.ufpel.edu.br\/ccz\/files\/2016\/03\/servletrecuperafoto-8.jpg\" alt=\"servletrecuperafoto (8)\" width=\"219\" height=\"291\" srcset=\"https:\/\/wp.ufpel.edu.br\/ccz\/files\/2016\/03\/servletrecuperafoto-8.jpg 219w, https:\/\/wp.ufpel.edu.br\/ccz\/files\/2016\/03\/servletrecuperafoto-8-120x159.jpg 120w\" sizes=\"(max-width: 219px) 100vw, 219px\" \/><\/p>\n<p style=\"text-align: justify\">Cursando ultimo semestre de Bacharel em Farm\u00e1cia Generalista e cursando Medicina Veterin\u00e1ria, possui experi\u00eancia na \u00e1rea de Farm\u00e1cia, com \u00eanfase em manipula\u00e7\u00e3o de medicamentos: alop\u00e1ticos, fitoter\u00e1picos e homeop\u00e1ticos, tamb\u00e9m atuou na farm\u00e1cia cl\u00ednica do Hospital S\u00e3o Lucas &#8211; Ribeir\u00e3o Preto na an\u00e1lise de prescri\u00e7\u00f5es m\u00e9dicas, para averiguar poss\u00edveis intera\u00e7\u00f5es medicamentosas. Realizando tamb\u00e9m est\u00e1gio em pesquisa experimental de isquemia em ratos Wistar, mais especificadamente em modelos de glaucoma e acidente vascular encef\u00e1lico na USP de Ribeir\u00e3o Preto.Procura grupos de pesquisa que estejam ligados a transg\u00eanese animal e melhoramento gen\u00e9tico. Atualmente desenvolvendo atividades no grupo de reprodu\u00e7\u00e3o animal da Universidade Federal de Pelotas &#8211; UFPel no ReproPel.<\/p>\n<p><span style=\"color: #0000ff\"><a href=\"http:\/\/lattes.cnpq.br\/9458499151691773\" target=\"_blank\" rel=\"noopener noreferrer\">http:\/\/lattes.cnpq.br\/9458499151691773<\/a><\/span><\/p>\n<p style=\"text-align: center\">Lenise Machado Alves<\/p>\n<p style=\"text-align: center\"><img class=\"alignnone size-medium wp-image-351\" src=\"https:\/\/wp.ufpel.edu.br\/ccz\/files\/2016\/03\/13329648_938259909606097_1498816416_n-318x318.jpg\" alt=\"13329648_938259909606097_1498816416_n\" width=\"318\" height=\"318\" \/><\/p>\n<p style=\"text-align: justify\">\u00c9 graduanda em Medicina Veterin\u00e1ria pela Universidade Federal de Pelotas (in\u00edcio em 2012), estagi\u00e1ria no Centro de Controle de Zoonoses da UFPEL desde 2012 \u00e0 2014, realizando um intervalo de um ano para novo est\u00e1gio no Hospital de Cl\u00ednicas Veterin\u00e1rias da Universidade Federal de Pelotas (HCV-UFPEL), retornando para o Centro de Controle de Zoonoses no in\u00edcio de 2016. Foi bolsista de extens\u00e3o (bolsa PROBEC-UFPEL abril \u00e0 dezembro de 2013) no Projeto Vigil\u00e2ncia e Qualidade da \u00c1gua. Atualmente participa do projeto de extens\u00e3o Avalia\u00e7\u00e3o da qualidade da \u00e1gua em propriedades leiteira na regi\u00e3o de Pelotas, Tem interesse na \u00e1rea da Sa\u00fade P\u00fablica e Veterin\u00e1ria Preventiva.<\/p>\n<p><a href=\"http:\/\/lattes.cnpq.br\/7935551983596692\" target=\"_blank\" rel=\"noopener noreferrer\">http:\/\/lattes.cnpq.br\/7935551983596692<\/a><\/p>\n<p>&nbsp;<\/p>\n","protected":false},"excerpt":{"rendered":"<p>Anieli Muller Graduanda em Medicina Veterin\u00e1ria pela Universidade Federal de Pelotas (in\u00edcio em 2013), estagi\u00e1ria no Centro de Controle de Zoonoses da UFPEL desde 2012 . Foi bolsista de extens\u00e3o (bolsa PROBEC &#8211; UFPEL abril &#8211; dezembro de 2013) e bolsista de extens\u00e3o (bolsa PROBEC-UFPEL) (maio &#8211; junho de 2014)sendo posteriormente bolsista de extens\u00e3o pelo [&hellip;]<\/p>\n","protected":false},"author":618,"featured_media":0,"parent":17,"menu_order":0,"comment_status":"closed","ping_status":"closed","template":"","meta":{"footnotes":""},"class_list":["post-64","page","type-page","status-publish","hentry"],"_links":{"self":[{"href":"https:\/\/wp.ufpel.edu.br\/ccz\/wp-json\/wp\/v2\/pages\/64","targetHints":{"allow":["GET"]}}],"collection":[{"href":"https:\/\/wp.ufpel.edu.br\/ccz\/wp-json\/wp\/v2\/pages"}],"about":[{"href":"https:\/\/wp.ufpel.edu.br\/ccz\/wp-json\/wp\/v2\/types\/page"}],"author":[{"embeddable":true,"href":"https:\/\/wp.ufpel.edu.br\/ccz\/wp-json\/wp\/v2\/users\/618"}],"replies":[{"embeddable":true,"href":"https:\/\/wp.ufpel.edu.br\/ccz\/wp-json\/wp\/v2\/comments?post=64"}],"version-history":[{"count":10,"href":"https:\/\/wp.ufpel.edu.br\/ccz\/wp-json\/wp\/v2\/pages\/64\/revisions"}],"predecessor-version":[{"id":513,"href":"https:\/\/wp.ufpel.edu.br\/ccz\/wp-json\/wp\/v2\/pages\/64\/revisions\/513"}],"up":[{"embeddable":true,"href":"https:\/\/wp.ufpel.edu.br\/ccz\/wp-json\/wp\/v2\/pages\/17"}],"wp:attachment":[{"href":"https:\/\/wp.ufpel.edu.br\/ccz\/wp-json\/wp\/v2\/media?parent=64"}],"curies":[{"name":"wp","href":"https:\/\/api.w.org\/{rel}","templated":true}]}}