{"id":61,"date":"2016-03-07T11:27:23","date_gmt":"2016-03-07T14:27:23","guid":{"rendered":"https:\/\/wp.ufpel.edu.br\/ccz\/?page_id=61"},"modified":"2018-05-08T22:04:02","modified_gmt":"2018-05-09T01:04:02","slug":"residentes","status":"publish","type":"page","link":"https:\/\/wp.ufpel.edu.br\/ccz\/integrantes\/residentes\/","title":{"rendered":"Residentes em Medicina Veterin\u00e1ria &#8211; \u00e1rea de Sa\u00fade Coletiva"},"content":{"rendered":"<p><strong>Residentes 2018-2020:<\/strong><\/p>\n<ol>\n<li>Guilherme da Silva Azevedo:<\/li>\n<\/ol>\n<p>Graduado em Medicina Veterin\u00e1ria pela Universidade Federal de Pelotas (UFPel) em 2017. Foi bolsista da Capes pelo Programa Ci\u00eancias Sem Fronteiras &#8211; Gradua\u00e7\u00e3o Sandu\u00edche. Atuou como bolsista no projeto de inicia\u00e7\u00e3o cient\u00edfica &#8220;Diversidade parasit\u00e1ria de animais silvestres do Rio Grande do Sul&#8221;.<span class=\"texto\">\u00a0(Texto informado pelo autor)<\/span><\/p>\n<p><a href=\"http:\/\/http:\/\/buscatextual.cnpq.br\/buscatextual\/visualizacv.do?id=K4046652J8\">http:\/\/http:\/\/buscatextual.cnpq.br\/buscatextual\/visualizacv.do?id=K4046652J8<\/a><\/p>\n<p>&nbsp;<\/p>\n<p>2. Laura Brenner Colling:<\/p>\n<p>Possui gradua\u00e7\u00e3o em Medicina Veterin\u00e1ria pela Universidade Federal de Pelotas(2016) e ensino-medio-segundo-graupelo Col\u00e9gio Evang\u00e9lico Alberto Torres(2010). Tem experi\u00eancia na \u00e1rea de Medicina Veterin\u00e1ria.\u00a0<span class=\"texto\">(Texto gerado automaticamente pela aplica\u00e7\u00e3o CVLattes)<\/span><\/p>\n<p><a href=\"http:\/\/http:\/\/buscatextual.cnpq.br\/buscatextual\/visualizacv.do?id=K8081948D3\">http:\/\/http:\/\/buscatextual.cnpq.br\/buscatextual\/visualizacv.do?id=K8081948D3<\/a><\/p>\n<p>&nbsp;<\/p>\n<p style=\"text-align: justify\"><strong>Residentes 2016-2018<\/strong><\/p>\n<ol>\n<li style=\"text-align: justify\">Bianca Conrad Bohm:<\/li>\n<\/ol>\n<p style=\"text-align: center\"><img class=\"size-medium wp-image-95 aligncenter\" src=\"https:\/\/wp.ufpel.edu.br\/ccz\/files\/2016\/03\/servletrecuperafoto-4-262x318.jpg\" alt=\"servletrecuperafoto (4)\" width=\"262\" height=\"318\" srcset=\"https:\/\/wp.ufpel.edu.br\/ccz\/files\/2016\/03\/servletrecuperafoto-4-262x318.jpg 262w, https:\/\/wp.ufpel.edu.br\/ccz\/files\/2016\/03\/servletrecuperafoto-4-131x159.jpg 131w, https:\/\/wp.ufpel.edu.br\/ccz\/files\/2016\/03\/servletrecuperafoto-4.jpg 594w\" sizes=\"(max-width: 262px) 100vw, 262px\" \/><\/p>\n<p style=\"text-align: justify\">Formada em Medicina Veterin\u00e1ria pela Universidade Federal de Pelotas (UFPel). Foi bolsista do PET Gest\u00e3o Veterin\u00e1ria, onde atuou junto ao Centro de Controle de Zoonoses da Prefeitura Municipal de Pelotas e o est\u00e1gio curricular foi realizado na 3\u00aa Coordenadoria de Sa\u00fade, situada no munic\u00edpio de Pelotas. Possui experi\u00eancia em doen\u00e7as infecciosas e cl\u00ednica m\u00e9dica de pequenos animais. Ap\u00f3s formada trabalhou na Prefeitura Municipal de Pelotas, junto a Vigil\u00e2ncia Ambiental no setor de Controle e Combate a Dengue. Atualmente \u00e9 Residente em Sa\u00fade Coletiva na Universidade Federal de Pelotas.<\/p>\n<p><a href=\"http:\/\/lattes.cnpq.br\/5976629703440907\" target=\"_blank\" rel=\"noopener\"><span style=\"color: #0000ff\">http:\/\/lattes.cnpq.br\/5976629703440907<\/span><\/a><\/p>\n<p>&nbsp;<\/p>\n<p>2.\u00a0Fernando Missiaggia Eccker:<\/p>\n<p style=\"text-align: center\"><img class=\"alignnone size-medium wp-image-96\" src=\"https:\/\/wp.ufpel.edu.br\/ccz\/files\/2016\/03\/servletrecuperafoto-5-354x318.jpg\" alt=\"servletrecuperafoto (5)\" width=\"354\" height=\"318\" srcset=\"https:\/\/wp.ufpel.edu.br\/ccz\/files\/2016\/03\/servletrecuperafoto-5-354x318.jpg 354w, https:\/\/wp.ufpel.edu.br\/ccz\/files\/2016\/03\/servletrecuperafoto-5-177x159.jpg 177w, https:\/\/wp.ufpel.edu.br\/ccz\/files\/2016\/03\/servletrecuperafoto-5.jpg 689w\" sizes=\"(max-width: 354px) 100vw, 354px\" \/><\/p>\n<p style=\"text-align: justify\">Graduado em Medicina Veterin\u00e1ria na Universidade Federal de Pelotas. Tem experi\u00eancia com Avicultura, tendo atuado em laborat\u00f3rio de patologia avi\u00e1ria e an\u00e1lise de alimentos, e em frigor\u00edfico de exporta\u00e7\u00e3o. Tamb\u00e9m foi bolsista do Programa Vigi\u00e1gua junto \u00e0 Secretaria da Sa\u00fade de Pelotas &#8211; RS durante o ano de 2014. Atualmente \u00e9 Residente em Sa\u00fade Coletiva do Programa de Resid\u00eancia Multiprofissional e em \u00c1rea Profissional da Sa\u00fade (2016-2018).<\/p>\n<p><span style=\"color: #0000ff\"><a href=\"http:\/\/lattes.cnpq.br\/9315580492194224\" target=\"_blank\" rel=\"noopener\">http:\/\/lattes.cnpq.br\/9315580492194224<\/a><\/span><\/p>\n","protected":false},"excerpt":{"rendered":"<p>Residentes 2018-2020: Guilherme da Silva Azevedo: Graduado em Medicina Veterin\u00e1ria pela Universidade Federal de Pelotas (UFPel) em 2017. Foi bolsista da Capes pelo Programa Ci\u00eancias Sem Fronteiras &#8211; Gradua\u00e7\u00e3o Sandu\u00edche. Atuou como bolsista no projeto de inicia\u00e7\u00e3o cient\u00edfica &#8220;Diversidade parasit\u00e1ria de animais silvestres do Rio Grande do Sul&#8221;.\u00a0(Texto informado pelo autor) http:\/\/http:\/\/buscatextual.cnpq.br\/buscatextual\/visualizacv.do?id=K4046652J8 &nbsp; 2. Laura [&hellip;]<\/p>\n","protected":false},"author":618,"featured_media":0,"parent":17,"menu_order":0,"comment_status":"closed","ping_status":"closed","template":"","meta":{"footnotes":""},"class_list":["post-61","page","type-page","status-publish","hentry"],"_links":{"self":[{"href":"https:\/\/wp.ufpel.edu.br\/ccz\/wp-json\/wp\/v2\/pages\/61","targetHints":{"allow":["GET"]}}],"collection":[{"href":"https:\/\/wp.ufpel.edu.br\/ccz\/wp-json\/wp\/v2\/pages"}],"about":[{"href":"https:\/\/wp.ufpel.edu.br\/ccz\/wp-json\/wp\/v2\/types\/page"}],"author":[{"embeddable":true,"href":"https:\/\/wp.ufpel.edu.br\/ccz\/wp-json\/wp\/v2\/users\/618"}],"replies":[{"embeddable":true,"href":"https:\/\/wp.ufpel.edu.br\/ccz\/wp-json\/wp\/v2\/comments?post=61"}],"version-history":[{"count":6,"href":"https:\/\/wp.ufpel.edu.br\/ccz\/wp-json\/wp\/v2\/pages\/61\/revisions"}],"predecessor-version":[{"id":94,"href":"https:\/\/wp.ufpel.edu.br\/ccz\/wp-json\/wp\/v2\/pages\/61\/revisions\/94"}],"up":[{"embeddable":true,"href":"https:\/\/wp.ufpel.edu.br\/ccz\/wp-json\/wp\/v2\/pages\/17"}],"wp:attachment":[{"href":"https:\/\/wp.ufpel.edu.br\/ccz\/wp-json\/wp\/v2\/media?parent=61"}],"curies":[{"name":"wp","href":"https:\/\/api.w.org\/{rel}","templated":true}]}}