{"id":58,"date":"2016-03-07T11:25:12","date_gmt":"2016-03-07T14:25:12","guid":{"rendered":"https:\/\/wp.ufpel.edu.br\/ccz\/?page_id=58"},"modified":"2017-02-11T12:15:31","modified_gmt":"2017-02-11T14:15:31","slug":"o-que-sao-zoonoses","status":"publish","type":"page","link":"https:\/\/wp.ufpel.edu.br\/ccz\/apresentacao-2\/o-que-sao-zoonoses\/","title":{"rendered":"Introdu\u00e7\u00e3o \u00e0s Zoonoses"},"content":{"rendered":"<p style=\"text-align: center\"><strong><u>Zoonoses<\/u><\/strong><\/p>\n<p style=\"text-align: justify\">\u00a0 \u00a0 \u00a0 \u00a0 \u00a0 \u00a0 \u00a0A defini\u00e7\u00e3o cl\u00e1ssica de zoonoses \u00e9 a de doen\u00e7as que s\u00e3o transmitidas de animais para humanos, ou de humanos para os animais. A Organiza\u00e7\u00e3o Mundial da Sa\u00fade (OMS) define a zoonoses como \u201cDoen\u00e7as ou infec\u00e7\u00f5es naturalmente transmiss\u00edveis entre animais vertebrados e seres humanos\u201d (OMS, 2016).<\/p>\n<p style=\"text-align: justify\">\u00a0 \u00a0 \u00a0 \u00a0 \u00a0 \u00a0 \u00a0 A transmiss\u00e3o pode ocorrer de forma direta, principalmente atrav\u00e9s do contato com secre\u00e7\u00f5es (saliva, sangue, urina, fezes) ou contato f\u00edsico como arranhaduras ou mordeduras. De forma indireta, pode acontecer por meio de vetores como mosquitos e pulgas, por contato indireto com secre\u00e7\u00f5es, pelo consumo de alimento contaminado com o agente (viral, bacteriano, f\u00fangico ou parasit\u00e1rio), entre outras (ACHA E SZYFRES, 2001).<\/p>\n<p style=\"text-align: justify\">\u00a0 \u00a0 \u00a0 \u00a0 \u00a0 \u00a0 \u00a0 \u00a0A capacidade de transmiss\u00e3o \u00e9 influenciada pelo per\u00edodo de incuba\u00e7\u00e3o, densidade populacional, pr\u00e1ticas agropecu\u00e1rias, estabilidade do agente, virul\u00eancia do agente (AGUDELO-SUAREZ, 2012).<\/p>\n<p style=\"text-align: justify\">\u00a0 \u00a0 \u00a0 \u00a0 \u00a0 \u00a0 \u00a0 \u00a0 \u00a0 Os agentes respons\u00e1veis por desencadear essas altera\u00e7\u00f5es podem ser microorganismos diversos, tais como, v\u00edrus, bact\u00e9rias, fungos, protozo\u00e1rios entre outros (ACHA E SZYFRES, 2001).<\/p>\n<p style=\"text-align: justify\">\u00a0 \u00a0 \u00a0 \u00a0 \u00a0 \u00a0 \u00a0 \u00a0 \u00a0De acordo com a defini\u00e7\u00e3o de zoonoses proposta pela OMS existem mais de 200 doen\u00e7as transmiss\u00edveis que podem ser caracterizadas como zoonoses (VASCONCELLOS, 2013).<\/p>\n<p>Quadro 1. Classifica\u00e7\u00e3o das zoonoses quanto ao modo de transmiss\u00e3o.<\/p>\n<table style=\"height: 482px\" width=\"592\">\n<tbody>\n<tr>\n<td width=\"192\"><strong>Classifica\u00e7\u00e3o<\/strong><\/td>\n<td width=\"192\"><strong>Defini\u00e7\u00e3o<\/strong><\/td>\n<td width=\"192\"><strong>Exemplo<\/strong><\/td>\n<\/tr>\n<tr>\n<td width=\"192\"><strong>Antropozoonoses<\/strong><\/td>\n<td width=\"192\">\n<p>Doen\u00e7a prim\u00e1ria de animais e que pode ser transmitida aos humanos.<\/p>\n<p>&nbsp;<\/td>\n<td width=\"192\">\n<p>Raiva<\/p>\n<p>Leishmaniose<\/td>\n<\/tr>\n<tr>\n<td width=\"192\">\n<p><strong>Zooanthroponoses: <\/strong><\/p>\n<p><strong>\u00a0<\/strong><\/td>\n<td width=\"192\">\n<p>Doen\u00e7a prim\u00e1ria de humanos e que pode acometer os animais.<\/p>\n<p>&nbsp;<\/td>\n<td width=\"192\">\n<p>Tuberculose em animais pelo <em>Mycobacterium tuberculosis<\/em>, bacilo do tipo humano.<\/p>\n<p>&nbsp;<\/td>\n<\/tr>\n<tr>\n<td width=\"192\">\n<p><strong>Amphixenosis: <\/strong><\/p>\n<p><strong>\u00a0<\/strong><\/td>\n<td width=\"192\">\n<p>Doen\u00e7a que circula entre\u00a0 homens e animais.<\/p>\n<p>&nbsp;<\/td>\n<td width=\"192\">\n<p>Estafilococose.<\/p>\n<p>&nbsp;<\/td>\n<\/tr>\n<\/tbody>\n<\/table>\n<p>&nbsp;<\/p>\n<p><strong>Quadro 2. <\/strong>Classifica\u00e7\u00e3o das zoonoses segundo os ciclos de manuten\u00e7\u00e3o do agente etiol\u00f3gico.<\/p>\n<table>\n<tbody>\n<tr>\n<td width=\"192\"><strong>Classifica\u00e7\u00e3o<\/strong><\/td>\n<td width=\"192\"><strong>Defini\u00e7\u00e3o<\/strong><\/td>\n<td width=\"192\"><strong>Exemplo<\/strong><\/td>\n<\/tr>\n<tr>\n<td width=\"192\"><strong>Zoonoses diretas:<\/strong><\/td>\n<td width=\"192\">O agente pode persistir com passagens sucessivas por uma \u00fanica esp\u00e9cie de animal vertebrado.<\/td>\n<td width=\"192\"><a href=\"http:\/\/portalsaude.saude.gov.br\/index.php\/o-ministerio\/principal\/secretarias\/svs\/raiva\" target=\"_blank\">Raiva<\/a>.<\/td>\n<\/tr>\n<tr>\n<td width=\"192\"><strong>Ciclozoonoses:<\/strong><\/td>\n<td width=\"192\">O agente necessita obrigatoriamente passar por duas esp\u00e9cies distintas de animais vertebrados para que o seu ciclo se complete.<\/td>\n<td width=\"192\">\n<p>Complexo Equinococose-Hidatidose.<\/p>\n<p><a href=\"http:\/\/www.saude.rs.gov.br\/upload\/1335790212_Cartilha%20Ten%C3%ADase.pdf\" target=\"_blank\">Cisticercose<\/a><\/p>\n<p><a href=\"http:\/\/www.saude.rs.gov.br\/upload\/1452531482_Palestra%20sobre%20Hidatidose%20_%20CEVS%20_%20dez%202015.pdf\" target=\"_blank\">Hidatidose<\/a>\u00a0(<a href=\"https:\/\/www.youtube.com\/watch?v=VpM2OugOduk\" target=\"_blank\">v\u00eddeo<\/a>)<\/p>\n<p>&nbsp;<\/td>\n<\/tr>\n<tr>\n<td width=\"192\"><strong>Metazoonoses: <\/strong><\/td>\n<td width=\"192\">O agente necessita passar por hospedeiro invertebrado para que o seu ciclo se complete.<\/td>\n<td width=\"192\">\n<p>Febre Maculosa;<\/p>\n<p><a href=\"http:\/\/bvsms.saude.gov.br\/bvs\/publicacoes\/manual_vigilancia_epid_febre_amarela.pdf\" target=\"_blank\">Febre Amarela<\/a>,<\/p>\n<p>Encefalite Eq\u00fcina Americana; Doen\u00e7a de Chagas, Leishmanioses.<\/td>\n<\/tr>\n<tr>\n<td width=\"192\"><strong>Saprozoonose:<\/strong><\/td>\n<td width=\"192\">O agente necessita passar por transforma\u00e7\u00f5es que ocorrem no ambiente externo em aus\u00eancia de parasitismo.<\/td>\n<td width=\"192\">Toxoplasmose, Toxocar\u00edase.<\/td>\n<\/tr>\n<\/tbody>\n<\/table>\n<p>&nbsp;<\/p>\n<p>.<strong>Bibliografia consultada:<\/strong><\/p>\n<p style=\"text-align: justify\">\u00a0 \u00a0 \u00a0 \u00a0 \u00a0 \u00a0 \u00a0 ACHA, P. N.; SZYFRES, B<strong>. Zoonosis y enfermedades transmisibles comunes al hombre y a los animales. <\/strong>3.ed. Washington: OPAS, 2001. 416p.<\/p>\n<p style=\"text-align: justify\">\u00a0\u00a0\u00a0\u00a0\u00a0\u00a0\u00a0\u00a0\u00a0\u00a0\u00a0 AGUDELO-SUAREZ, Angela N. Aproximaci\u00f3n a la complejidad de las zoonosis en Colombia.<strong>\u00a0<\/strong><strong>Rev. salud p\u00fablica<\/strong>,\u00a0 Bogot\u00e1 ,\u00a0 v. 14,\u00a0n. 2,\u00a0abr.\u00a0 2012 .<\/p>\n<p style=\"text-align: justify\">\u00a0 \u00a0VASCONCELLOS, S. A. 2013. <strong>Zoonoses: Conceito<\/strong>; CEVISA Online. Dispon\u00edvel em: <a href=\"http:\/\/www.praiagrande.sp.gov.br\/arquivos\/cursos_sesap2\/Zoonoses%20Conceito.pdf\">http:\/\/www.praiagrande.sp.gov.br\/arquivos\/cursos_sesap2\/Zoonoses%20Conceito.pdf<\/a>. Acesso em 21 de mar\u00e7o de 2016.<\/p>\n<p style=\"text-align: justify\">\u00a0 \u00a0 \u00a0 \u00a0 \u00a0 \u00a0OMS \u2013 Organiza\u00e7\u00e3o Mundial da Sa\u00fade. <strong>Zoonoses<\/strong>. Dispon\u00edvel em: <a href=\"http:\/\/www.who.int\/topics\/zoonoses\/en\/\">http:\/\/www.who.int\/topics\/zoonoses\/en\/<\/a>. Acesso em 04 de abril de 2016.<\/p>\n<p style=\"text-align: justify\">\n","protected":false},"excerpt":{"rendered":"<p>Zoonoses \u00a0 \u00a0 \u00a0 \u00a0 \u00a0 \u00a0 \u00a0A defini\u00e7\u00e3o cl\u00e1ssica de zoonoses \u00e9 a de doen\u00e7as que s\u00e3o transmitidas de animais para humanos, ou de humanos para os animais. A Organiza\u00e7\u00e3o Mundial da Sa\u00fade (OMS) define a zoonoses como \u201cDoen\u00e7as ou infec\u00e7\u00f5es naturalmente transmiss\u00edveis entre animais vertebrados e seres humanos\u201d (OMS, 2016). \u00a0 \u00a0 \u00a0 [&hellip;]<\/p>\n","protected":false},"author":618,"featured_media":0,"parent":28,"menu_order":0,"comment_status":"closed","ping_status":"closed","template":"","meta":{"footnotes":""},"class_list":["post-58","page","type-page","status-publish","hentry"],"_links":{"self":[{"href":"https:\/\/wp.ufpel.edu.br\/ccz\/wp-json\/wp\/v2\/pages\/58","targetHints":{"allow":["GET"]}}],"collection":[{"href":"https:\/\/wp.ufpel.edu.br\/ccz\/wp-json\/wp\/v2\/pages"}],"about":[{"href":"https:\/\/wp.ufpel.edu.br\/ccz\/wp-json\/wp\/v2\/types\/page"}],"author":[{"embeddable":true,"href":"https:\/\/wp.ufpel.edu.br\/ccz\/wp-json\/wp\/v2\/users\/618"}],"replies":[{"embeddable":true,"href":"https:\/\/wp.ufpel.edu.br\/ccz\/wp-json\/wp\/v2\/comments?post=58"}],"version-history":[{"count":13,"href":"https:\/\/wp.ufpel.edu.br\/ccz\/wp-json\/wp\/v2\/pages\/58\/revisions"}],"predecessor-version":[{"id":463,"href":"https:\/\/wp.ufpel.edu.br\/ccz\/wp-json\/wp\/v2\/pages\/58\/revisions\/463"}],"up":[{"embeddable":true,"href":"https:\/\/wp.ufpel.edu.br\/ccz\/wp-json\/wp\/v2\/pages\/28"}],"wp:attachment":[{"href":"https:\/\/wp.ufpel.edu.br\/ccz\/wp-json\/wp\/v2\/media?parent=58"}],"curies":[{"name":"wp","href":"https:\/\/api.w.org\/{rel}","templated":true}]}}