{"id":47,"date":"2016-03-07T11:21:59","date_gmt":"2016-03-07T14:21:59","guid":{"rendered":"https:\/\/wp.ufpel.edu.br\/ccz\/?page_id=47"},"modified":"2020-03-12T10:03:08","modified_gmt":"2020-03-12T13:03:08","slug":"saneamento","status":"publish","type":"page","link":"https:\/\/wp.ufpel.edu.br\/ccz\/disciplinas\/graduacao\/saneamento\/","title":{"rendered":"Saneamento"},"content":{"rendered":"<p><span style=\"font-family: arial, helvetica, sans-serif\"><strong>Identifica\u00e7\u00e3o:<\/strong> Disciplina: Saneamento \u00a0 \u00a0 \u00a0 \u00a0 \u00a0 \u00a0 \u00a0 \u00a0 \u00a0 \u00a0 \u00a0 \u00a0 \u00a0 \u00a0 \u00a0 \u00a0 \u00a0 \u00a0 \u00a0 \u00a0 \u00a0 \u00a0 \u00a0 \u00a0 \u00a0 \u00a0 \u00a0 \u00a0 \u00a0 \u00a0 \u00a0<strong> \u00a0C\u00f3digo:<\/strong> 0520020<\/span><\/p>\n<p><span style=\"font-family: arial, helvetica, sans-serif\"><strong>Unidade:<\/strong> Faculdade de Veterin\u00e1ria<\/span><\/p>\n<p><span style=\"font-family: arial, helvetica, sans-serif\"><strong>Respons\u00e1vel:<\/strong> Departamento de Veterin\u00e1ria Preventiva<\/span><\/p>\n<p><span style=\"font-family: arial, helvetica, sans-serif\"><strong>Professor Respons\u00e1vel: <\/strong>Prof. Dra. Fernanda de Rezende Pinto<\/span><\/p>\n<p><span style=\"font-family: arial, helvetica, sans-serif\"><strong>Carga Hor\u00e1ria Total:<\/strong> 54 \u00a0 \u00a0 \u00a0 \u00a0 \u00a0 \u00a0<strong> Te\u00f3rica:<\/strong> 36\u00a0 \u00a0 \u00a0 \u00a0 \u00a0 \u00a0 \u00a0\u00a0<strong> Pr\u00e1tica:<\/strong> 18<\/span><\/p>\n<p>&nbsp;<\/p>\n<p>&nbsp;<\/p>\n<p style=\"text-align: center\"><span style=\"font-size: 18pt\"><em>Em breve novos conte\u00fados e o Plano de <\/em><\/span><\/p>\n<p style=\"text-align: center\"><span style=\"font-size: 18pt\"><em>Ensino da Disciplina 2020\/1<\/em><\/span><\/p>\n<p>&nbsp;<\/p>\n<p><strong>Plano de ensino 2020-1<\/strong><\/p>\n<p><strong>Introdu\u00e7\u00e3o \u00e0 disciplina Saneamento: <a href=\"https:\/\/wp.ufpel.edu.br\/ccz\/files\/2019\/08\/folder_SU.pdf\">folder_SU<\/a><\/strong><\/p>\n<p>&nbsp;<\/p>\n<p>&nbsp;<\/p>\n<p>&nbsp;<\/p>\n<p>&nbsp;<\/p>\n<p>&nbsp;<\/p>\n<p>&nbsp;<\/p>\n","protected":false},"excerpt":{"rendered":"<p>Identifica\u00e7\u00e3o: Disciplina: Saneamento \u00a0 \u00a0 \u00a0 \u00a0 \u00a0 \u00a0 \u00a0 \u00a0 \u00a0 \u00a0 \u00a0 \u00a0 \u00a0 \u00a0 \u00a0 \u00a0 \u00a0 \u00a0 \u00a0 \u00a0 \u00a0 \u00a0 \u00a0 \u00a0 \u00a0 \u00a0 \u00a0 \u00a0 \u00a0 \u00a0 \u00a0 \u00a0C\u00f3digo: 0520020 Unidade: Faculdade de Veterin\u00e1ria Respons\u00e1vel: Departamento de Veterin\u00e1ria Preventiva Professor Respons\u00e1vel: Prof. Dra. Fernanda de Rezende Pinto Carga Hor\u00e1ria [&hellip;]<\/p>\n","protected":false},"author":618,"featured_media":0,"parent":208,"menu_order":0,"comment_status":"closed","ping_status":"closed","template":"","meta":{"footnotes":""},"class_list":["post-47","page","type-page","status-publish","hentry"],"_links":{"self":[{"href":"https:\/\/wp.ufpel.edu.br\/ccz\/wp-json\/wp\/v2\/pages\/47","targetHints":{"allow":["GET"]}}],"collection":[{"href":"https:\/\/wp.ufpel.edu.br\/ccz\/wp-json\/wp\/v2\/pages"}],"about":[{"href":"https:\/\/wp.ufpel.edu.br\/ccz\/wp-json\/wp\/v2\/types\/page"}],"author":[{"embeddable":true,"href":"https:\/\/wp.ufpel.edu.br\/ccz\/wp-json\/wp\/v2\/users\/618"}],"replies":[{"embeddable":true,"href":"https:\/\/wp.ufpel.edu.br\/ccz\/wp-json\/wp\/v2\/comments?post=47"}],"version-history":[{"count":67,"href":"https:\/\/wp.ufpel.edu.br\/ccz\/wp-json\/wp\/v2\/pages\/47\/revisions"}],"predecessor-version":[{"id":912,"href":"https:\/\/wp.ufpel.edu.br\/ccz\/wp-json\/wp\/v2\/pages\/47\/revisions\/912"}],"up":[{"embeddable":true,"href":"https:\/\/wp.ufpel.edu.br\/ccz\/wp-json\/wp\/v2\/pages\/208"}],"wp:attachment":[{"href":"https:\/\/wp.ufpel.edu.br\/ccz\/wp-json\/wp\/v2\/media?parent=47"}],"curies":[{"name":"wp","href":"https:\/\/api.w.org\/{rel}","templated":true}]}}