{"id":44,"date":"2016-03-07T11:21:21","date_gmt":"2016-03-07T14:21:21","guid":{"rendered":"https:\/\/wp.ufpel.edu.br\/ccz\/?page_id=44"},"modified":"2019-11-12T14:14:10","modified_gmt":"2019-11-12T17:14:10","slug":"zoonoses","status":"publish","type":"page","link":"https:\/\/wp.ufpel.edu.br\/ccz\/disciplinas\/graduacao\/zoonoses\/","title":{"rendered":"Zoonoses e Administra\u00e7\u00e3o Sanit\u00e1ria em Sa\u00fade P\u00fablica"},"content":{"rendered":"<p style=\"text-align: left\"><strong>Identifica\u00e7\u00e3o:<\/strong> \u00a0Disciplina: Zoonoses e Administra\u00e7\u00e3o Sanit\u00e1ria em Sa\u00fade P\u00fablica \u00a0 <strong> C<\/strong><strong>\u00f3digo:<\/strong>\u00a0\u00a00520030<\/p>\n<p style=\"text-align: left\"><strong>Unidade:<\/strong> Faculdade de Veterin\u00e1ria<\/p>\n<p style=\"text-align: left\"><strong>Respons\u00e1vel:<\/strong> Departamento de Veterin\u00e1ria Preventiva<\/p>\n<p style=\"text-align: left\"><strong>Professor respons\u00e1vel:<\/strong> Prof. Dr. F\u00e1bio R. Pascoti Brunh<\/p>\n<p style=\"text-align: left\"><strong>Carga hor\u00e1ria total:<\/strong> 04 \u00a0 \u00a0 \u00a0<strong>\u00a0Te\u00f3rica:<\/strong> 02 \u00a0 \u00a0 \u00a0 \u00a0<strong>Pr\u00e1tica:<\/strong> 02<\/p>\n<p style=\"text-align: left\"><strong>Aulas:<\/strong><\/p>\n<h4>Aula sobre <a href=\"https:\/\/wp.ufpel.edu.br\/ccz\/files\/2019\/09\/Larva-migrans-e-Tung\u00edase.pdf\">Larva migrans e Tung\u00edase<\/a><\/h4>\n<h4><a href=\"https:\/\/wp.ufpel.edu.br\/ccz\/files\/2019\/09\/Aula-sobre-Leptospirose-20192.pdf\">Aula sobre Leptospirose 20192<\/a><\/h4>\n<p><strong><a href=\"https:\/\/wp.ufpel.edu.br\/ccz\/files\/2019\/11\/Aula-sobre-Animais-Pe\u00e7onhentos-20192.pdf\">Aula sobre Animais Pe\u00e7onhentos 20192<\/a><\/strong><\/p>\n<p><strong>Aula sobre Brucelose <a href=\"https:\/\/wp.ufpel.edu.br\/ccz\/files\/2019\/10\/Brucelose-sob-o-aspecto-da-sa\u00fade-p\u00fablica.pdf\">Brucelose sob o aspecto da sa\u00fade p\u00fablica<\/a><\/strong><\/p>\n<p><strong>Aulas pr\u00e1ticas sobre Brucelose <a href=\"https:\/\/wp.ufpel.edu.br\/ccz\/files\/2019\/10\/Diagn\u00f3stico-laboratorial-\u2013-Brucelose-2-Me.pdf\">Diagn\u00f3stico laboratorial \u2013 Brucelose 2 Me<\/a> <\/strong><\/p>\n<hr \/>\n<p><strong><a href=\"https:\/\/wp.ufpel.edu.br\/ccz\/files\/2019\/10\/Diagn\u00f3stico-laboratorial-Brucelose-TAAT.pdf\">\u00a0 \u00a0 \u00a0 \u00a0 \u00a0 \u00a0 \u00a0 \u00a0 \u00a0 \u00a0 \u00a0 \u00a0 \u00a0 \u00a0 \u00a0 \u00a0 \u00a0 \u00a0 \u00a0 \u00a0 \u00a0 \u00a0 \u00a0 \u00a0 \u00a0 \u00a0 \u00a0 \u00a0 \u00a0 \u00a0 \u00a0 \u00a0 Diagn\u00f3stico laboratorial &#8211; Brucelose TAAT<\/a><\/strong><\/p>\n<p><strong>Aula sobre Raiva <a href=\"https:\/\/wp.ufpel.edu.br\/ccz\/files\/2016\/03\/RAIVA.pdf\">RAIVA,<\/a><\/strong><\/p>\n<p><strong><a href=\"https:\/\/wp.ufpel.edu.br\/ccz\/files\/2016\/03\/RAIVA.pdf\">\u00a0 \u00a0 \u00a0 \u00a0 \u00a0 \u00a0 \u00a0 \u00a0 \u00a0 \u00a0 \u00a0 \u00a0 \u00a0 \u00a0 \u00a0 \u00a0 \u00a0<\/a><a href=\"https:\/\/wp.ufpel.edu.br\/ccz\/files\/2016\/03\/Raiva-Guia-Minist\u00e9rio-da-Sa\u00fade.pdf\">Raiva Guia Minist\u00e9rio da Sa\u00fade<\/a><\/strong><\/p>\n<p>&nbsp;<\/p>\n<p>&nbsp;<\/p>\n<p style=\"text-align: left\">\n","protected":false},"excerpt":{"rendered":"<p>Identifica\u00e7\u00e3o: \u00a0Disciplina: Zoonoses e Administra\u00e7\u00e3o Sanit\u00e1ria em Sa\u00fade P\u00fablica \u00a0 C\u00f3digo:\u00a0\u00a00520030 Unidade: Faculdade de Veterin\u00e1ria Respons\u00e1vel: Departamento de Veterin\u00e1ria Preventiva Professor respons\u00e1vel: Prof. Dr. F\u00e1bio R. Pascoti Brunh Carga hor\u00e1ria total: 04 \u00a0 \u00a0 \u00a0\u00a0Te\u00f3rica: 02 \u00a0 \u00a0 \u00a0 \u00a0Pr\u00e1tica: 02 Aulas: Aula sobre Larva migrans e Tung\u00edase Aula sobre Leptospirose 20192 Aula sobre Animais [&hellip;]<\/p>\n","protected":false},"author":618,"featured_media":0,"parent":208,"menu_order":0,"comment_status":"closed","ping_status":"closed","template":"","meta":{"footnotes":""},"class_list":["post-44","page","type-page","status-publish","hentry"],"_links":{"self":[{"href":"https:\/\/wp.ufpel.edu.br\/ccz\/wp-json\/wp\/v2\/pages\/44","targetHints":{"allow":["GET"]}}],"collection":[{"href":"https:\/\/wp.ufpel.edu.br\/ccz\/wp-json\/wp\/v2\/pages"}],"about":[{"href":"https:\/\/wp.ufpel.edu.br\/ccz\/wp-json\/wp\/v2\/types\/page"}],"author":[{"embeddable":true,"href":"https:\/\/wp.ufpel.edu.br\/ccz\/wp-json\/wp\/v2\/users\/618"}],"replies":[{"embeddable":true,"href":"https:\/\/wp.ufpel.edu.br\/ccz\/wp-json\/wp\/v2\/comments?post=44"}],"version-history":[{"count":35,"href":"https:\/\/wp.ufpel.edu.br\/ccz\/wp-json\/wp\/v2\/pages\/44\/revisions"}],"predecessor-version":[{"id":885,"href":"https:\/\/wp.ufpel.edu.br\/ccz\/wp-json\/wp\/v2\/pages\/44\/revisions\/885"}],"up":[{"embeddable":true,"href":"https:\/\/wp.ufpel.edu.br\/ccz\/wp-json\/wp\/v2\/pages\/208"}],"wp:attachment":[{"href":"https:\/\/wp.ufpel.edu.br\/ccz\/wp-json\/wp\/v2\/media?parent=44"}],"curies":[{"name":"wp","href":"https:\/\/api.w.org\/{rel}","templated":true}]}}