{"id":277,"date":"2016-05-10T09:02:43","date_gmt":"2016-05-10T12:02:43","guid":{"rendered":"https:\/\/wp.ufpel.edu.br\/ccz\/?page_id=277"},"modified":"2018-05-14T08:44:25","modified_gmt":"2018-05-14T11:44:25","slug":"material-de-apoio","status":"publish","type":"page","link":"https:\/\/wp.ufpel.edu.br\/ccz\/disciplinas\/pos-graduacao\/material-de-apoio\/","title":{"rendered":"Material de apoio"},"content":{"rendered":"<p><a href=\"https:\/\/wp.ufpel.edu.br\/ccz\/files\/2016\/05\/\u00c1gua-e-avicultura-qualidade-em-1\u00ba-lugar.pdf\">\u00c1gua e avicultura qualidade em 1\u00ba lugar<\/a><\/p>\n<p><a href=\"https:\/\/wp.ufpel.edu.br\/ccz\/files\/2016\/05\/aproveitamento-de-\u00e1gua-de-chuva-para-uso-animal_embrapa.pdf\">Aproveitamento de \u00e1gua de chuva para uso animal_embrapa<\/a><\/p>\n<p><a href=\"https:\/\/wp.ufpel.edu.br\/ccz\/files\/2016\/05\/avalia\u00e7\u00e3o-popula\u00e7\u00e3o-canina-ara\u00e7atuba.pdf\">avalia\u00e7\u00e3o popula\u00e7\u00e3o canina ara\u00e7atuba<\/a><\/p>\n<p><a href=\"https:\/\/wp.ufpel.edu.br\/ccz\/files\/2016\/05\/biosseguran\u00e7a-estabelecimentos-veterin\u00e1rios-ribeir\u00e3o-preto.pdf\">Biosseguran\u00e7a estabelecimentos veterin\u00e1rios ribeir\u00e3o preto<\/a><\/p>\n<p><a href=\"https:\/\/wp.ufpel.edu.br\/ccz\/files\/2016\/05\/biosseguran\u00e7a-na-clinica-de-grandes-animais.pdf\">Biosseguran\u00e7a na clinica de grandes animais<\/a><\/p>\n<p><a href=\"https:\/\/wp.ufpel.edu.br\/ccz\/files\/2016\/05\/cartilha-fossa-s\u00e9ptica-biodigestora-embrapa.pdf\">Cartilha fossa s\u00e9ptica biodigestora embrapa<\/a><\/p>\n<p><a href=\"https:\/\/wp.ufpel.edu.br\/ccz\/files\/2016\/05\/Clorao_de_gua_para_propriedades_rurais_Embrapa.pdf\">Clorao_de_gua_para_propriedades_rurais_Embrapa<\/a><\/p>\n<p><a href=\"https:\/\/wp.ufpel.edu.br\/ccz\/files\/2016\/05\/limpeza-caixa-d\u00e1gua_folder_novo.pdf\">limpeza caixa d\u00e1gua_folder_novo<\/a><\/p>\n<p><a href=\"https:\/\/wp.ufpel.edu.br\/ccz\/files\/2016\/05\/livro-gest\u00e3o-de-res\u00edduo-s\u00f3lido.pdf\">livro gest\u00e3o de res\u00edduo s\u00f3lido<\/a><\/p>\n<p><a href=\"https:\/\/wp.ufpel.edu.br\/ccz\/files\/2016\/05\/Manual-de-Coleta-e-amostras-de-agua_CVS.pdf\">Manual de Coleta e amostras de agua_CVS<\/a><\/p>\n<p><a href=\"https:\/\/wp.ufpel.edu.br\/ccz\/files\/2016\/05\/manual-de-saneamento-Funasa-2006.pdf\">manual de saneamento Funasa 2006<\/a><\/p>\n<p><a href=\"https:\/\/wp.ufpel.edu.br\/ccz\/files\/2016\/05\/Manual_Controle-de-Vetores_2.pdf\">Manual_Controle de Vetores_2<\/a><\/p>\n<p><a href=\"https:\/\/wp.ufpel.edu.br\/ccz\/files\/2016\/05\/SANEAMENTO-RURAL_CATI.pdf\">SANEAMENTO RURAL_CATI<\/a><\/p>\n<p><a href=\"https:\/\/wp.ufpel.edu.br\/ccz\/files\/2016\/05\/manual_manejo_morcegos.pdf\">manual_manejo_morcegos<\/a><\/p>\n<p><a href=\"https:\/\/wp.ufpel.edu.br\/ccz\/files\/2016\/05\/RSSS-granja-su\u00ednos-SC.pdf\">RSSS granja su\u00ednos SC<\/a><\/p>\n<p><a href=\"https:\/\/wp.ufpel.edu.br\/ccz\/files\/2016\/05\/Manual_Vigil\u00e2ncia-Ambiental-em-Sa\u00fade.pdf\">Manual_Vigil\u00e2ncia Ambiental em Sa\u00fade<\/a><\/p>\n<p><a href=\"https:\/\/wp.ufpel.edu.br\/ccz\/files\/2016\/05\/saneamento_basico_rural.pdf\">saneamento_basico_rural<\/a><\/p>\n<p><a href=\"https:\/\/wp.ufpel.edu.br\/ccz\/files\/2016\/05\/sinantropicos.pdf\">sinantropicos<\/a><\/p>\n<p><a href=\"https:\/\/wp.ufpel.edu.br\/ccz\/files\/2016\/05\/UMA-PROPOSTA-DE-AN\u00c1LISE-QUALITATIVA-DE-RISCO-APLICADA-AO-GERENCIAMENTO-DE-RES\u00cdDUOS-DE-ATEN\u00c7\u00c3O-ANIMAL.pdf\">UMA PROPOSTA DE AN\u00c1LISE QUALITATIVA DE RISCO APLICADA AO GERENCIAMENTO DE RES\u00cdDUOS DE ATEN\u00c7\u00c3O ANIMAL<\/a><\/p>\n<p><a href=\"https:\/\/wp.ufpel.edu.br\/ccz\/files\/2016\/05\/Utiliza\u00e7\u00e3o-de-uma-Fossa_embrapa.pdf\">Utiliza\u00e7\u00e3o de uma Fossa_embrapa<\/a><\/p>\n","protected":false},"excerpt":{"rendered":"<p>\u00c1gua e avicultura qualidade em 1\u00ba lugar Aproveitamento de \u00e1gua de chuva para uso animal_embrapa avalia\u00e7\u00e3o popula\u00e7\u00e3o canina ara\u00e7atuba Biosseguran\u00e7a estabelecimentos veterin\u00e1rios ribeir\u00e3o preto Biosseguran\u00e7a na clinica de grandes animais Cartilha fossa s\u00e9ptica biodigestora embrapa Clorao_de_gua_para_propriedades_rurais_Embrapa limpeza caixa d\u00e1gua_folder_novo livro gest\u00e3o de res\u00edduo s\u00f3lido Manual de Coleta e amostras de agua_CVS manual de saneamento Funasa [&hellip;]<\/p>\n","protected":false},"author":618,"featured_media":0,"parent":211,"menu_order":0,"comment_status":"closed","ping_status":"closed","template":"","meta":{"footnotes":""},"class_list":["post-277","page","type-page","status-publish","hentry"],"_links":{"self":[{"href":"https:\/\/wp.ufpel.edu.br\/ccz\/wp-json\/wp\/v2\/pages\/277","targetHints":{"allow":["GET"]}}],"collection":[{"href":"https:\/\/wp.ufpel.edu.br\/ccz\/wp-json\/wp\/v2\/pages"}],"about":[{"href":"https:\/\/wp.ufpel.edu.br\/ccz\/wp-json\/wp\/v2\/types\/page"}],"author":[{"embeddable":true,"href":"https:\/\/wp.ufpel.edu.br\/ccz\/wp-json\/wp\/v2\/users\/618"}],"replies":[{"embeddable":true,"href":"https:\/\/wp.ufpel.edu.br\/ccz\/wp-json\/wp\/v2\/comments?post=277"}],"version-history":[{"count":3,"href":"https:\/\/wp.ufpel.edu.br\/ccz\/wp-json\/wp\/v2\/pages\/277\/revisions"}],"predecessor-version":[{"id":301,"href":"https:\/\/wp.ufpel.edu.br\/ccz\/wp-json\/wp\/v2\/pages\/277\/revisions\/301"}],"up":[{"embeddable":true,"href":"https:\/\/wp.ufpel.edu.br\/ccz\/wp-json\/wp\/v2\/pages\/211"}],"wp:attachment":[{"href":"https:\/\/wp.ufpel.edu.br\/ccz\/wp-json\/wp\/v2\/media?parent=277"}],"curies":[{"name":"wp","href":"https:\/\/api.w.org\/{rel}","templated":true}]}}