{"id":25,"date":"2016-03-07T09:58:23","date_gmt":"2016-03-07T12:58:23","guid":{"rendered":"https:\/\/wp.ufpel.edu.br\/ccz\/?page_id=25"},"modified":"2017-05-03T12:38:01","modified_gmt":"2017-05-03T15:38:01","slug":"sites-uteis","status":"publish","type":"page","link":"https:\/\/wp.ufpel.edu.br\/ccz\/material-para-estudo\/sites-uteis\/","title":{"rendered":"Sites \u00fateis"},"content":{"rendered":"<p><span style=\"font-family: 'comic sans ms', sans-serif;color: #000000\">Nesse espa\u00e7o voc\u00ea encontra diversos sites para \u00f3rg\u00e3os brasileiros e internacionais relacionados \u00e0 sa\u00fade p\u00fablica, zoonoses, saneamento e muito mais!<\/span><\/p>\n<p><span style=\"font-family: 'comic sans ms', sans-serif;color: #000000\">Acesse os links e saiba mais sobre os assuntos!<\/span><\/p>\n<p>&nbsp;<\/p>\n<p><span style=\"color: #0000ff\"><a href=\"http:\/\/portalsaude.saude.gov.br\/\" target=\"_blank\" rel=\"noopener noreferrer\">Minist\u00e9rio da Sa\u00fade<\/a><\/span><\/p>\n<p><span style=\"color: #0000ff\"><a href=\"http:\/\/www.crmvrs.gov.br\/\" target=\"_blank\" rel=\"noopener noreferrer\">Conselho Regional de Medicina Veterin\u00e1ria<\/a><\/span><\/p>\n<p><a href=\"http:\/\/www.crmvrs.gov.br\/manuais_rt.php\" target=\"_blank\" rel=\"noopener noreferrer\">Manuais CRMV<\/a><\/p>\n<p><span style=\"color: #0000ff\"><a href=\"http:\/\/portal.cfmv.gov.br\/portal\/\" target=\"_blank\" rel=\"noopener noreferrer\">Conselho Federal de Medicina Veterin\u00e1ria<\/a><\/span><\/p>\n<p><span style=\"color: #0000ff\"><a href=\"http:\/\/www.oie.int\/\" target=\"_blank\" rel=\"noopener noreferrer\">Word Organisation for Animal Health<\/a><\/span><\/p>\n<p><span style=\"color: #0000ff\"><a href=\"http:\/\/www.saude.rs.gov.br\/\" target=\"_blank\" rel=\"noopener noreferrer\">Secretaria Estadual de Sa\u00fade do Rio Grande do Sul<\/a><\/span><\/p>\n<p><span style=\"color: #0000ff\"><a href=\"http:\/\/www.pelotas.rs.gov.br\/vigiagua\/\" target=\"_blank\" rel=\"noopener noreferrer\">Programa de Vigil\u00e2ncia e Controle da \u00c1gua para Consumo Humano &#8211; Prefeitura Municipal de Pelotas<\/a><\/span><\/p>\n<p><span style=\"color: #0000ff\"><a href=\"http:\/\/www.pelotas.rs.gov.br\/centro-zoonoses\/index.php\" target=\"_blank\" rel=\"noopener noreferrer\">Centro de Controle de Zoonoses &#8211; Prefeitura Municipal de Pelotas<\/a><\/span><\/p>\n<p><span style=\"color: #0000ff\"><a href=\"http:\/\/www.pelotas.rs.gov.br\/vigilanciasanitaria\/\" target=\"_blank\" rel=\"noopener noreferrer\">Vigil\u00e2ncia Sanit\u00e1ria &#8211; Prefeitura Municipal dePelotas<\/a><\/span><\/p>\n<p><span style=\"color: #0000ff\"><a href=\"http:\/\/www.fsp.usp.br\/site\/\" target=\"_blank\" rel=\"noopener noreferrer\">Faculdade de Sa\u00fade P\u00fablica<\/a><\/span><\/p>\n<p><span style=\"color: #0000ff\"><a href=\"http:\/\/portal.anvisa.gov.br\/wps\/portal\/anvisa\/home\" target=\"_blank\" rel=\"noopener noreferrer\">Ag\u00eancia Nacional de Vigil\u00e2ncia Sanit\u00e1ria<\/a><\/span><\/p>\n<p><span style=\"color: #0000ff\"><a href=\"http:\/\/www.agricultura.gov.br\/\" target=\"_blank\" rel=\"noopener noreferrer\">Minist\u00e9rio da Agricultura Pecu\u00e1ria e Abastecimento<\/a><\/span><\/p>\n<p><a href=\"http:\/\/lattes.cnpq.br\/\" target=\"_blank\" rel=\"noopener noreferrer\">Plataforma Lattes<\/a><\/p>\n<p><a href=\"http:\/\/www.saude.rs.gov.br\/conteudo\/552\/?Vigil%C3%A2ncia_Ambiental_%3E_N%C3%BAcleo_de_Vigil%C3%A2ncia_dos_Riscos_e_Agravos_Ambientais_Biol%C3%B3gicos\" target=\"_blank\" rel=\"noopener noreferrer\">N\u00facleo de Vigil\u00e2ncia dos Riscos e Agravos Ambientais Biol\u00f3gicos<\/a><\/p>\n<p><a href=\"http:\/\/www.vetsmart.com.br\/blog\/atestados-e-documentos-veterinarios\/\" target=\"_blank\" rel=\"noopener noreferrer\">Atestados e Documentos Veterin\u00e1rios<\/a><\/p>\n<p><a href=\"http:\/\/www.funasa.gov.br\/site\/\" target=\"_blank\" rel=\"noopener noreferrer\">Funda\u00e7\u00e3o Nacional da Sa\u00fade<\/a><\/p>\n","protected":false},"excerpt":{"rendered":"<p>Nesse espa\u00e7o voc\u00ea encontra diversos sites para \u00f3rg\u00e3os brasileiros e internacionais relacionados \u00e0 sa\u00fade p\u00fablica, zoonoses, saneamento e muito mais! Acesse os links e saiba mais sobre os assuntos! &nbsp; Minist\u00e9rio da Sa\u00fade Conselho Regional de Medicina Veterin\u00e1ria Manuais CRMV Conselho Federal de Medicina Veterin\u00e1ria Word Organisation for Animal Health Secretaria Estadual de Sa\u00fade do [&hellip;]<\/p>\n","protected":false},"author":618,"featured_media":0,"parent":170,"menu_order":0,"comment_status":"closed","ping_status":"closed","template":"","meta":{"footnotes":""},"class_list":["post-25","page","type-page","status-publish","hentry"],"_links":{"self":[{"href":"https:\/\/wp.ufpel.edu.br\/ccz\/wp-json\/wp\/v2\/pages\/25","targetHints":{"allow":["GET"]}}],"collection":[{"href":"https:\/\/wp.ufpel.edu.br\/ccz\/wp-json\/wp\/v2\/pages"}],"about":[{"href":"https:\/\/wp.ufpel.edu.br\/ccz\/wp-json\/wp\/v2\/types\/page"}],"author":[{"embeddable":true,"href":"https:\/\/wp.ufpel.edu.br\/ccz\/wp-json\/wp\/v2\/users\/618"}],"replies":[{"embeddable":true,"href":"https:\/\/wp.ufpel.edu.br\/ccz\/wp-json\/wp\/v2\/comments?post=25"}],"version-history":[{"count":13,"href":"https:\/\/wp.ufpel.edu.br\/ccz\/wp-json\/wp\/v2\/pages\/25\/revisions"}],"predecessor-version":[{"id":509,"href":"https:\/\/wp.ufpel.edu.br\/ccz\/wp-json\/wp\/v2\/pages\/25\/revisions\/509"}],"up":[{"embeddable":true,"href":"https:\/\/wp.ufpel.edu.br\/ccz\/wp-json\/wp\/v2\/pages\/170"}],"wp:attachment":[{"href":"https:\/\/wp.ufpel.edu.br\/ccz\/wp-json\/wp\/v2\/media?parent=25"}],"curies":[{"name":"wp","href":"https:\/\/api.w.org\/{rel}","templated":true}]}}