{"id":248,"date":"2016-04-19T10:45:58","date_gmt":"2016-04-19T13:45:58","guid":{"rendered":"https:\/\/wp.ufpel.edu.br\/ccz\/?page_id=248"},"modified":"2016-04-19T11:09:57","modified_gmt":"2016-04-19T14:09:57","slug":"doencas-de-notificacao-obrigatoria-dnc","status":"publish","type":"page","link":"https:\/\/wp.ufpel.edu.br\/ccz\/apresentacao-2\/doencas-de-notificacao-obrigatoria-dnc\/","title":{"rendered":"Doen\u00e7as de Notifica\u00e7\u00e3o Obrigat\u00f3ria (DNC)"},"content":{"rendered":"<p style=\"text-align: center\"><strong>Doen\u00e7as de Notifica\u00e7\u00e3o Obrigat\u00f3ria (DNC)<\/strong><\/p>\n<p style=\"text-align: justify\">\u00a0 \u00a0 \u00a0 \u00a0 \u00a0 \u00a0 \u00a0 O controle, preven\u00e7\u00e3o, esclarecimento e a notifica\u00e7\u00e3o de zoonoses tamb\u00e9m s\u00e3o atribui\u00e7\u00f5es da popula\u00e7\u00e3o, ou seja, qualquer cidad\u00e3o pode notificar a ocorr\u00eancia de um agravo, p<strong>or\u00e9m nem todos realmente conhecem as listas de doen\u00e7as de notifica\u00e7\u00e3o compuls\u00f3ria (DNC) que vigoram no Brasil ou a quem notificar em casos de suspeita e\/ou confirma\u00e7\u00e3o <\/strong>(BRASIL, 2013)<strong><em>.<\/em><\/strong><\/p>\n<p style=\"text-align: justify\">\u00a0\u00a0\u00a0\u00a0\u00a0\u00a0\u00a0\u00a0\u00a0\u00a0\u00a0 As listas de DNC em vig\u00eancia no Brasil s\u00e3o vinculadas principalmente ao Minist\u00e9rio da Sa\u00fade (MS) e Minist\u00e9rio da Agricultura, Pecu\u00e1ria e Abastecimento (MAPA). A Portaria n\u00ba 1.271 (BRASIL, 2014), do MS define as listas de doen\u00e7as, agravos e eventos em sa\u00fade p\u00fablica de notifica\u00e7\u00e3o compuls\u00f3ria em todo o territ\u00f3rio nacional. A inclus\u00e3o de doen\u00e7as nestas listas em geral \u00e9 acordada entre os pa\u00edses membros da Organiza\u00e7\u00e3o Mundial da Sa\u00fade, por\u00e9m, cada pa\u00eds deve elaborar suas listas e seus respectivos programas de controle, preven\u00e7\u00e3o, e erradica\u00e7\u00e3o de enfermidades, al\u00e9m de preparar os sistemas de sa\u00fade e de vigil\u00e2ncia para a aten\u00e7\u00e3o \u00e0 sa\u00fade e notifica\u00e7\u00e3o de casos, baseado no Regulamento Sanit\u00e1rio Internacional (RSI) (BRASIL, 2013).<\/p>\n<p style=\"text-align: justify\">\u00a0\u00a0\u00a0\u00a0\u00a0\u00a0\u00a0\u00a0\u00a0\u00a0\u00a0 Na ocorr\u00eancia de DNC (suspeita e\/ou confirma\u00e7\u00e3o) envolvendo zoonoses e\/ou pequenos animais, deve se notificar a Secretaria de Sa\u00fade municipal atrav\u00e9s de algum dos seguintes \u00f3rg\u00e3os: Vigil\u00e2ncia Epidemiol\u00f3gica, Vigil\u00e2ncia Sanit\u00e1ria, Vigil\u00e2ncia Ambiental, Centro de Controle de Zoonoses (CCZ \u2013 onde existir), Centro Integrado de Vigil\u00e2ncia Toxicol\u00f3gica (CIVITOX \u2013 onde existir) (BRASIL, 2013).<\/p>\n<p style=\"text-align: justify\">\u00a0 \u00a0 \u00a0 \u00a0 \u00a0 \u00a0 \u00a0 \u00a0Nos animais de produ\u00e7\u00e3o, as DNC tamb\u00e9m s\u00e3o regulamentadas pela Instru\u00e7\u00e3o Normativa n\u00famero 50\/2013 (Brasil, 2013). S\u00e3o enfermidades que geralmente fazem parte dos programas nacionais do MAPA, como a Anemia Infecciosa Equina (equinos), Febre Aftosa (bovinos), Peste Su\u00edna Cl\u00e1ssica (su\u00ednos) e Influenza Avi\u00e1ria (aves), vale lembrar tamb\u00e9m que cada estado brasileiro pode normatizar os programas de controle de enfermidades e ter suas listas de doen\u00e7as de notifica\u00e7\u00e3o. Na ocorr\u00eancia (suspeita e\/ou confirma\u00e7\u00e3o) de DNC envolvendo animais de produ\u00e7\u00e3o, deve se notificar o Servi\u00e7o Veterin\u00e1rio Oficial (Defesa Sanit\u00e1ria Animal) do estado onde reside (Secretaria de Agricultura ou equivalente estadual) e\/ou a Superintend\u00eancia do Minist\u00e9rio da Agricultura, Pecu\u00e1ria e Abastecimento do estado (BRASIL, 2013).<\/p>\n<p style=\"text-align: justify\"><strong>\u00a0 \u00a0 \u00a0 \u00a0 \u00a0 \u00a0 \u00a0 Zoonoses de Notifica\u00e7\u00e3o Compuls\u00f3ria presentes na lista de DNC animal<\/strong> (BRASIL, 2013).<\/p>\n<ul>\n<li>Botulismo<\/li>\n<li>Carb\u00fanculo ou Antraz<\/li>\n<li><a href=\"http:\/\/portalsaude.saude.gov.br\/index.php\/o-ministerio\/principal\/secretarias\/svs\/dengue\" target=\"_blank\">Dengue<\/a><\/li>\n<li><a href=\"http:\/\/portalsaude.saude.gov.br\/index.php\/o-ministerio\/principal\/secretarias\/svs\/doenca-de-chagas\" target=\"_blank\">Doen\u00e7a de Chagas<\/a>\u00a0(casos agudos)<\/li>\n<li>Esquistossomose (em \u00e1rea n\u00e3o end\u00eamica)<\/li>\n<li>Febre Maculosa<\/li>\n<li>Febre Tif\u00f3ide<\/li>\n<li>Hantavirose<\/li>\n<li><a href=\"http:\/\/bvsms.saude.gov.br\/bvs\/publicacoes\/manual_vigilancia_controle_leishmaniose_visceral.pdf\" target=\"_blank\">Leishmaniose Visceral<\/a><\/li>\n<li><a href=\"http:\/\/portalsaude.saude.gov.br\/index.php\/o-ministerio\/principal\/secretarias\/svs\/leishmaniose-tegumentar-americana-lta\" target=\"_blank\">Leishmaniose Tegumentar<\/a><\/li>\n<li><a href=\"http:\/\/portalsaude.saude.gov.br\/index.php\/o-ministerio\/principal\/secretarias\/svs\/leptospirose\" target=\"_blank\">Leptospirose<\/a><\/li>\n<li><a href=\"http:\/\/portalsaude.saude.gov.br\/index.php?option=com_content&amp;view=article&amp;id=10933&amp;Itemid=646\" target=\"_blank\">Mal\u00e1ria<\/a><\/li>\n<li>Raiva Humana<\/li>\n<li>T\u00e9tano<\/li>\n<li><a href=\"http:\/\/portalsaude.saude.gov.br\/index.php?option=com_content&amp;view=article&amp;id=11045&amp;Itemid=674\" target=\"_blank\">Tuberculose<\/a><\/li>\n<\/ul>\n<p style=\"text-align: center\"><strong>Por que notificar?<\/strong><\/p>\n<p style=\"text-align: justify\">\u00a0 \u00a0 \u00a0 \u00a0 \u00a0 \u00a0 Devido \u00e0 subnotifica\u00e7\u00e3o n\u00e3o sabemos a real magnitude dos agravos no Brasil, tanto em animais como em humanas. Boa parte da informa\u00e7\u00e3o em sa\u00fade como preval\u00eancia, incid\u00eancia, distribui\u00e7\u00e3o ou ocorr\u00eancia de casos graves \u00e9 oriunda de pesquisas realizadas por Universidades ou Funda\u00e7\u00f5es de Pesquisa. Por\u00e9m h\u00e1 alguns anos vem aumentando a intera\u00e7\u00e3o entre Universidades e \u00d3rg\u00e3os Oficiais de sa\u00fade o que al\u00e9m de melhorar o desenvolvimento dos sistemas de informa\u00e7\u00e3o, os torna mais eficientes o que facilita no monitoramento e elabora\u00e7\u00e3o de medidas de preven\u00e7\u00e3o e controle destes agravos (BRASIL, 2013).<\/p>\n<p style=\"text-align: justify\"><strong>Bibliografia consultada:<\/strong><\/p>\n<p style=\"text-align: justify\">\u00a0\u00a0\u00a0\u00a0\u00a0\u00a0\u00a0\u00a0\u00a0\u00a0\u00a0 BRASIL. Minist\u00e9rio da Sa\u00fade. PORTARIA N\u00ba 1.271, DE 6 DE JUNHO DE 2014. Define a Lista Nacional de Notifica\u00e7\u00e3o Compuls\u00f3ria de doen\u00e7as, agravos e eventos de sa\u00fade p\u00fablica nos servi\u00e7os de sa\u00fade p\u00fablicos e privados em todo o territ\u00f3rio nacional, nos termos do anexo, e d\u00e1 outras provid\u00eancias. <strong>Di\u00e1rio Oficial da Uni\u00e3o<\/strong> p.67-69, se\u00e7\u00e3o 1, 09\/06\/2014. Dispon\u00edvel em http:\/\/bvsms.saude.gov.br\/bvs\/saudelegis\/gm\/2014\/prt1271_06_06_2014.html\u00a0\u00a0 \u00a0\u00a0\u00a0\u00a0\u00a0\u00a0\u00a0\u00a0\u00a0acesso em 31 de mar\u00e7o de 2016.<\/p>\n<p style=\"text-align: justify\">\u00a0\u00a0\u00a0\u00a0\u00a0\u00a0\u00a0\u00a0\u00a0\u00a0\u00a0 BRASIL. Minist\u00e9rio da Agricultura Pecu\u00e1ria E Abastecimento. Instru\u00e7\u00e3o Normativa n\u00b0 50 de 24 de set. de 2013. Lista De Doen\u00e7as De Notifica\u00e7\u00e3o Obrigat\u00f3ria Ao Servi\u00e7o Veterin\u00e1rio Oficial.\u00a0<strong>Di\u00e1rio Oficial da Uni\u00e3o<\/strong>, n. 186, 25 de set. de 2013, Se\u00e7\u00e3o 1, p. 47. Dispon\u00edvel em\u00a0\u00a0 <a href=\"http:\/\/www.agricultura.gov.br\/arq_editor\/file\/0arquivos\/a\/IN%2050%20Lista%20DNO_%20DOU%202013_09_25.pdf\">http:\/\/www.agricultura.gov.br\/arq_editor\/file\/0arquivos\/a\/IN%2050%20Lista%20DNO_%20DOU%202013_09_25.pdf<\/a> acesso em 04 de abril de 2016.<\/p>\n<p style=\"text-align: justify\">\u00a0\u00a0\u00a0\u00a0\u00a0\u00a0\u00a0\u00a0\u00a0\u00a0\u00a0 BRASIL. Minist\u00e9rio da Agricultura, Pecu\u00e1ria e Abastecimento. Manual do Sistema Nacional de Informa\u00e7\u00e3o Zoossanit\u00e1ria \u2013 SIZ \/ <strong>Minist\u00e9rio da Agricultura.<\/strong> Bras\u00edlia: MAPA\/ACS, 2013. 40p.<\/p>\n","protected":false},"excerpt":{"rendered":"<p>Doen\u00e7as de Notifica\u00e7\u00e3o Obrigat\u00f3ria (DNC) \u00a0 \u00a0 \u00a0 \u00a0 \u00a0 \u00a0 \u00a0 O controle, preven\u00e7\u00e3o, esclarecimento e a notifica\u00e7\u00e3o de zoonoses tamb\u00e9m s\u00e3o atribui\u00e7\u00f5es da popula\u00e7\u00e3o, ou seja, qualquer cidad\u00e3o pode notificar a ocorr\u00eancia de um agravo, por\u00e9m nem todos realmente conhecem as listas de doen\u00e7as de notifica\u00e7\u00e3o compuls\u00f3ria (DNC) que vigoram no Brasil ou [&hellip;]<\/p>\n","protected":false},"author":618,"featured_media":0,"parent":28,"menu_order":3,"comment_status":"closed","ping_status":"closed","template":"","meta":{"footnotes":""},"class_list":["post-248","page","type-page","status-publish","hentry"],"_links":{"self":[{"href":"https:\/\/wp.ufpel.edu.br\/ccz\/wp-json\/wp\/v2\/pages\/248","targetHints":{"allow":["GET"]}}],"collection":[{"href":"https:\/\/wp.ufpel.edu.br\/ccz\/wp-json\/wp\/v2\/pages"}],"about":[{"href":"https:\/\/wp.ufpel.edu.br\/ccz\/wp-json\/wp\/v2\/types\/page"}],"author":[{"embeddable":true,"href":"https:\/\/wp.ufpel.edu.br\/ccz\/wp-json\/wp\/v2\/users\/618"}],"replies":[{"embeddable":true,"href":"https:\/\/wp.ufpel.edu.br\/ccz\/wp-json\/wp\/v2\/comments?post=248"}],"version-history":[{"count":4,"href":"https:\/\/wp.ufpel.edu.br\/ccz\/wp-json\/wp\/v2\/pages\/248\/revisions"}],"predecessor-version":[{"id":256,"href":"https:\/\/wp.ufpel.edu.br\/ccz\/wp-json\/wp\/v2\/pages\/248\/revisions\/256"}],"up":[{"embeddable":true,"href":"https:\/\/wp.ufpel.edu.br\/ccz\/wp-json\/wp\/v2\/pages\/28"}],"wp:attachment":[{"href":"https:\/\/wp.ufpel.edu.br\/ccz\/wp-json\/wp\/v2\/media?parent=248"}],"curies":[{"name":"wp","href":"https:\/\/api.w.org\/{rel}","templated":true}]}}