{"id":221,"date":"2016-04-11T11:38:10","date_gmt":"2016-04-11T14:38:10","guid":{"rendered":"https:\/\/wp.ufpel.edu.br\/ccz\/?page_id=221"},"modified":"2017-05-03T12:52:10","modified_gmt":"2017-05-03T15:52:10","slug":"pesquisa","status":"publish","type":"page","link":"https:\/\/wp.ufpel.edu.br\/ccz\/pesquisa\/","title":{"rendered":"Pesquisa &#8211; Ensino &#8211; Extens\u00e3o"},"content":{"rendered":"<p><span style=\"color: #000000;font-family: 'comic sans ms', sans-serif\">Nesse espa\u00e7o voc\u00ea encontra informa\u00e7\u00f5es sobre os projetos de pesquisa, ensino e extens\u00e3o desenvolvidos pela equipe do Centro de Controle de Zoonoses da UFPel.<\/span><\/p>\n<p><span style=\"color: #000000;font-family: 'comic sans ms', sans-serif\">Venha participar conosco das atividades desenvolvidas!<\/span><\/p>\n","protected":false},"excerpt":{"rendered":"<p>Nesse espa\u00e7o voc\u00ea encontra informa\u00e7\u00f5es sobre os projetos de pesquisa, ensino e extens\u00e3o desenvolvidos pela equipe do Centro de Controle de Zoonoses da UFPel. Venha participar conosco das atividades desenvolvidas!<\/p>\n","protected":false},"author":618,"featured_media":0,"parent":0,"menu_order":0,"comment_status":"closed","ping_status":"closed","template":"","meta":{"footnotes":""},"class_list":["post-221","page","type-page","status-publish","hentry"],"_links":{"self":[{"href":"https:\/\/wp.ufpel.edu.br\/ccz\/wp-json\/wp\/v2\/pages\/221","targetHints":{"allow":["GET"]}}],"collection":[{"href":"https:\/\/wp.ufpel.edu.br\/ccz\/wp-json\/wp\/v2\/pages"}],"about":[{"href":"https:\/\/wp.ufpel.edu.br\/ccz\/wp-json\/wp\/v2\/types\/page"}],"author":[{"embeddable":true,"href":"https:\/\/wp.ufpel.edu.br\/ccz\/wp-json\/wp\/v2\/users\/618"}],"replies":[{"embeddable":true,"href":"https:\/\/wp.ufpel.edu.br\/ccz\/wp-json\/wp\/v2\/comments?post=221"}],"version-history":[{"count":4,"href":"https:\/\/wp.ufpel.edu.br\/ccz\/wp-json\/wp\/v2\/pages\/221\/revisions"}],"predecessor-version":[{"id":517,"href":"https:\/\/wp.ufpel.edu.br\/ccz\/wp-json\/wp\/v2\/pages\/221\/revisions\/517"}],"wp:attachment":[{"href":"https:\/\/wp.ufpel.edu.br\/ccz\/wp-json\/wp\/v2\/media?parent=221"}],"curies":[{"name":"wp","href":"https:\/\/api.w.org\/{rel}","templated":true}]}}