{"id":211,"date":"2016-04-11T11:23:20","date_gmt":"2016-04-11T14:23:20","guid":{"rendered":"https:\/\/wp.ufpel.edu.br\/ccz\/?page_id=211"},"modified":"2018-05-09T20:12:43","modified_gmt":"2018-05-09T23:12:43","slug":"pos-graduacao","status":"publish","type":"page","link":"https:\/\/wp.ufpel.edu.br\/ccz\/disciplinas\/pos-graduacao\/","title":{"rendered":"Resid\u00eancia em Med. Veterin\u00e1ria &#8211; Sa\u00fade Coletiva"},"content":{"rendered":"<p><span style=\"color: #0000ff\"><strong>P\u00e1gina com informa\u00e7\u00f5es sobre as disciplinas\u00a0Semin\u00e1rio em Sa\u00fade P\u00fablica III \u2013 2018-1 e\u00a0Semin\u00e1rio em Sa\u00fade P\u00fablica IV \u2013 2018-1<\/strong><\/span><\/p>\n<p>&nbsp;<\/p>\n<p><strong>1) Semin\u00e1rio em Sa\u00fade P\u00fablica III \u2013 2018-1:<\/strong><\/p>\n<p><span style=\"color: #ff00ff\">Material sobre estudos de contaminantes qu\u00edmicos em \u00e1gua de abastecimento humano:<\/span><\/p>\n<p><a href=\"https:\/\/wp.ufpel.edu.br\/ccz\/files\/2018\/05\/Estudo-revela-grave-contamina\u00e7\u00e3o-na-\u00e1gua-que-chega-\u00e0-sua-casa.pdf\">Estudo revela grave contamina\u00e7\u00e3o na \u00e1gua que chega \u00e0 sua casa<\/a><\/p>\n<p><a href=\"https:\/\/wp.ufpel.edu.br\/ccz\/files\/2018\/05\/Santo-Andre-agua-parecer-Sonia-Hess-03-outubro.pdf\">Santo Andre agua parecer Sonia Hess 03 outubro<\/a><\/p>\n<p><a href=\"https:\/\/wp.ufpel.edu.br\/ccz\/files\/2018\/05\/v22n8a08.pdf\">v22n8a08<\/a><\/p>\n<p><span style=\"color: #ff00ff\">Material sobre Ecologia e Sa\u00fade:\u00a0<\/span><\/p>\n<p><a href=\"https:\/\/wp.ufpel.edu.br\/ccz\/files\/2018\/05\/ecologia-m\u00e9dica-uma-vis\u00e3o-hol\u00edstica.pdf\">ecologia m\u00e9dica uma vis\u00e3o hol\u00edstica<\/a><\/p>\n<p><a href=\"https:\/\/wp.ufpel.edu.br\/ccz\/files\/2018\/05\/INTERA\u00c7\u00d5ES-ECOL\u00d3GICAS-E-DOEN\u00c7AS-TRANSMISS\u00cdVEIS.pdf\">INTERA\u00c7\u00d5ES ECOL\u00d3GICAS E DOEN\u00c7AS TRANSMISS\u00cdVEIS<\/a><\/p>\n<p><span style=\"color: #ff0000\"><strong>Cronograma dos semin\u00e1rios:\u00a0<a href=\"https:\/\/wp.ufpel.edu.br\/ccz\/files\/2018\/05\/Cronograma-Disciplina-Semin\u00e1rio-em-Sa\u00fade-P\u00fablica-III-2018-1.doc\">Cronograma Disciplina Semin\u00e1rio em Sa\u00fade P\u00fablica III 2018-1<\/a><\/strong><\/span><\/p>\n<p>&nbsp;<\/p>\n","protected":false},"excerpt":{"rendered":"<p>P\u00e1gina com informa\u00e7\u00f5es sobre as disciplinas\u00a0Semin\u00e1rio em Sa\u00fade P\u00fablica III \u2013 2018-1 e\u00a0Semin\u00e1rio em Sa\u00fade P\u00fablica IV \u2013 2018-1 &nbsp; 1) Semin\u00e1rio em Sa\u00fade P\u00fablica III \u2013 2018-1: Material sobre estudos de contaminantes qu\u00edmicos em \u00e1gua de abastecimento humano: Estudo revela grave contamina\u00e7\u00e3o na \u00e1gua que chega \u00e0 sua casa Santo Andre agua parecer Sonia [&hellip;]<\/p>\n","protected":false},"author":618,"featured_media":0,"parent":21,"menu_order":0,"comment_status":"closed","ping_status":"closed","template":"","meta":{"footnotes":""},"class_list":["post-211","page","type-page","status-publish","hentry"],"_links":{"self":[{"href":"https:\/\/wp.ufpel.edu.br\/ccz\/wp-json\/wp\/v2\/pages\/211","targetHints":{"allow":["GET"]}}],"collection":[{"href":"https:\/\/wp.ufpel.edu.br\/ccz\/wp-json\/wp\/v2\/pages"}],"about":[{"href":"https:\/\/wp.ufpel.edu.br\/ccz\/wp-json\/wp\/v2\/types\/page"}],"author":[{"embeddable":true,"href":"https:\/\/wp.ufpel.edu.br\/ccz\/wp-json\/wp\/v2\/users\/618"}],"replies":[{"embeddable":true,"href":"https:\/\/wp.ufpel.edu.br\/ccz\/wp-json\/wp\/v2\/comments?post=211"}],"version-history":[{"count":11,"href":"https:\/\/wp.ufpel.edu.br\/ccz\/wp-json\/wp\/v2\/pages\/211\/revisions"}],"predecessor-version":[{"id":714,"href":"https:\/\/wp.ufpel.edu.br\/ccz\/wp-json\/wp\/v2\/pages\/211\/revisions\/714"}],"up":[{"embeddable":true,"href":"https:\/\/wp.ufpel.edu.br\/ccz\/wp-json\/wp\/v2\/pages\/21"}],"wp:attachment":[{"href":"https:\/\/wp.ufpel.edu.br\/ccz\/wp-json\/wp\/v2\/media?parent=211"}],"curies":[{"name":"wp","href":"https:\/\/api.w.org\/{rel}","templated":true}]}}