{"id":21,"date":"2016-03-07T09:55:16","date_gmt":"2016-03-07T12:55:16","guid":{"rendered":"https:\/\/wp.ufpel.edu.br\/ccz\/?page_id=21"},"modified":"2017-05-03T13:29:54","modified_gmt":"2017-05-03T16:29:54","slug":"disciplinas","status":"publish","type":"page","link":"https:\/\/wp.ufpel.edu.br\/ccz\/disciplinas\/","title":{"rendered":"Disciplinas"},"content":{"rendered":"<p><span style=\"font-family: 'comic sans ms', sans-serif;color: #000000\">Informa\u00e7\u00f5es para os alunos de gradua\u00e7\u00e3o e p\u00f3s gradua\u00e7\u00e3o sobre as disciplinas ministradas (plano de ensino, cronograma, materiais de apoio).<\/span><\/p>\n","protected":false},"excerpt":{"rendered":"<p>Informa\u00e7\u00f5es para os alunos de gradua\u00e7\u00e3o e p\u00f3s gradua\u00e7\u00e3o sobre as disciplinas ministradas (plano de ensino, cronograma, materiais de apoio).<\/p>\n","protected":false},"author":618,"featured_media":0,"parent":0,"menu_order":0,"comment_status":"closed","ping_status":"closed","template":"","meta":{"footnotes":""},"class_list":["post-21","page","type-page","status-publish","hentry"],"_links":{"self":[{"href":"https:\/\/wp.ufpel.edu.br\/ccz\/wp-json\/wp\/v2\/pages\/21","targetHints":{"allow":["GET"]}}],"collection":[{"href":"https:\/\/wp.ufpel.edu.br\/ccz\/wp-json\/wp\/v2\/pages"}],"about":[{"href":"https:\/\/wp.ufpel.edu.br\/ccz\/wp-json\/wp\/v2\/types\/page"}],"author":[{"embeddable":true,"href":"https:\/\/wp.ufpel.edu.br\/ccz\/wp-json\/wp\/v2\/users\/618"}],"replies":[{"embeddable":true,"href":"https:\/\/wp.ufpel.edu.br\/ccz\/wp-json\/wp\/v2\/comments?post=21"}],"version-history":[{"count":3,"href":"https:\/\/wp.ufpel.edu.br\/ccz\/wp-json\/wp\/v2\/pages\/21\/revisions"}],"predecessor-version":[{"id":522,"href":"https:\/\/wp.ufpel.edu.br\/ccz\/wp-json\/wp\/v2\/pages\/21\/revisions\/522"}],"wp:attachment":[{"href":"https:\/\/wp.ufpel.edu.br\/ccz\/wp-json\/wp\/v2\/media?parent=21"}],"curies":[{"name":"wp","href":"https:\/\/api.w.org\/{rel}","templated":true}]}}