{"id":173,"date":"2016-03-17T11:30:57","date_gmt":"2016-03-17T14:30:57","guid":{"rendered":"https:\/\/wp.ufpel.edu.br\/ccz\/?page_id=173"},"modified":"2019-06-20T19:38:40","modified_gmt":"2019-06-20T22:38:40","slug":"manuais","status":"publish","type":"page","link":"https:\/\/wp.ufpel.edu.br\/ccz\/material-para-estudo\/manuais\/","title":{"rendered":"Manuais"},"content":{"rendered":"<p style=\"text-align: left\"><span style=\"font-family: 'comic sans ms', sans-serif;color: #000000\">Nesse espa\u00e7o voc\u00ea encontra diversos materiais relacionados \u00e0 sa\u00fade \u00fanica, sa\u00fade p\u00fablica, medicina veterin\u00e1ria preventiva, medicina veterin\u00e1ria do coletivo, epidemiologia, saneamento urbano e rural e zoonoses produzidos por \u00f3rg\u00e3os brasileiros como Minist\u00e9rio da Sa\u00fade, Conselho Federal ou Estadual de Medicina Veterin\u00e1ria, EMBRAPA, entre outros.<\/span><\/p>\n<p><span style=\"font-family: 'comic sans ms', sans-serif;color: #000000\">Acesse e saiba mais sobre os assuntos!<\/span><\/p>\n<p>&nbsp;<\/p>\n<p><a href=\"http:\/\/bvsms.saude.gov.br\/bvs\/publicacoes\/10001021559.pdf\" target=\"_blank\" rel=\"noopener noreferrer\">Guia De Bolso &#8211; Doen\u00e7as Infecciosas E Parasit\u00e1rias<\/a><\/p>\n<p><a href=\"https:\/\/wp.ufpel.edu.br\/ccz\/files\/2016\/03\/Caderno_Zoonoses.pdf\" target=\"_blank\" rel=\"noopener noreferrer\">Vigil\u00e2ncia Em Sa\u00fade &#8211; Caderno De Zoonoses<\/a><\/p>\n<p><a href=\"https:\/\/wp.ufpel.edu.br\/ccz\/files\/2016\/03\/FUNASA-MANUAL-SANEAMENTO.pdf\" target=\"_blank\" rel=\"noopener noreferrer\">Funasa &#8211; Manual De Saneamento<\/a><\/p>\n<p><a href=\"https:\/\/wp.ufpel.edu.br\/ccz\/files\/2016\/03\/Guia_Vig_Epid_novo2.pdf\" target=\"_blank\" rel=\"noopener noreferrer\">Guia De Vigil\u00e2ncia Epidemiol\u00f3gica I<\/a><\/p>\n<p><a href=\"https:\/\/wp.ufpel.edu.br\/ccz\/files\/2016\/03\/guia_vig_epi_vol_ll.pdf\" target=\"_blank\" rel=\"noopener noreferrer\">Guia De Vigil\u00e2ncia Epidemiol\u00f3gica II<\/a><\/p>\n<p><a href=\"https:\/\/wp.ufpel.edu.br\/ccz\/files\/2016\/03\/Manual_de_Zoonoses.pdf\" target=\"_blank\" rel=\"noopener noreferrer\">Manual De Zoonoses<\/a><\/p>\n<p><a href=\"https:\/\/wp.ufpel.edu.br\/ccz\/files\/2016\/03\/Manual_de_Zoonoses_I.pdf\" target=\"_blank\" rel=\"noopener noreferrer\">Manual De Zoonoses<\/a><\/p>\n<p><a href=\"https:\/\/wp.ufpel.edu.br\/ccz\/files\/2016\/03\/manual_roedores.pdf\">Manual Roedores<\/a><\/p>\n<p><a href=\"https:\/\/wp.ufpel.edu.br\/ccz\/files\/2016\/03\/manual_pratico_de_analise_de_agua_2.pdf\">Manual Pr\u00e1tico de An\u00e1lise de \u00c1gua<\/a><\/p>\n<p><a href=\"https:\/\/wp.ufpel.edu.br\/ccz\/files\/2016\/03\/eng_avaliTecAgua1.pdf\">Avalia\u00e7\u00e3o T\u00e9cnica Do Controle Da Qualidade Da \u00c1gua Para Consumo Humano Em Servi\u00e7os P\u00fablicos Municipais De Saneamento<\/a><\/p>\n<p><a href=\"https:\/\/wp.ufpel.edu.br\/ccz\/files\/2016\/03\/oficina_comunicacao.pdf\">Oficinas De Educa\u00e7\u00e3o Em Sa\u00fade E Comunica\u00e7\u00e3o<\/a><\/p>\n<p><a href=\"https:\/\/wp.ufpel.edu.br\/ccz\/files\/2016\/03\/GeoSaneamentoBrasil2010.pdf\">VARIA\u00c7\u00c3O GEOGR\u00c1FICA DO SANEAMENTO B\u00c1SICO NO BRASIL EM 2010: DOMIC\u00cdLIOS URBANOS E RURAIS<\/a><\/p>\n<p><a href=\"https:\/\/wp.ufpel.edu.br\/ccz\/files\/2019\/06\/Cartilha-de-Gest\u00e3o-de-Res\u00edduos-de-Servi\u00e7os-de-Sa\u00fade-Animal.pdf\">Cartilha de Gest\u00e3o de Res\u00edduos de Servi\u00e7os de Sa\u00fade Animal<\/a><\/p>\n","protected":false},"excerpt":{"rendered":"<p>Nesse espa\u00e7o voc\u00ea encontra diversos materiais relacionados \u00e0 sa\u00fade \u00fanica, sa\u00fade p\u00fablica, medicina veterin\u00e1ria preventiva, medicina veterin\u00e1ria do coletivo, epidemiologia, saneamento urbano e rural e zoonoses produzidos por \u00f3rg\u00e3os brasileiros como Minist\u00e9rio da Sa\u00fade, Conselho Federal ou Estadual de Medicina Veterin\u00e1ria, EMBRAPA, entre outros. Acesse e saiba mais sobre os assuntos! &nbsp; Guia De Bolso [&hellip;]<\/p>\n","protected":false},"author":618,"featured_media":0,"parent":170,"menu_order":0,"comment_status":"closed","ping_status":"closed","template":"","meta":{"footnotes":""},"class_list":["post-173","page","type-page","status-publish","hentry"],"_links":{"self":[{"href":"https:\/\/wp.ufpel.edu.br\/ccz\/wp-json\/wp\/v2\/pages\/173","targetHints":{"allow":["GET"]}}],"collection":[{"href":"https:\/\/wp.ufpel.edu.br\/ccz\/wp-json\/wp\/v2\/pages"}],"about":[{"href":"https:\/\/wp.ufpel.edu.br\/ccz\/wp-json\/wp\/v2\/types\/page"}],"author":[{"embeddable":true,"href":"https:\/\/wp.ufpel.edu.br\/ccz\/wp-json\/wp\/v2\/users\/618"}],"replies":[{"embeddable":true,"href":"https:\/\/wp.ufpel.edu.br\/ccz\/wp-json\/wp\/v2\/comments?post=173"}],"version-history":[{"count":9,"href":"https:\/\/wp.ufpel.edu.br\/ccz\/wp-json\/wp\/v2\/pages\/173\/revisions"}],"predecessor-version":[{"id":821,"href":"https:\/\/wp.ufpel.edu.br\/ccz\/wp-json\/wp\/v2\/pages\/173\/revisions\/821"}],"up":[{"embeddable":true,"href":"https:\/\/wp.ufpel.edu.br\/ccz\/wp-json\/wp\/v2\/pages\/170"}],"wp:attachment":[{"href":"https:\/\/wp.ufpel.edu.br\/ccz\/wp-json\/wp\/v2\/media?parent=173"}],"curies":[{"name":"wp","href":"https:\/\/api.w.org\/{rel}","templated":true}]}}