{"id":17,"date":"2016-03-07T09:54:44","date_gmt":"2016-03-07T12:54:44","guid":{"rendered":"https:\/\/wp.ufpel.edu.br\/ccz\/?page_id=17"},"modified":"2017-05-03T12:46:38","modified_gmt":"2017-05-03T15:46:38","slug":"integrantes","status":"publish","type":"page","link":"https:\/\/wp.ufpel.edu.br\/ccz\/integrantes\/","title":{"rendered":"Integrantes"},"content":{"rendered":"<p><span style=\"font-family: 'comic sans ms', sans-serif;color: #000000\">Aqui est\u00e1 apresentada a equipe do Centro de Controle de Zoonoses da UFPel.\u00a0<\/span><\/p>\n<p><span style=\"font-family: 'comic sans ms', sans-serif;color: #000000\">Somos docentes, alunos de gradua\u00e7\u00e3o e alunos de p\u00f3s gradua\u00e7\u00e3o que trabalhamos na \u00e1rea de Sa\u00fade P\u00fablica, desenvolvendo atividades de ensino, pesquisa e extens\u00e3o relacionadas \u00e0 epidemiologia, estudos de zoonoses e saneamento rural e urbano.<\/span><\/p>\n<p><span style=\"font-family: 'comic sans ms', sans-serif;color: #000000\">Clique nas abas &#8220;Alunos Colaboradores&#8221;, &#8220;Docentes&#8221; e &#8220;Residentes&#8221; para conhecer o pessoal!<\/span><\/p>\n","protected":false},"excerpt":{"rendered":"<p>Aqui est\u00e1 apresentada a equipe do Centro de Controle de Zoonoses da UFPel.\u00a0 Somos docentes, alunos de gradua\u00e7\u00e3o e alunos de p\u00f3s gradua\u00e7\u00e3o que trabalhamos na \u00e1rea de Sa\u00fade P\u00fablica, desenvolvendo atividades de ensino, pesquisa e extens\u00e3o relacionadas \u00e0 epidemiologia, estudos de zoonoses e saneamento rural e urbano. Clique nas abas &#8220;Alunos Colaboradores&#8221;, &#8220;Docentes&#8221; e [&hellip;]<\/p>\n","protected":false},"author":618,"featured_media":0,"parent":0,"menu_order":0,"comment_status":"closed","ping_status":"closed","template":"","meta":{"footnotes":""},"class_list":["post-17","page","type-page","status-publish","hentry"],"_links":{"self":[{"href":"https:\/\/wp.ufpel.edu.br\/ccz\/wp-json\/wp\/v2\/pages\/17","targetHints":{"allow":["GET"]}}],"collection":[{"href":"https:\/\/wp.ufpel.edu.br\/ccz\/wp-json\/wp\/v2\/pages"}],"about":[{"href":"https:\/\/wp.ufpel.edu.br\/ccz\/wp-json\/wp\/v2\/types\/page"}],"author":[{"embeddable":true,"href":"https:\/\/wp.ufpel.edu.br\/ccz\/wp-json\/wp\/v2\/users\/618"}],"replies":[{"embeddable":true,"href":"https:\/\/wp.ufpel.edu.br\/ccz\/wp-json\/wp\/v2\/comments?post=17"}],"version-history":[{"count":5,"href":"https:\/\/wp.ufpel.edu.br\/ccz\/wp-json\/wp\/v2\/pages\/17\/revisions"}],"predecessor-version":[{"id":514,"href":"https:\/\/wp.ufpel.edu.br\/ccz\/wp-json\/wp\/v2\/pages\/17\/revisions\/514"}],"wp:attachment":[{"href":"https:\/\/wp.ufpel.edu.br\/ccz\/wp-json\/wp\/v2\/media?parent=17"}],"curies":[{"name":"wp","href":"https:\/\/api.w.org\/{rel}","templated":true}]}}