{"id":9091,"date":"2025-10-23T16:30:55","date_gmt":"2025-10-23T19:30:55","guid":{"rendered":"https:\/\/wp.ufpel.edu.br\/ccso\/?page_id=9091"},"modified":"2025-11-28T17:28:25","modified_gmt":"2025-11-28T20:28:25","slug":"mapeamento-de-processos-do-ccso","status":"publish","type":"page","link":"https:\/\/wp.ufpel.edu.br\/ccso\/mapeamento-de-processos-do-ccso\/","title":{"rendered":"Mapeamento de Processos do CCSO"},"content":{"rendered":"<p>Processos mapeados:<\/p>\n<ul>\n<li><a href=\"https:\/\/wp.ufpel.edu.br\/ccso\/files\/2025\/10\/6.-FINAL-Afastamento-a-servico-no-pais-saida-de-campo-23-10-25.pdf\">Afastamento a servi\u00e7o no pa\u00eds &#8211; sa\u00edda de campo<\/a><\/li>\n<li><a href=\"https:\/\/wp.ufpel.edu.br\/ccso\/files\/2025\/11\/6.-FINAL-Conselho-do-CCSO.pdf\">Conselho do CCSO<\/a><\/li>\n<li><a href=\"https:\/\/wp.ufpel.edu.br\/ccso\/files\/2025\/11\/6.-FINAL-Matricula-de-Ingressantes-28-11-25.pdf\">Matr\u00edcula de Ingressantes<\/a><\/li>\n<\/ul>\n","protected":false},"excerpt":{"rendered":"<p>Processos mapeados: Afastamento a servi\u00e7o no pa\u00eds &#8211; sa\u00edda de campo Conselho do CCSO Matr\u00edcula de Ingressantes<\/p>\n","protected":false},"author":1120,"featured_media":0,"parent":0,"menu_order":0,"comment_status":"closed","ping_status":"closed","template":"","meta":{"footnotes":""},"class_list":["post-9091","page","type-page","status-publish","hentry","nodate","item-wrap"],"_links":{"self":[{"href":"https:\/\/wp.ufpel.edu.br\/ccso\/wp-json\/wp\/v2\/pages\/9091","targetHints":{"allow":["GET"]}}],"collection":[{"href":"https:\/\/wp.ufpel.edu.br\/ccso\/wp-json\/wp\/v2\/pages"}],"about":[{"href":"https:\/\/wp.ufpel.edu.br\/ccso\/wp-json\/wp\/v2\/types\/page"}],"author":[{"embeddable":true,"href":"https:\/\/wp.ufpel.edu.br\/ccso\/wp-json\/wp\/v2\/users\/1120"}],"replies":[{"embeddable":true,"href":"https:\/\/wp.ufpel.edu.br\/ccso\/wp-json\/wp\/v2\/comments?post=9091"}],"version-history":[{"count":3,"href":"https:\/\/wp.ufpel.edu.br\/ccso\/wp-json\/wp\/v2\/pages\/9091\/revisions"}],"predecessor-version":[{"id":9129,"href":"https:\/\/wp.ufpel.edu.br\/ccso\/wp-json\/wp\/v2\/pages\/9091\/revisions\/9129"}],"wp:attachment":[{"href":"https:\/\/wp.ufpel.edu.br\/ccso\/wp-json\/wp\/v2\/media?parent=9091"}],"curies":[{"name":"wp","href":"https:\/\/api.w.org\/{rel}","templated":true}]}}