{"id":8735,"date":"2024-03-19T16:42:17","date_gmt":"2024-03-19T19:42:17","guid":{"rendered":"https:\/\/wp.ufpel.edu.br\/ccso\/?page_id=8735"},"modified":"2025-10-23T16:24:56","modified_gmt":"2025-10-23T19:24:56","slug":"convocacoes-e-atas-conselho-do-ccso","status":"publish","type":"page","link":"https:\/\/wp.ufpel.edu.br\/ccso\/servidores\/convocacoes-e-atas-conselho-do-ccso\/","title":{"rendered":"Convoca\u00e7\u00f5es e Atas do  Conselho do CCSO"},"content":{"rendered":"<p><strong>Convoca\u00e7\u00f5es:<\/strong><\/p>\n<p><a href=\"https:\/\/wp.ufpel.edu.br\/ccso\/files\/2024\/03\/Conselho-do-CCSO-do-dia-21-03-2024.pdf\">Conselho do CCSO do dia 21-03-2024<\/a><\/p>\n<p><a href=\"https:\/\/wp.ufpel.edu.br\/ccso\/files\/2024\/04\/Reuniao-Geral.pdf\">Reuni\u00e3o Geral do dia 11\/04\/2024<\/a><\/p>\n<p><a href=\"https:\/\/wp.ufpel.edu.br\/ccso\/files\/2024\/07\/Conselho-do-CCSO-no-dia-11-07-2024.pdf\">Conselho do CCSO no dia 11-07-2024<\/a><\/p>\n","protected":false},"excerpt":{"rendered":"<p>Convoca\u00e7\u00f5es: Conselho do CCSO do dia 21-03-2024 Reuni\u00e3o Geral do dia 11\/04\/2024 Conselho do CCSO no dia 11-07-2024<\/p>\n","protected":false},"author":1120,"featured_media":0,"parent":7283,"menu_order":0,"comment_status":"closed","ping_status":"closed","template":"","meta":{"footnotes":""},"class_list":["post-8735","page","type-page","status-publish","hentry","nodate","item-wrap"],"_links":{"self":[{"href":"https:\/\/wp.ufpel.edu.br\/ccso\/wp-json\/wp\/v2\/pages\/8735","targetHints":{"allow":["GET"]}}],"collection":[{"href":"https:\/\/wp.ufpel.edu.br\/ccso\/wp-json\/wp\/v2\/pages"}],"about":[{"href":"https:\/\/wp.ufpel.edu.br\/ccso\/wp-json\/wp\/v2\/types\/page"}],"author":[{"embeddable":true,"href":"https:\/\/wp.ufpel.edu.br\/ccso\/wp-json\/wp\/v2\/users\/1120"}],"replies":[{"embeddable":true,"href":"https:\/\/wp.ufpel.edu.br\/ccso\/wp-json\/wp\/v2\/comments?post=8735"}],"version-history":[{"count":7,"href":"https:\/\/wp.ufpel.edu.br\/ccso\/wp-json\/wp\/v2\/pages\/8735\/revisions"}],"predecessor-version":[{"id":8772,"href":"https:\/\/wp.ufpel.edu.br\/ccso\/wp-json\/wp\/v2\/pages\/8735\/revisions\/8772"}],"up":[{"embeddable":true,"href":"https:\/\/wp.ufpel.edu.br\/ccso\/wp-json\/wp\/v2\/pages\/7283"}],"wp:attachment":[{"href":"https:\/\/wp.ufpel.edu.br\/ccso\/wp-json\/wp\/v2\/media?parent=8735"}],"curies":[{"name":"wp","href":"https:\/\/api.w.org\/{rel}","templated":true}]}}