{"id":7908,"date":"2022-09-01T15:51:09","date_gmt":"2022-09-01T18:51:09","guid":{"rendered":"https:\/\/wp.ufpel.edu.br\/ccso\/?page_id=7908"},"modified":"2024-06-06T17:57:28","modified_gmt":"2024-06-06T20:57:28","slug":"camara-de-pesquisa-e-inovacao","status":"publish","type":"page","link":"https:\/\/wp.ufpel.edu.br\/ccso\/camara-de-pesquisa-e-inovacao\/","title":{"rendered":"C\u00e2mara de Pesquisa e Inova\u00e7\u00e3o"},"content":{"rendered":"<p><strong>Clique no nome do servidor para visualizar seus projetos.<\/strong><\/p>\n<p>&nbsp;<\/p>\n<p><a href=\"https:\/\/institucional.ufpel.edu.br\/servidores\/id\/29070#projetos\" target=\"_blank\" rel=\"noopener\">ALEXANDRE XAVIER VIEIRA BRAGA<\/a><\/p>\n<p><a href=\"https:\/\/institucional.ufpel.edu.br\/servidores\/id\/405#projetos\" target=\"_blank\" rel=\"noopener\">ALISSON EDUARDO MAEHLER<\/a><\/p>\n<p><a href=\"https:\/\/institucional.ufpel.edu.br\/servidores\/id\/43560#projetos\" target=\"_blank\" rel=\"noopener\">ANA PAULA LEMOS CENTENO<\/a><\/p>\n<p><a href=\"https:\/\/institucional.ufpel.edu.br\/servidores\/id\/77272#projetos\" target=\"_blank\" rel=\"noopener\">ANDYARA LIMA BARBOSA<\/a><\/p>\n<p><a href=\"https:\/\/institucional.ufpel.edu.br\/servidores\/id\/154834#projetos\" target=\"_blank\" rel=\"noopener\">CAROLINE CASALI<\/a><\/p>\n<p><a href=\"https:\/\/institucional.ufpel.edu.br\/servidores\/id\/28256#projetos\" target=\"_blank\" rel=\"noopener\">DALILA MULLER<\/a><\/p>\n<p><a href=\"https:\/\/institucional.ufpel.edu.br\/servidores\/id\/29306#projetos\" target=\"_blank\" rel=\"noopener\">DALILA ROSA HALLAL<\/a><\/p>\n<p><a href=\"https:\/\/institucional.ufpel.edu.br\/servidores\/id\/173964#projetos\" target=\"_blank\" rel=\"noopener\">DANIEL LENA MARCHIORI NETO<\/a><\/p>\n<p><a href=\"https:\/\/institucional.ufpel.edu.br\/servidores\/id\/31937#projetos\" target=\"_blank\" rel=\"noopener\">DARY PRETTO NETO<\/a><\/p>\n<p><a href=\"https:\/\/institucional.ufpel.edu.br\/servidores\/id\/34313#projetos\" target=\"_blank\" rel=\"noopener\">ELVIS SILVEIRA MARTINS<\/a><\/p>\n<p><a href=\"https:\/\/institucional.ufpel.edu.br\/servidores\/id\/32053#projetos\" target=\"_blank\" rel=\"noopener\">FABIANO MILANO FRITZEN<\/a><\/p>\n<p><a href=\"https:\/\/institucional.ufpel.edu.br\/servidores\/id\/27386#projetos\" target=\"_blank\" rel=\"noopener\">FLAVIA BRAGA DE AZAMBUJA<\/a><\/p>\n<p><a href=\"https:\/\/institucional.ufpel.edu.br\/servidores\/id\/981#projetos\" target=\"_blank\" rel=\"noopener\">FRANCIELLE MOLON DA SILVA<\/a><\/p>\n<p><a href=\"https:\/\/institucional.ufpel.edu.br\/servidores\/id\/61993#projetos\" target=\"_blank\" rel=\"noopener\">FRANCINE PINTO DA SILVA JOSEPH<\/a><\/p>\n<p><a href=\"https:\/\/institucional.ufpel.edu.br\/servidores\/id\/139858#projetos\" target=\"_blank\" rel=\"noopener\">GISELE SILVA PEREIRA<\/a><\/p>\n<p><a href=\"https:\/\/institucional.ufpel.edu.br\/servidores\/id\/210427#projetos\">GUILHERME GARCIA VELASQUEZ<\/a><\/p>\n<p><a href=\"https:\/\/institucional.ufpel.edu.br\/servidores\/id\/34390#projetos\">GUSTAVO DA ROSA BORGES<\/a><\/p>\n<p><a href=\"https:\/\/institucional.ufpel.edu.br\/servidores\/id\/27849#projetos\" target=\"_blank\" rel=\"noopener\">ISABEL CRISTINA ROSA BARROS RASIA<\/a><\/p>\n<p><a href=\"https:\/\/institucional.ufpel.edu.br\/servidores\/id\/134841#projetos\" target=\"_blank\" rel=\"noopener\">ISABEL TERESINHA DUTRA SOARES<\/a><\/p>\n<p><a href=\"https:\/\/institucional.ufpel.edu.br\/servidores\/id\/6501#projetos\">LARISSA FERREIRA TAVARES<\/a><\/p>\n<p><a href=\"https:\/\/institucional.ufpel.edu.br\/servidores\/id\/32694#projetos\" target=\"_blank\" rel=\"noopener\">LAURA RUDZEWICZ<\/a><\/p>\n<p><a href=\"https:\/\/institucional.ufpel.edu.br\/servidores\/id\/30589#projetos\" target=\"_blank\" rel=\"noopener\">LUCIANA FLORENTINO NOVO<\/a><\/p>\n<p><a href=\"https:\/\/institucional.ufpel.edu.br\/servidores\/id\/29026#projetos\" target=\"_blank\" rel=\"noopener\">LUCIANA NUNES FERREIRA<\/a><\/p>\n<p><a href=\"https:\/\/institucional.ufpel.edu.br\/servidores\/id\/199940#projetos\">LUCIANO VAZ FERREIRA<\/a><\/p>\n<p><a href=\"https:\/\/institucional.ufpel.edu.br\/servidores\/id\/16462#projetos\">MAIT\u00ca DE SIQUEIRA BRAHM<\/a><\/p>\n<p><a href=\"https:\/\/institucional.ufpel.edu.br\/servidores\/id\/140994#projetos\" target=\"_blank\" rel=\"noopener\">MARCIO BARCELOS<\/a><\/p>\n<p><a href=\"https:\/\/institucional.ufpel.edu.br\/servidores\/id\/36602#projetos\" target=\"_blank\" rel=\"noopener\">MARCIO SILVA RODRIGUES<\/a><\/p>\n<p><a href=\"https:\/\/institucional.ufpel.edu.br\/servidores\/id\/134056#projetos\" target=\"_blank\" rel=\"noopener\">MARI CRISTINA DE FREITAS FAGUNDES<\/a><\/p>\n<p><a href=\"https:\/\/institucional.ufpel.edu.br\/servidores\/id\/26966#projetos\" target=\"_blank\" rel=\"noopener\">MARIA DA GRACA SARAIVA NOGUEIRA<\/a><\/p>\n<p><a href=\"https:\/\/institucional.ufpel.edu.br\/servidores\/id\/30965#projetos\" target=\"_blank\" rel=\"noopener\">MAUREL ROSA DE OLIVEIRA<\/a><\/p>\n<p><a href=\"https:\/\/institucional.ufpel.edu.br\/servidores\/id\/182492#projetos\" target=\"_blank\" rel=\"noopener\">MAURICIO RAGAGNIN PIMENTEL<\/a><\/p>\n<p><a href=\"https:\/\/institucional.ufpel.edu.br\/servidores\/id\/215657#projetos\">PAMELA AMADO TRISTAO<\/a><\/p>\n<p><a href=\"https:\/\/institucional.ufpel.edu.br\/servidores\/id\/4113#projetos\">PATRICIA SCHNEIDER SEVERO<\/a><\/p>\n<p><a href=\"https:\/\/institucional.ufpel.edu.br\/servidores\/id\/145059#projetos\" target=\"_blank\" rel=\"noopener\">PAULO CESAR NEVES BARBOZA<\/a><\/p>\n<p><a href=\"https:\/\/institucional.ufpel.edu.br\/servidores\/id\/170989#projetos\" target=\"_blank\" rel=\"noopener\">PRISCILA NESELLO<\/a><\/p>\n<p><a href=\"https:\/\/institucional.ufpel.edu.br\/servidores\/id\/145509#projetos\" target=\"_blank\" rel=\"noopener\">PRISCILLA TEIXEIRA DA SILVA<\/a><\/p>\n<p><a href=\"https:\/\/institucional.ufpel.edu.br\/servidores\/id\/29423#projetos\" target=\"_blank\" rel=\"noopener\">RODRIGO SERPA PINTO<\/a><\/p>\n<p><a href=\"https:\/\/institucional.ufpel.edu.br\/servidores\/id\/156608#projetos\" target=\"_blank\" rel=\"noopener\">ROSANA DA ROSA PORTELLA TONDOLO<\/a><\/p>\n<p><a href=\"https:\/\/institucional.ufpel.edu.br\/servidores\/id\/200200#projetos\">SIDNEY DANIEL BATISTA<\/a><\/p>\n<p><a href=\"https:\/\/institucional.ufpel.edu.br\/servidores\/id\/27042#projetos\" target=\"_blank\" rel=\"noopener\">SIMONE PORTELLA TEIXEIRA DE MELLO<\/a><\/p>\n<p><a href=\"https:\/\/institucional.ufpel.edu.br\/servidores\/id\/67590#projetos\">TA\u00cdSA GABRIELA SOARES<\/a><\/p>\n<p><a href=\"https:\/\/institucional.ufpel.edu.br\/servidores\/id\/166147#projetos\" target=\"_blank\" rel=\"noopener\">VILMAR ANTONIO GONCALVES TONDOLO<\/a><\/p>\n","protected":false},"excerpt":{"rendered":"<p>Clique no nome do servidor para visualizar seus projetos. &nbsp; ALEXANDRE XAVIER VIEIRA BRAGA ALISSON EDUARDO MAEHLER ANA PAULA LEMOS CENTENO ANDYARA LIMA BARBOSA CAROLINE CASALI DALILA MULLER DALILA ROSA HALLAL DANIEL LENA MARCHIORI NETO DARY PRETTO NETO ELVIS SILVEIRA MARTINS FABIANO MILANO FRITZEN FLAVIA BRAGA DE AZAMBUJA FRANCIELLE MOLON DA SILVA FRANCINE PINTO DA &hellip; <\/p>\n<p><a class=\"more-link btn\" href=\"https:\/\/wp.ufpel.edu.br\/ccso\/camara-de-pesquisa-e-inovacao\/\">Continue lendo<\/a><\/p>\n","protected":false},"author":1120,"featured_media":0,"parent":0,"menu_order":0,"comment_status":"closed","ping_status":"closed","template":"","meta":{"footnotes":""},"class_list":["post-7908","page","type-page","status-publish","hentry","nodate","item-wrap"],"_links":{"self":[{"href":"https:\/\/wp.ufpel.edu.br\/ccso\/wp-json\/wp\/v2\/pages\/7908","targetHints":{"allow":["GET"]}}],"collection":[{"href":"https:\/\/wp.ufpel.edu.br\/ccso\/wp-json\/wp\/v2\/pages"}],"about":[{"href":"https:\/\/wp.ufpel.edu.br\/ccso\/wp-json\/wp\/v2\/types\/page"}],"author":[{"embeddable":true,"href":"https:\/\/wp.ufpel.edu.br\/ccso\/wp-json\/wp\/v2\/users\/1120"}],"replies":[{"embeddable":true,"href":"https:\/\/wp.ufpel.edu.br\/ccso\/wp-json\/wp\/v2\/comments?post=7908"}],"version-history":[{"count":4,"href":"https:\/\/wp.ufpel.edu.br\/ccso\/wp-json\/wp\/v2\/pages\/7908\/revisions"}],"predecessor-version":[{"id":8762,"href":"https:\/\/wp.ufpel.edu.br\/ccso\/wp-json\/wp\/v2\/pages\/7908\/revisions\/8762"}],"wp:attachment":[{"href":"https:\/\/wp.ufpel.edu.br\/ccso\/wp-json\/wp\/v2\/media?parent=7908"}],"curies":[{"name":"wp","href":"https:\/\/api.w.org\/{rel}","templated":true}]}}