{"id":7669,"date":"2022-05-13T15:07:18","date_gmt":"2022-05-13T18:07:18","guid":{"rendered":"https:\/\/wp.ufpel.edu.br\/ccso\/?page_id=7669"},"modified":"2022-05-13T17:29:59","modified_gmt":"2022-05-13T20:29:59","slug":"agenda-das-salas-do-ccso","status":"publish","type":"page","link":"https:\/\/wp.ufpel.edu.br\/ccso\/agenda-das-salas-do-ccso\/","title":{"rendered":"Agenda das Salas do CCSO"},"content":{"rendered":"<p><span style=\"color: #000000;\">Abaixo est\u00e1 dispon\u00edvel a agenda das sala para consulta.<\/span><br \/>\n<span style=\"color: #000000;\">A solicita\u00e7\u00e3o de agendamento das salas de P\u00f3s-Gradua\u00e7\u00e3o do CCSO \u00e9 realizado diretamente na Dire\u00e7\u00e3o da unidade.\u00a0 Contatos: ccso@ufpel.edu.br \/ (53) 3284-3850<\/span><\/p>\n\n<!-- iframe plugin v.6.0 wordpress.org\/plugins\/iframe\/ -->\n<iframe loading=\"lazy\" src=\"https:\/\/calendar.google.com\/calendar\/embed?src=3652fru8r6q4m4ochm5i85ddbc%40group.calendar.google.com&#038;ctz=America%2FSao_Paulo\" style=\"border: 0\" width=\"800\" height=\"600\" frameborder=\"0\" scrolling=\"no\" class=\"iframe-class\"><\/iframe>\n\n<p>&nbsp;<\/p>\n\n<!-- iframe plugin v.6.0 wordpress.org\/plugins\/iframe\/ -->\n<iframe loading=\"lazy\" src=\"https:\/\/calendar.google.com\/calendar\/embed?src=6e0ts2gn1cdgntbglo10s4fkds%40group.calendar.google.com&#038;ctz=America%2FSao_Paulo\" style=\"border: 0\" width=\"800\" height=\"600\" frameborder=\"0\" scrolling=\"no\" class=\"iframe-class\"><\/iframe>\n\n","protected":false},"excerpt":{"rendered":"<p>Abaixo est\u00e1 dispon\u00edvel a agenda das sala para consulta. A solicita\u00e7\u00e3o de agendamento das salas de P\u00f3s-Gradua\u00e7\u00e3o do CCSO \u00e9 realizado diretamente na Dire\u00e7\u00e3o da unidade.\u00a0 Contatos: ccso@ufpel.edu.br \/ (53) 3284-3850 &nbsp;<\/p>\n","protected":false},"author":1120,"featured_media":0,"parent":0,"menu_order":0,"comment_status":"closed","ping_status":"closed","template":"","meta":{"footnotes":""},"class_list":["post-7669","page","type-page","status-publish","hentry","nodate","item-wrap"],"_links":{"self":[{"href":"https:\/\/wp.ufpel.edu.br\/ccso\/wp-json\/wp\/v2\/pages\/7669","targetHints":{"allow":["GET"]}}],"collection":[{"href":"https:\/\/wp.ufpel.edu.br\/ccso\/wp-json\/wp\/v2\/pages"}],"about":[{"href":"https:\/\/wp.ufpel.edu.br\/ccso\/wp-json\/wp\/v2\/types\/page"}],"author":[{"embeddable":true,"href":"https:\/\/wp.ufpel.edu.br\/ccso\/wp-json\/wp\/v2\/users\/1120"}],"replies":[{"embeddable":true,"href":"https:\/\/wp.ufpel.edu.br\/ccso\/wp-json\/wp\/v2\/comments?post=7669"}],"version-history":[{"count":18,"href":"https:\/\/wp.ufpel.edu.br\/ccso\/wp-json\/wp\/v2\/pages\/7669\/revisions"}],"predecessor-version":[{"id":7694,"href":"https:\/\/wp.ufpel.edu.br\/ccso\/wp-json\/wp\/v2\/pages\/7669\/revisions\/7694"}],"wp:attachment":[{"href":"https:\/\/wp.ufpel.edu.br\/ccso\/wp-json\/wp\/v2\/media?parent=7669"}],"curies":[{"name":"wp","href":"https:\/\/api.w.org\/{rel}","templated":true}]}}